{"id":2483,"date":"2019-08-15T02:43:29","date_gmt":"2019-08-15T02:43:29","guid":{"rendered":"https:\/\/www.dwtool.com\/?product=pneumatici-battistrada-profondita-controllo"},"modified":"2025-10-04T06:28:26","modified_gmt":"2025-10-04T06:28:26","slug":"pneumatici-battistrada-profondita-controllo","status":"publish","type":"product","link":"https:\/\/www.dwtool.com\/?product=pneumatici-battistrada-profondita-controllo","title":{"rendered":"Pneumatici Battistrada Profondit\u00e0 Controllo"},"content":{"rendered":"<p><meta name=\"viewport\" content=\"width=device-width, initial-scale=1.0\"><\/p>\n<div style=\"background-color: white !important; border:1px solid #ccc !important; width: 90% !important; padding: 6px !important; margin: auto !important; text-align: left !important; font-size:14px !important; line-height:24px !important;\">Quando si ordina dagli Stati Uniti, i pacchi possono essere soggetti a tasse di importazione e dazi doganali, che l&#8217;acqirente \u00e8 tenuto a pagare.<\/p>\n<h2 style=\"font-size:18px !important;\">Pneumatici Battistrada Profondit\u00e0 Controllo<\/h2>\n<div>Questo foglio informativo sul prodotto \u00e8 stato originariamente stilato in lingua inglese. Si prega di consultare appresso una traduzione automatica dello stesso in lingua italiani. Per ogni domanda, si invita cortesemente a contattarci.<\/div>\n<\/div>\n<p><html><head><\/head><body><font rwr=\"1\" size=\"4\" style=\"font-family:Arial\"><font rwr=\"1\" size=\"4\" style=\"font-family:Arial\"><!--eBayMobile-Description-HTML-->Il misuratore di profondit\u00e0 degli pneumatici misura in 1\/32 &#8220;<\/font><\/font><\/p>\n<div style=\"display: none\">\n<div typeof=\"Product\" vocab=\"https:\/\/schema.org\/\"><span property=\"description\">Il misuratore di profondit\u00e0 degli pneumatici misura in 1\/32 &#8220;<\/span><\/div>\n<\/div>\n<p><\/body><\/html><\/p>\n<table>\n<tbody>\n<tr>\n<td>Brand<\/td>\n<td>Milton<\/td>\n<\/tr>\n<tr>\n<td>Manufacturer Part Number<\/td>\n<td>S448<\/td>\n<\/tr>\n<tr>\n<td>UPC<\/td>\n<td>Does not apply<\/td>\n<\/tr>\n<\/tbody>\n<\/table>\n","protected":false},"excerpt":{"rendered":"<p>Quando si ordina dagli Stati Uniti, i pacchi possono essere soggetti a tasse di importazione e dazi doganali, che l&#8217;acqirente \u00e8 tenuto a pagare. Pneumatici Battistrada Profondit\u00e0 Controllo Questo foglio informativo sul prodotto \u00e8 stato originariamente stilato in lingua inglese. Si prega di consultare appresso una traduzione automatica dello stesso in lingua italiani. Per ogni&#8230;<\/p>\n","protected":false},"featured_media":2484,"comment_status":"closed","ping_status":"closed","template":"","meta":[],"product_brand":[],"product_cat":[21],"product_tag":[],"class_list":{"0":"post-2483","1":"product","2":"type-product","3":"status-publish","4":"has-post-thumbnail","6":"product_cat-other","7":"pa_marca-milton","8":"pa_mpn-s448","10":"first","11":"instock","12":"taxable","13":"shipping-taxable","14":"purchasable","15":"product-type-simple"},"_links":{"self":[{"href":"https:\/\/www.dwtool.com\/index.php?rest_route=\/wp\/v2\/product\/2483","targetHints":{"allow":["GET"]}}],"collection":[{"href":"https:\/\/www.dwtool.com\/index.php?rest_route=\/wp\/v2\/product"}],"about":[{"href":"https:\/\/www.dwtool.com\/index.php?rest_route=\/wp\/v2\/types\/product"}],"replies":[{"embeddable":true,"href":"https:\/\/www.dwtool.com\/index.php?rest_route=%2Fwp%2Fv2%2Fcomments&post=2483"}],"wp:featuredmedia":[{"embeddable":true,"href":"https:\/\/www.dwtool.com\/index.php?rest_route=\/wp\/v2\/media\/2484"}],"wp:attachment":[{"href":"https:\/\/www.dwtool.com\/index.php?rest_route=%2Fwp%2Fv2%2Fmedia&parent=2483"}],"wp:term":[{"taxonomy":"product_brand","embeddable":true,"href":"https:\/\/www.dwtool.com\/index.php?rest_route=%2Fwp%2Fv2%2Fproduct_brand&post=2483"},{"taxonomy":"product_cat","embeddable":true,"href":"https:\/\/www.dwtool.com\/index.php?rest_route=%2Fwp%2Fv2%2Fproduct_cat&post=2483"},{"taxonomy":"product_tag","embeddable":true,"href":"https:\/\/www.dwtool.com\/index.php?rest_route=%2Fwp%2Fv2%2Fproduct_tag&post=2483"}],"curies":[{"name":"wp","href":"https:\/\/api.w.org\/{rel}","templated":true}]}}