{"id":2490,"date":"2019-08-15T02:43:29","date_gmt":"2019-08-15T02:43:29","guid":{"rendered":"https:\/\/www.dwtool.com\/?product=neumatico-profundidad-hendidura-calibre"},"modified":"2025-10-04T06:28:52","modified_gmt":"2025-10-04T06:28:52","slug":"neumatico-profundidad-hendidura-calibre","status":"publish","type":"product","link":"https:\/\/www.dwtool.com\/?product=neumatico-profundidad-hendidura-calibre","title":{"rendered":"Neum\u00e1tico Profundidad Hendidura Calibre"},"content":{"rendered":"<p><meta name=\"viewport\" content=\"width=device-width, initial-scale=1.0\"><\/p>\n<div style=\"background-color: white !important; border:1px solid #ccc !important; width: 90% !important; padding: 6px !important; margin: auto !important; text-align: left !important; font-size:14px !important; line-height:24px !important;\">Al realizar un pedido desde los EE. UU. los paquetes pueden estar sujetos a impuestos de importaci\u00f3n y a los aranceles, que el comprador debe pagar.<\/p>\n<h2 style=\"font-size:18px !important;\">Neum\u00e1tico Profundidad Hendidura Calibre<\/h2>\n<div>Esta ficha t\u00e9cnica del producto ha sido originalmente escrita en ingl\u00e9s. A continuaci\u00f3n puede encontrar una traducci\u00f3n autom\u00e1tica al espa\u00f1ol. Si usted tiene alguna pregunta por favor p\u00f3ngase en contacto con nosotros.<\/div>\n<\/div>\n<p><html><head><\/head><body><font rwr=\"1\" size=\"4\" style=\"font-family:Arial\"><font rwr=\"1\" size=\"4\" style=\"font-family:Arial\"><!--eBayMobile-Description-HTML-->El medidor de profundidad del neum\u00e1tico mide en 1\/32 &#8220;<\/font><\/font><\/p>\n<div style=\"display: none\">\n<div typeof=\"Product\" vocab=\"https:\/\/schema.org\/\"><span property=\"description\">El medidor de profundidad del neum\u00e1tico mide en 1\/32 &#8220;<\/span><\/div>\n<\/div>\n<p><\/body><\/html><\/p>\n<table>\n<tbody>\n<tr>\n<td>Brand<\/td>\n<td>Milton<\/td>\n<\/tr>\n<tr>\n<td>Manufacturer Part Number<\/td>\n<td>S448<\/td>\n<\/tr>\n<tr>\n<td>UPC<\/td>\n<td>Does not apply<\/td>\n<\/tr>\n<\/tbody>\n<\/table>\n","protected":false},"excerpt":{"rendered":"<p>Al realizar un pedido desde los EE. UU. los paquetes pueden estar sujetos a impuestos de importaci\u00f3n y a los aranceles, que el comprador debe pagar. Neum\u00e1tico Profundidad Hendidura Calibre Esta ficha t\u00e9cnica del producto ha sido originalmente escrita en ingl\u00e9s. A continuaci\u00f3n puede encontrar una traducci\u00f3n autom\u00e1tica al espa\u00f1ol. Si usted tiene alguna pregunta&#8230;<\/p>\n","protected":false},"featured_media":2491,"comment_status":"closed","ping_status":"closed","template":"","meta":[],"product_brand":[],"product_cat":[21],"product_tag":[],"class_list":{"0":"post-2490","1":"product","2":"type-product","3":"status-publish","4":"has-post-thumbnail","6":"product_cat-other","7":"pa_marca-milton","8":"pa_mpn-s448","10":"first","11":"instock","12":"taxable","13":"shipping-taxable","14":"purchasable","15":"product-type-simple"},"_links":{"self":[{"href":"https:\/\/www.dwtool.com\/index.php?rest_route=\/wp\/v2\/product\/2490","targetHints":{"allow":["GET"]}}],"collection":[{"href":"https:\/\/www.dwtool.com\/index.php?rest_route=\/wp\/v2\/product"}],"about":[{"href":"https:\/\/www.dwtool.com\/index.php?rest_route=\/wp\/v2\/types\/product"}],"replies":[{"embeddable":true,"href":"https:\/\/www.dwtool.com\/index.php?rest_route=%2Fwp%2Fv2%2Fcomments&post=2490"}],"wp:featuredmedia":[{"embeddable":true,"href":"https:\/\/www.dwtool.com\/index.php?rest_route=\/wp\/v2\/media\/2491"}],"wp:attachment":[{"href":"https:\/\/www.dwtool.com\/index.php?rest_route=%2Fwp%2Fv2%2Fmedia&parent=2490"}],"wp:term":[{"taxonomy":"product_brand","embeddable":true,"href":"https:\/\/www.dwtool.com\/index.php?rest_route=%2Fwp%2Fv2%2Fproduct_brand&post=2490"},{"taxonomy":"product_cat","embeddable":true,"href":"https:\/\/www.dwtool.com\/index.php?rest_route=%2Fwp%2Fv2%2Fproduct_cat&post=2490"},{"taxonomy":"product_tag","embeddable":true,"href":"https:\/\/www.dwtool.com\/index.php?rest_route=%2Fwp%2Fv2%2Fproduct_tag&post=2490"}],"curies":[{"name":"wp","href":"https:\/\/api.w.org\/{rel}","templated":true}]}}