{"id":3198,"date":"2019-05-24T06:49:02","date_gmt":"2019-05-24T06:49:02","guid":{"rendered":"https:\/\/www.dwtool.com\/?product=moclamp-0054-mini-spring-abrazadera"},"modified":"2025-10-07T06:39:46","modified_gmt":"2025-10-07T06:39:46","slug":"moclamp-0054-mini-spring-abrazadera","status":"publish","type":"product","link":"https:\/\/www.dwtool.com\/?product=moclamp-0054-mini-spring-abrazadera","title":{"rendered":"Moclamp 0054 Mini-Spring Abrazadera"},"content":{"rendered":"<p> <meta\n name=\"viewport\"\n content=\"width=device-width,\n initial-scale=1.0\"><\/p>\n<div style=\"background-color: white !important;\n border:1px solid #ccc !important;\n width: 90% !important;\n padding: 6px !important;\n margin: auto !important;\n text-align: left !important;\n font-size:14px !important;\n line-height:24px !important;\"><\/p>\n<p> Al realizar un pedido desde los EE. UU. los paquetes pueden estar sujetos a impuestos de importaci\u00f3n y a los aranceles, que el comprador debe pagar.<\/p>\n<h2 style=\"font-size:18px !important;\">Moclamp 0054 Mini-Spring Abrazadera<\/h2>\n<div>Esta ficha t\u00e9cnica del producto ha sido originalmente escrita en ingl\u00e9s. A continuaci\u00f3n puede encontrar una traducci\u00f3n autom\u00e1tica al espa\u00f1ol. Si usted tiene alguna pregunta por favor p\u00f3ngase en contacto con nosotros.<\/div>\n<\/p><\/div>\n<p> <html><head><meta content=\"text\/html; charset=UTF-8\" http-equiv=\"Content-Type\"\/><\/head><body>Abrazadera Mini Spring \u2122<\/p>\n<p>Con resorte para facilitar la apertura. Incluye Oval Loop para usar con Slip Hook para una f\u00e1cil conexi\u00f3n. Para chapas ligeras en esos lugares estrechos. Dise\u00f1o de diente de trama cruzada para una mordida agresiva. La abrazadera ha levantado las &#8220;orejas&#8221; para mantener los pernos fijos, para un apriete f\u00e1cil con una mano.<\/p>\n<p>Superficie de agarre: 1\u00bd&#8221;(39 mm), \u00be&#8221; profundo (19 mm)<br \/>Longitud total: 6&#8243;(152 mm)<br \/>Peso: 3 libras ( 1.36 kg)<br \/>Capacidad: 3 toneladas ( 2.722 kg)<\/p>\n<p>Piezas de repuesto: # 5225 Tuerca, Tornillo y Arandela, # 5220 Horquilla y Horquilla Rue, # 4043 Oval Loop, # 840078 Resorte <br \/>Tratamiento t\u00e9rmico de acero. Hecho en los Estados Unidos.<!--VGMVAGRVKGEVRGFST--><!-- GVAVLVLVEVRVYV --> <center> <\/center> <!--VGMVAGRVKGEVRGSND--><!--VGPVRGOVMGOVMGAVRGKVEGRVFST--><center> <img decoding=\"async\" height=\"33\" src=\"https:\/\/imagehost.vendio.com\/img\/logos\/free-gallery.gif\" vspace=\"2\" width=\"88\"\/><br \/> <a target=\"_blank\"><font color=\"#0000FF\" face=\"Verdana, Arial, Helvetica, sans-serif\" size=\"2\"><b><\/p>\n<div id=\"vgalcredit\">Haga clic aqu\u00ed. El doble de su tr\u00e1fico. C\u00f3mo Galer\u00eda de Vendio &#8211; ahora GRATIS!<\/div>\n<p><\/b><\/font><\/a><\/p>\n<p> <\/center> <!--VGPVRGOVMGOVMGAVRGKVEGRVSND--><\/body><\/html><\/p>\n<table>\n<tbody>\n<tr>\n<td>Warranty<\/td>\n<td>Yes<\/td>\n<\/tr>\n<tr>\n<td>Brand<\/td>\n<td>MOCLAMP<\/td>\n<\/tr>\n<tr>\n<td>Manufacturer Part Number<\/td>\n<td>0054<\/td>\n<\/tr>\n<tr>\n<td>Country\/Region of Manufacture<\/td>\n<td>United States<\/td>\n<\/tr>\n<tr>\n<td>UPC<\/td>\n<td>Does not apply<\/td>\n<\/tr>\n<\/tbody>\n<\/table>\n","protected":false},"excerpt":{"rendered":"<p>Al realizar un pedido desde los EE. UU. los paquetes pueden estar sujetos a impuestos de importaci\u00f3n y a los aranceles, que el comprador debe pagar. Moclamp 0054 Mini-Spring Abrazadera Esta ficha t\u00e9cnica del producto ha sido originalmente escrita en ingl\u00e9s. A continuaci\u00f3n puede encontrar una traducci\u00f3n autom\u00e1tica al espa\u00f1ol. Si usted tiene alguna pregunta&#8230;<\/p>\n","protected":false},"featured_media":3199,"comment_status":"closed","ping_status":"closed","template":"","meta":[],"product_brand":[],"product_cat":[21],"product_tag":[],"class_list":{"0":"post-3198","1":"product","2":"type-product","3":"status-publish","4":"has-post-thumbnail","6":"product_cat-other","7":"pa_country-region-de-fabricacion-estados-unidos","8":"pa_garantia-del-fabricante-si","9":"pa_marca-moclamp","10":"pa_mpn-1816","12":"first","13":"instock","14":"taxable","15":"shipping-taxable","16":"purchasable","17":"product-type-simple"},"_links":{"self":[{"href":"https:\/\/www.dwtool.com\/index.php?rest_route=\/wp\/v2\/product\/3198","targetHints":{"allow":["GET"]}}],"collection":[{"href":"https:\/\/www.dwtool.com\/index.php?rest_route=\/wp\/v2\/product"}],"about":[{"href":"https:\/\/www.dwtool.com\/index.php?rest_route=\/wp\/v2\/types\/product"}],"replies":[{"embeddable":true,"href":"https:\/\/www.dwtool.com\/index.php?rest_route=%2Fwp%2Fv2%2Fcomments&post=3198"}],"wp:featuredmedia":[{"embeddable":true,"href":"https:\/\/www.dwtool.com\/index.php?rest_route=\/wp\/v2\/media\/3199"}],"wp:attachment":[{"href":"https:\/\/www.dwtool.com\/index.php?rest_route=%2Fwp%2Fv2%2Fmedia&parent=3198"}],"wp:term":[{"taxonomy":"product_brand","embeddable":true,"href":"https:\/\/www.dwtool.com\/index.php?rest_route=%2Fwp%2Fv2%2Fproduct_brand&post=3198"},{"taxonomy":"product_cat","embeddable":true,"href":"https:\/\/www.dwtool.com\/index.php?rest_route=%2Fwp%2Fv2%2Fproduct_cat&post=3198"},{"taxonomy":"product_tag","embeddable":true,"href":"https:\/\/www.dwtool.com\/index.php?rest_route=%2Fwp%2Fv2%2Fproduct_tag&post=3198"}],"curies":[{"name":"wp","href":"https:\/\/api.w.org\/{rel}","templated":true}]}}