{"id":3207,"date":"2019-05-24T06:49:02","date_gmt":"2019-05-24T06:49:02","guid":{"rendered":"https:\/\/www.dwtool.com\/?product=otc-7091-caster-camber-alineacion-set"},"modified":"2025-10-07T06:40:00","modified_gmt":"2025-10-07T06:40:00","slug":"otc-7091-caster-camber-alineacion-set","status":"publish","type":"product","link":"https:\/\/www.dwtool.com\/?product=otc-7091-caster-camber-alineacion-set","title":{"rendered":"Otc 7091 Caster-Camber Alineaci\u00f3n Set"},"content":{"rendered":"<p> <meta\n name=\"viewport\"\n content=\"width=device-width,\n initial-scale=1.0\"><\/p>\n<div style=\"background-color: white !important;\n border:1px solid #ccc !important;\n width: 90% !important;\n padding: 6px !important;\n margin: auto !important;\n text-align: left !important;\n font-size:14px !important;\n line-height:24px !important;\"><\/p>\n<p> Al realizar un pedido desde los EE. UU. los paquetes pueden estar sujetos a impuestos de importaci\u00f3n y a los aranceles, que el comprador debe pagar.<\/p>\n<h2 style=\"font-size:18px !important;\">Otc 7091 Caster-Camber Alineaci\u00f3n Set<\/h2>\n<div>Esta ficha t\u00e9cnica del producto ha sido originalmente escrita en ingl\u00e9s. A continuaci\u00f3n puede encontrar una traducci\u00f3n autom\u00e1tica al espa\u00f1ol. Si usted tiene alguna pregunta por favor p\u00f3ngase en contacto con nosotros.<\/div>\n<\/p><\/div>\n<p> <html><head><meta content=\"text\/html; charset=UTF-8\" http-equiv=\"Content-Type\"\/><\/head><body><font rwr=\"1\" size=\"4\" style=\"font-family:Arial\">Juego de alineaci\u00f3n de rueda giratoria<\/p>\n<p>Descripci\u00f3n:<\/p>\n<div><\/div>\n<div>Para Ford 1989- hasta la corriente<span style=\"font-size: 14pt;\">\u00a0Veh\u00edculos Ford LtD y Mercury Marquis\u00a0<\/span><\/p>\n<div>Proporciona una alineaci\u00f3n r\u00e1pida y precisa <\/p>\n<\/div>\n<div>Ideal para sortear la unidad de aire acondicionado y otros obst\u00e1culos. <\/p>\n<p>Otc7091<\/div>\n<\/div>\n<p><\/font><\/body><\/html><\/p>\n<table>\n<tbody>\n<tr>\n<td>Brand<\/td>\n<td>OTC<\/td>\n<\/tr>\n<tr>\n<td>Manufacturer Part Number<\/td>\n<td>7091<\/td>\n<\/tr>\n<tr>\n<td>UPC<\/td>\n<td>Does not apply<\/td>\n<\/tr>\n<\/tbody>\n<\/table>\n","protected":false},"excerpt":{"rendered":"<p>Al realizar un pedido desde los EE. UU. los paquetes pueden estar sujetos a impuestos de importaci\u00f3n y a los aranceles, que el comprador debe pagar. Otc 7091 Caster-Camber Alineaci\u00f3n Set Esta ficha t\u00e9cnica del producto ha sido originalmente escrita en ingl\u00e9s. A continuaci\u00f3n puede encontrar una traducci\u00f3n autom\u00e1tica al espa\u00f1ol. Si usted tiene alguna&#8230;<\/p>\n","protected":false},"featured_media":3208,"comment_status":"closed","ping_status":"closed","template":"","meta":[],"product_brand":[],"product_cat":[21],"product_tag":[],"class_list":{"0":"post-3207","1":"product","2":"type-product","3":"status-publish","4":"has-post-thumbnail","6":"product_cat-other","7":"pa_marca-otc","8":"pa_mpn-1810","10":"first","11":"instock","12":"taxable","13":"shipping-taxable","14":"purchasable","15":"product-type-simple"},"_links":{"self":[{"href":"https:\/\/www.dwtool.com\/index.php?rest_route=\/wp\/v2\/product\/3207","targetHints":{"allow":["GET"]}}],"collection":[{"href":"https:\/\/www.dwtool.com\/index.php?rest_route=\/wp\/v2\/product"}],"about":[{"href":"https:\/\/www.dwtool.com\/index.php?rest_route=\/wp\/v2\/types\/product"}],"replies":[{"embeddable":true,"href":"https:\/\/www.dwtool.com\/index.php?rest_route=%2Fwp%2Fv2%2Fcomments&post=3207"}],"wp:featuredmedia":[{"embeddable":true,"href":"https:\/\/www.dwtool.com\/index.php?rest_route=\/wp\/v2\/media\/3208"}],"wp:attachment":[{"href":"https:\/\/www.dwtool.com\/index.php?rest_route=%2Fwp%2Fv2%2Fmedia&parent=3207"}],"wp:term":[{"taxonomy":"product_brand","embeddable":true,"href":"https:\/\/www.dwtool.com\/index.php?rest_route=%2Fwp%2Fv2%2Fproduct_brand&post=3207"},{"taxonomy":"product_cat","embeddable":true,"href":"https:\/\/www.dwtool.com\/index.php?rest_route=%2Fwp%2Fv2%2Fproduct_cat&post=3207"},{"taxonomy":"product_tag","embeddable":true,"href":"https:\/\/www.dwtool.com\/index.php?rest_route=%2Fwp%2Fv2%2Fproduct_tag&post=3207"}],"curies":[{"name":"wp","href":"https:\/\/api.w.org\/{rel}","templated":true}]}}