{"id":3220,"date":"2019-05-24T06:49:02","date_gmt":"2019-05-24T06:49:02","guid":{"rendered":"https:\/\/www.dwtool.com\/?product=toyota-a-c-entfernung-werkzeug-asttoy200"},"modified":"2025-10-07T06:40:37","modified_gmt":"2025-10-07T06:40:37","slug":"toyota-a-c-entfernung-werkzeug-asttoy200","status":"publish","type":"product","link":"https:\/\/www.dwtool.com\/?product=toyota-a-c-entfernung-werkzeug-asttoy200","title":{"rendered":"Toyota A\/C Entfernung Werkzeug ASTTOY200"},"content":{"rendered":"<p><meta name=\"viewport\" content=\"width=device-width, initial-scale=1.0\"><\/p>\n<div style=\"background-color: white !important; border:1px solid #ccc !important; width: 90% !important; padding: 6px !important; margin: auto !important; text-align: left !important; font-size:14px !important; line-height:24px !important;\">Wenn Sie von dem US Marktplatz bestellen, k\u00f6nnen f\u00fcr die Pakete Steuern und Zollgeb\u00fchren anfallen, die der K\u00e4ufer sp\u00e4ter tragen muss.<\/p>\n<h2 style=\"font-size:18px !important;\">Toyota A\/C Entfernung Werkzeug ASTTOY200<\/h2>\n<div>Das Datenblatt dieses Produkts wurde urspr\u00fcnglich auf Englisch verfasst. Unten finden Sie eine automatische \u00dcbersetzung ins Deutsche. Sollten Sie irgendwelche Fragen haben, kontaktieren Sie uns.<\/div>\n<\/div>\n<p><html><head><meta content=\"text\/html; charset=UTF-8\" http-equiv=\"Content-Type\"\/><\/head><body><font rwr=\"1\" size=\"4\" style=\"font-family:Arial\"><!--eBayMobile-Description-HTML--><\/p>\n<h1 class=\"parseasinTitle \" style=\"font-family: Arial, Helvetica, sans-serif; font-size: 1.7em; font-weight: normal; margin-bottom: 0px; margin-top: 0px; background-color: rgb(255, 255, 255);\"><span id=\"btAsinTitle\">AST TOY 200 A \/ C Werkzeug zum Entfernen von Klemmen f\u00fcr Toyota<\/span><\/h1>\n<div><span><br \/><\/span><\/div>\n<div>\n<p style=\"font-family: Verdana, 'Trebuchet MS', sans-serif; font-size: 12px; background-color: rgb(255, 255, 255);\"><strong>Merkmale und Vorteile:<\/strong><\/p>\n<ul style=\"font-family: Verdana, 'Trebuchet MS', sans-serif; font-size: 12px; background-color: rgb(255, 255, 255);\">\n<li><b>Passend f\u00fcr beide Toyota AC- Clamps , die f\u00fcr Hoch- und Niederdruckleitungen verwendet werden<\/b><\/li>\n<li><b>F\u00fcr 1998 und neuere Toyota-Modelle<\/b><\/li>\n<li><b>Edelstahl Release Pins<\/b><\/li>\n<li><b>Identifikationen und Anweisungen werden Laser am Griff markiert<\/b><\/li>\n<\/ul>\n<div><font face=\"Verdana, Trebuchet MS, sans-serif\"><span style=\"font-size: 12px;\"><b><br \/><\/b><\/span><\/font><\/div>\n<\/div>\n<div><img decoding=\"async\" alt=\"Foto\" src=\"https:\/\/image.ibb.co\/bEryqd\/irtool.jpg\"\/><\/div>\n<p><\/font><\/body><\/html><\/p>\n<table>\n<tbody>\n<tr>\n<td>Brand<\/td>\n<td>ASSENMACHER<\/td>\n<\/tr>\n<tr>\n<td>Manufacturer Part Number<\/td>\n<td>TOY200<\/td>\n<\/tr>\n<tr>\n<td>UPC<\/td>\n<td>Does not apply<\/td>\n<\/tr>\n<\/tbody>\n<\/table>\n","protected":false},"excerpt":{"rendered":"<p>Wenn Sie von dem US Marktplatz bestellen, k\u00f6nnen f\u00fcr die Pakete Steuern und Zollgeb\u00fchren anfallen, die der K\u00e4ufer sp\u00e4ter tragen muss. Toyota A\/C Entfernung Werkzeug ASTTOY200 Das Datenblatt dieses Produkts wurde urspr\u00fcnglich auf Englisch verfasst. Unten finden Sie eine automatische \u00dcbersetzung ins Deutsche. Sollten Sie irgendwelche Fragen haben, kontaktieren Sie uns. AST TOY 200 A&#8230;<\/p>\n","protected":false},"featured_media":3221,"comment_status":"closed","ping_status":"closed","template":"","meta":[],"product_brand":[],"product_cat":[21],"product_tag":[],"class_list":{"0":"post-3220","1":"product","2":"type-product","3":"status-publish","4":"has-post-thumbnail","6":"product_cat-other","7":"pa_ean-nicht-zutreffend","8":"pa_herstellernummer-toy200","9":"pa_marke-assenmacher","11":"first","12":"instock","13":"taxable","14":"shipping-taxable","15":"purchasable","16":"product-type-simple"},"_links":{"self":[{"href":"https:\/\/www.dwtool.com\/index.php?rest_route=\/wp\/v2\/product\/3220","targetHints":{"allow":["GET"]}}],"collection":[{"href":"https:\/\/www.dwtool.com\/index.php?rest_route=\/wp\/v2\/product"}],"about":[{"href":"https:\/\/www.dwtool.com\/index.php?rest_route=\/wp\/v2\/types\/product"}],"replies":[{"embeddable":true,"href":"https:\/\/www.dwtool.com\/index.php?rest_route=%2Fwp%2Fv2%2Fcomments&post=3220"}],"wp:featuredmedia":[{"embeddable":true,"href":"https:\/\/www.dwtool.com\/index.php?rest_route=\/wp\/v2\/media\/3221"}],"wp:attachment":[{"href":"https:\/\/www.dwtool.com\/index.php?rest_route=%2Fwp%2Fv2%2Fmedia&parent=3220"}],"wp:term":[{"taxonomy":"product_brand","embeddable":true,"href":"https:\/\/www.dwtool.com\/index.php?rest_route=%2Fwp%2Fv2%2Fproduct_brand&post=3220"},{"taxonomy":"product_cat","embeddable":true,"href":"https:\/\/www.dwtool.com\/index.php?rest_route=%2Fwp%2Fv2%2Fproduct_cat&post=3220"},{"taxonomy":"product_tag","embeddable":true,"href":"https:\/\/www.dwtool.com\/index.php?rest_route=%2Fwp%2Fv2%2Fproduct_tag&post=3220"}],"curies":[{"name":"wp","href":"https:\/\/api.w.org\/{rel}","templated":true}]}}