{"id":3230,"date":"2019-05-24T06:49:03","date_gmt":"2019-05-24T06:49:03","guid":{"rendered":"https:\/\/www.dwtool.com\/?product=channellock-nutbuster-lengua-y-groove-alicates-cha307"},"modified":"2025-10-07T06:41:08","modified_gmt":"2025-10-07T06:41:08","slug":"channellock-nutbuster-lengua-y-groove-alicates-cha307","status":"publish","type":"product","link":"https:\/\/www.dwtool.com\/?product=channellock-nutbuster-lengua-y-groove-alicates-cha307","title":{"rendered":"Channellock Nutbuster Lengua Y Groove Alicates Cha307"},"content":{"rendered":"<p><meta name=\"viewport\" content=\"width=device-width, initial-scale=1.0\"><\/p>\n<div style=\"background-color: white !important; border:1px solid #ccc !important; width: 90% !important; padding: 6px !important; margin: auto !important; text-align: left !important; font-size:14px !important; line-height:24px !important;\">Al realizar un pedido desde los EE. UU. los paquetes pueden estar sujetos a impuestos de importaci\u00f3n y a los aranceles, que el comprador debe pagar.<\/p>\n<h2 style=\"font-size:18px !important;\">Channellock Nutbuster Lengua Y Groove Alicates Cha307<\/h2>\n<div>Esta ficha t\u00e9cnica del producto ha sido originalmente escrita en ingl\u00e9s. A continuaci\u00f3n puede encontrar una traducci\u00f3n autom\u00e1tica al espa\u00f1ol. Si usted tiene alguna pregunta por favor p\u00f3ngase en contacto con nosotros.<\/div>\n<\/div>\n<p><html><head><\/head><body>Channellock nutbuster<br \/>Alicate de leng\u00fceta y ranura<\/p>\n<p>Descripci\u00f3n<\/p>\n<p>Nariz de loro ideal para superficies redondeadas<\/p>\n<p>Los dientes calentados con l\u00e1ser de \u00e1ngulo recto se agarran mejor y duran m\u00e1s. <\/p>\n<p>Mejorado: mayor capacidad de mordaza con permalock. <\/p>\n<p>Acero con alto contenido de carbono c1080 para un rendimiento superior y un recubrimiento electr\u00f3nico para la m\u00e1xima prevenci\u00f3n de la oxidaci\u00f3n. <\/p>\n<p>Agarre azul confort Channellock. <\/p>\n<p>Cha307<\/p>\n<p>Hecho en EE.UU <\/p>\n<p>Publicado con <a href=\"https:\/\/mobile.ebay.com\" target=\"_blank\">eBay Mobile<\/a><\/p>\n<p> <!-- VENDBASCTCTCTVENDBASCT --> <center> <\/center> <!-- VENDBASCTCTCTVENDBASCT --> <!--VGMVAGRVKGEVRGFST--><!-- GVAVLVLVEVRVYV --> <center> <\/center> <!--VGMVAGRVKGEVRGSND--><!--VGPVRGOVMGOVMGAVRGKVEGRVFST--><center> <img decoding=\"async\" height=\"33\" src=\"https:\/\/imagehost.vendio.com\/img\/logos\/free-gallery.gif\" vspace=\"2\" width=\"88\"\/><br \/> <a target=\"_blank\"><font color=\"#0000FF\" face=\"Verdana, Arial, Helvetica, sans-serif\" size=\"2\"><b><\/p>\n<div id=\"vgalcredit\">Haga clic aqu\u00ed. Duplica tu tr\u00e1fico. Obtenga la Galer\u00eda Vendio &#8211; \u00a1Ahora GRATIS!<\/div>\n<p><\/b><\/font><\/a><\/p>\n<p> <\/center> <!--VGPVRGOVMGOVMGAVRGKVEGRVSND--><\/p>\n<div style=\"display: none\">\n<div typeof=\"Product\" vocab=\"https:\/\/schema.org\/\"><span property=\"description\">Channellock nutbuster Alicate de leng\u00fceta y ranura Descripci\u00f3n Nariz de loro ideal para superficies redondeadas Los dientes calentados con l\u00e1ser de \u00e1ngulo recto se agarran mejor y duran m\u00e1s. Mejorado: mayor capacidad de mordaza con permalock. Acero con alto contenido de carbono c1080 para un rendimiento superior y un recubrimiento electr\u00f3nico para la m\u00e1xima prevenci\u00f3n de la oxidaci\u00f3n. Agarre azul confort Channellock. Cha307 Hecho en EE.UU Publicado con eBay Mobile Haga clic aqu\u00ed. Duplica tu tr\u00e1fico. Obtenga la Galer\u00eda Vendio &#8211; \u00a1Ahora GRATIS! <\/span><\/div>\n<\/div>\n<p><\/body><\/html><\/p>\n<table>\n<tbody>\n<tr>\n<td>Brand<\/td>\n<td>Channellock<\/td>\n<\/tr>\n<tr>\n<td>Manufacturer Part Number<\/td>\n<td>307<\/td>\n<\/tr>\n<tr>\n<td>UPC<\/td>\n<td>Does not apply<\/td>\n<\/tr>\n<\/tbody>\n<\/table>\n","protected":false},"excerpt":{"rendered":"<p>Al realizar un pedido desde los EE. UU. los paquetes pueden estar sujetos a impuestos de importaci\u00f3n y a los aranceles, que el comprador debe pagar. Channellock Nutbuster Lengua Y Groove Alicates Cha307 Esta ficha t\u00e9cnica del producto ha sido originalmente escrita en ingl\u00e9s. A continuaci\u00f3n puede encontrar una traducci\u00f3n autom\u00e1tica al espa\u00f1ol. Si usted&#8230;<\/p>\n","protected":false},"featured_media":3231,"comment_status":"closed","ping_status":"closed","template":"","meta":[],"product_brand":[],"product_cat":[21],"product_tag":[],"class_list":{"0":"post-3230","1":"product","2":"type-product","3":"status-publish","4":"has-post-thumbnail","6":"product_cat-other","7":"pa_marca-channellock","8":"pa_mpn-1830","10":"first","11":"instock","12":"taxable","13":"shipping-taxable","14":"purchasable","15":"product-type-simple"},"_links":{"self":[{"href":"https:\/\/www.dwtool.com\/index.php?rest_route=\/wp\/v2\/product\/3230","targetHints":{"allow":["GET"]}}],"collection":[{"href":"https:\/\/www.dwtool.com\/index.php?rest_route=\/wp\/v2\/product"}],"about":[{"href":"https:\/\/www.dwtool.com\/index.php?rest_route=\/wp\/v2\/types\/product"}],"replies":[{"embeddable":true,"href":"https:\/\/www.dwtool.com\/index.php?rest_route=%2Fwp%2Fv2%2Fcomments&post=3230"}],"wp:featuredmedia":[{"embeddable":true,"href":"https:\/\/www.dwtool.com\/index.php?rest_route=\/wp\/v2\/media\/3231"}],"wp:attachment":[{"href":"https:\/\/www.dwtool.com\/index.php?rest_route=%2Fwp%2Fv2%2Fmedia&parent=3230"}],"wp:term":[{"taxonomy":"product_brand","embeddable":true,"href":"https:\/\/www.dwtool.com\/index.php?rest_route=%2Fwp%2Fv2%2Fproduct_brand&post=3230"},{"taxonomy":"product_cat","embeddable":true,"href":"https:\/\/www.dwtool.com\/index.php?rest_route=%2Fwp%2Fv2%2Fproduct_cat&post=3230"},{"taxonomy":"product_tag","embeddable":true,"href":"https:\/\/www.dwtool.com\/index.php?rest_route=%2Fwp%2Fv2%2Fproduct_tag&post=3230"}],"curies":[{"name":"wp","href":"https:\/\/api.w.org\/{rel}","templated":true}]}}