{"id":3234,"date":"2019-05-24T06:49:03","date_gmt":"2019-05-24T06:49:03","guid":{"rendered":"https:\/\/www.dwtool.com\/?product=ammco-negative-rechen-hartmetall-bremse-drehbank-bit-original-6914-10"},"modified":"2025-10-07T06:41:15","modified_gmt":"2025-10-07T06:41:15","slug":"ammco-negative-rechen-hartmetall-bremse-drehbank-bit-original-6914-10","status":"publish","type":"product","link":"https:\/\/www.dwtool.com\/?product=ammco-negative-rechen-hartmetall-bremse-drehbank-bit-original-6914-10","title":{"rendered":"AMMCO Negative Rechen Hartmetall Bremse Drehbank Bit Original 6914-10"},"content":{"rendered":"<p><meta name=\"viewport\" content=\"width=device-width, initial-scale=1.0\"><\/p>\n<div style=\"background-color: white !important; border:1px solid #ccc !important; width: 90% !important; padding: 6px !important; margin: auto !important; text-align: left !important; font-size:14px !important; line-height:24px !important;\">Wenn Sie von dem US Marktplatz bestellen, k\u00f6nnen f\u00fcr die Pakete Steuern und Zollgeb\u00fchren anfallen, die der K\u00e4ufer sp\u00e4ter tragen muss.<\/p>\n<h2 style=\"font-size:18px !important;\">AMMCO Negative Rechen Hartmetall Bremse Drehbank Bit Original 6914-10<\/h2>\n<div>Das Datenblatt dieses Produkts wurde urspr\u00fcnglich auf Englisch verfasst. Unten finden Sie eine automatische \u00dcbersetzung ins Deutsche. Sollten Sie irgendwelche Fragen haben, kontaktieren Sie uns.<\/div>\n<\/div>\n<p><html><head><\/head><body><font rwr=\"1\" size=\"4\" style=\"font-family:Arial\"><b>AMMCO 6914-10 ORIGINAL\u00a0<\/b><\/font><\/p>\n<div><font rwr=\"1\" size=\"4\" style=\"font-family:Arial\"><br \/><\/font><\/div>\n<div><font rwr=\"1\" size=\"4\" style=\"font-family:Arial\">Beschreibung:<\/font><\/div>\n<div><font rwr=\"1\" size=\"4\" style=\"font-family:Arial\"><br \/><\/font><\/div>\n<div><font rwr=\"1\" size=\"4\" style=\"font-family:Arial\">Negative Schwader-Hartmetall-Bremsendrehmaschinen. <br \/>10er Packung passt f\u00fcr:<\/p>\n<p>Ammco 1000,2002,3000,4100,7000,7500, 7700<\/p>\n<p>Hunter BL 500 und BL 505<\/p>\n<p><\/font><center><font rwr=\"1\" size=\"4\" style=\"font-family:Arial\"><\/font><\/center><\/div>\n<div style=\"display: none\">\n<div typeof=\"Product\" vocab=\"https:\/\/schema.org\/\"><span property=\"description\">AMMCO 6914-10 ORIGINAL\u00a0 Beschreibung: Negative Schwader-Hartmetall-Bremsendrehmaschinen. 10er Packung passt f\u00fcr: Ammco 1000,2002,3000,4100,7000,7500, 7700 Hunter BL 500 und BL 505<\/span><\/div>\n<\/div>\n<p><\/body><\/html><\/p>\n<table>\n<tbody>\n<tr>\n<td>Brand<\/td>\n<td>AMMCO<\/td>\n<\/tr>\n<tr>\n<td>Manufacturer Part Number<\/td>\n<td>6914-10<\/td>\n<\/tr>\n<tr>\n<td>UPC<\/td>\n<td>Does not apply<\/td>\n<\/tr>\n<\/tbody>\n<\/table>\n","protected":false},"excerpt":{"rendered":"<p>Wenn Sie von dem US Marktplatz bestellen, k\u00f6nnen f\u00fcr die Pakete Steuern und Zollgeb\u00fchren anfallen, die der K\u00e4ufer sp\u00e4ter tragen muss. AMMCO Negative Rechen Hartmetall Bremse Drehbank Bit Original 6914-10 Das Datenblatt dieses Produkts wurde urspr\u00fcnglich auf Englisch verfasst. Unten finden Sie eine automatische \u00dcbersetzung ins Deutsche. Sollten Sie irgendwelche Fragen haben, kontaktieren Sie uns&#8230;.<\/p>\n","protected":false},"featured_media":3235,"comment_status":"closed","ping_status":"closed","template":"","meta":[],"product_brand":[],"product_cat":[21],"product_tag":[],"class_list":{"0":"post-3234","1":"product","2":"type-product","3":"status-publish","4":"has-post-thumbnail","6":"product_cat-other","7":"pa_herstellernummer-6914-10","8":"pa_marke-ammco","10":"first","11":"instock","12":"taxable","13":"shipping-taxable","14":"purchasable","15":"product-type-simple"},"_links":{"self":[{"href":"https:\/\/www.dwtool.com\/index.php?rest_route=\/wp\/v2\/product\/3234","targetHints":{"allow":["GET"]}}],"collection":[{"href":"https:\/\/www.dwtool.com\/index.php?rest_route=\/wp\/v2\/product"}],"about":[{"href":"https:\/\/www.dwtool.com\/index.php?rest_route=\/wp\/v2\/types\/product"}],"replies":[{"embeddable":true,"href":"https:\/\/www.dwtool.com\/index.php?rest_route=%2Fwp%2Fv2%2Fcomments&post=3234"}],"wp:featuredmedia":[{"embeddable":true,"href":"https:\/\/www.dwtool.com\/index.php?rest_route=\/wp\/v2\/media\/3235"}],"wp:attachment":[{"href":"https:\/\/www.dwtool.com\/index.php?rest_route=%2Fwp%2Fv2%2Fmedia&parent=3234"}],"wp:term":[{"taxonomy":"product_brand","embeddable":true,"href":"https:\/\/www.dwtool.com\/index.php?rest_route=%2Fwp%2Fv2%2Fproduct_brand&post=3234"},{"taxonomy":"product_cat","embeddable":true,"href":"https:\/\/www.dwtool.com\/index.php?rest_route=%2Fwp%2Fv2%2Fproduct_cat&post=3234"},{"taxonomy":"product_tag","embeddable":true,"href":"https:\/\/www.dwtool.com\/index.php?rest_route=%2Fwp%2Fv2%2Fproduct_tag&post=3234"}],"curies":[{"name":"wp","href":"https:\/\/api.w.org\/{rel}","templated":true}]}}