{"id":3246,"date":"2019-05-24T06:49:03","date_gmt":"2019-05-24T06:49:03","guid":{"rendered":"https:\/\/www.dwtool.com\/?product=blatt-metall-schneider-befestigung"},"modified":"2025-10-07T06:41:50","modified_gmt":"2025-10-07T06:41:50","slug":"blatt-metall-schneider-befestigung","status":"publish","type":"product","link":"https:\/\/www.dwtool.com\/?product=blatt-metall-schneider-befestigung","title":{"rendered":"Blatt Metall Schneider Befestigung"},"content":{"rendered":"<p><meta name=\"viewport\" content=\"width=device-width, initial-scale=1.0\"><\/p>\n<div style=\"background-color: white !important; border:1px solid #ccc !important; width: 90% !important; padding: 6px !important; margin: auto !important; text-align: left !important; font-size:14px !important; line-height:24px !important;\">Wenn Sie von dem US Marktplatz bestellen, k\u00f6nnen f\u00fcr die Pakete Steuern und Zollgeb\u00fchren anfallen, die der K\u00e4ufer sp\u00e4ter tragen muss.<\/p>\n<h2 style=\"font-size:18px !important;\">Blatt Metall Schneider Befestigung<\/h2>\n<div>Das Datenblatt dieses Produkts wurde urspr\u00fcnglich auf Englisch verfasst. Unten finden Sie eine automatische \u00dcbersetzung ins Deutsche. Sollten Sie irgendwelche Fragen haben, kontaktieren Sie uns.<\/div>\n<\/div>\n<p><!--eBayMobile-Description-Text--><html><head><\/head><body>Brandneu<br \/>Blech NIBBLER CUTTER<\/p>\n<p>Kommt in einem Metallgeh\u00e4use mit Anleitung <br \/>Wird mit jedem ingersoll rand Chicago Pneumatischen Druckluftwerkzeug verwendet, um pr\u00e4zise und saubere Schnitte auf harten Oberfl\u00e4chen zu erzielen. <\/p>\n<p>F\u00fcr das Schneiden von Hauptblechen:<br \/>Eisenplatte: 1,8 mm max<br \/>Edelstahlplatte: 1,0 mm max<br \/>F\u00fcr andere Materialschnitte:<br \/>Kupfer- oder Aluminiumplatte: 2,0 mm max<br \/>Kunststoff oder Sperrholz: 2,0 mm max<br \/>Hervorragende Schnittgeschwindigkeit von 2 Metern pro Minute bei 3000 U \/ min. Bestes Schnittergebnis ohne Grate an den Schneidkanten<\/p>\n<p>360\u00ba \u00e4nderbare Richtung im Betrieb<\/p>\n<p>Zur Montage mit jeder elektrischen Bohrmaschine oder Bohrmaschine mit 3000 U \/ min<br \/>Gesamtdimension: 7 &#8220;x 2&#8221; x 3-1 \/ 4 &#8220;<\/p>\n<p>Jlismc-160a<!--eBayMobile-End--><br \/><!--eBayMobile-Signature-Text--><!--eBayMobile-End--><\/p>\n<hr\/>\n<p><span class=\"ebay\">Am 29. April 14 um 02:54:09 PDT f\u00fcgte der Verk\u00e4ufer die folgenden Informationen hinzu:<\/span><\/p>\n<p <!--vgmvagrvkgevrgfst--=\"\"><!-- GVAVLVLVEVRVYV --> <\/p>\n<p><center> <\/center> <!--VGMVAGRVKGEVRGSND--><!--VGPVRGOVMGOVMGAVRGKVEGRVFST--><center> <img decoding=\"async\" height=\"33\" src=\"https:\/\/imagehost.vendio.com\/img\/logos\/free-gallery.gif\" vspace=\"2\" width=\"88\"\/><br \/> <a target=\"_blank\"><font color=\"#0000FF\" face=\"Verdana, Arial, Helvetica, sans-serif\" size=\"2\"><b><\/p>\n<div id=\"vgalcredit\">Klick hier. Verdoppeln Sie Ihren Verkehr. Holen Sie sich Vendio Gallery &#8211; jetzt KOSTENLOS!<\/div>\n<p><\/b><\/font><\/a><\/p>\n<p> <\/center> <!--VGPVRGOVMGOVMGAVRGKVEGRVSND--><\/p>\n<p><center><img decoding=\"async\" src=\"https:\/\/pics.ebay.com\/aw\/pics\/viewitem\/fe\/imgFePowered_88x33.gif\"\/><\/center><\/p>\n<div style=\"display: none\">\n<div typeof=\"Product\" vocab=\"https:\/\/schema.org\/\"><span property=\"description\">Brandneu Blech NIBBLER CUTTER Kommt in einem Metallgeh\u00e4use mit Anleitung Wird mit jedem ingersoll rand Chicago Pneumatischen Druckluftwerkzeug verwendet, um pr\u00e4zise und saubere Schnitte auf harten Oberfl\u00e4chen zu erzielen. F\u00fcr das Schneiden von Hauptblechen: Eisenplatte: 1,8 mm max Edelstahlplatte: 1,0 mm max F\u00fcr andere Materialschnitte: Kupfer- oder Aluminiumplatte: 2,0 mm max Kunststoff oder Sperrholz: 2,0 mm max Hervorragende Schnittgeschwindigkeit von 2 Metern pro Minute bei 3000 U \/ min. Bestes Schnittergebnis ohne Grate an den Schneidkanten 360\u00ba \u00e4nderbare Richtung im Betrieb Zur Montage mit jeder elektrischen Bohrmaschine oder Bohrmaschine mit 3000 U \/ min Gesamtdimension: 7 &#8220;x 2&#8243; x 3-1 \/ 4 &#8221; Jlismc-160a Am 29. April 14 um 02:54:09 PDT f\u00fcgte der Verk\u00e4ufer die folgenden Informationen<\/span><\/div>\n<\/div>\n<p><\/body><\/html><\/p>\n<table>\n<tbody>\n<tr>\n<td>MPN<\/td>\n<td>Jlismc-160a<\/td>\n<\/tr>\n<tr>\n<td>Brand<\/td>\n<td>JLI<\/td>\n<\/tr>\n<tr>\n<td>UPC<\/td>\n<td>Does not apply<\/td>\n<\/tr>\n<\/tbody>\n<\/table>\n","protected":false},"excerpt":{"rendered":"<p>Wenn Sie von dem US Marktplatz bestellen, k\u00f6nnen f\u00fcr die Pakete Steuern und Zollgeb\u00fchren anfallen, die der K\u00e4ufer sp\u00e4ter tragen muss. Blatt Metall Schneider Befestigung Das Datenblatt dieses Produkts wurde urspr\u00fcnglich auf Englisch verfasst. Unten finden Sie eine automatische \u00dcbersetzung ins Deutsche. Sollten Sie irgendwelche Fragen haben, kontaktieren Sie uns. BrandneuBlech NIBBLER CUTTER Kommt in&#8230;<\/p>\n","protected":false},"featured_media":3247,"comment_status":"closed","ping_status":"closed","template":"","meta":[],"product_brand":[],"product_cat":[21],"product_tag":[],"class_list":{"0":"post-3246","1":"product","2":"type-product","3":"status-publish","4":"has-post-thumbnail","6":"product_cat-other","7":"pa_herstellernummer-jlismc-160a","8":"pa_marke-jli","10":"first","11":"instock","12":"taxable","13":"shipping-taxable","14":"purchasable","15":"product-type-simple"},"_links":{"self":[{"href":"https:\/\/www.dwtool.com\/index.php?rest_route=\/wp\/v2\/product\/3246","targetHints":{"allow":["GET"]}}],"collection":[{"href":"https:\/\/www.dwtool.com\/index.php?rest_route=\/wp\/v2\/product"}],"about":[{"href":"https:\/\/www.dwtool.com\/index.php?rest_route=\/wp\/v2\/types\/product"}],"replies":[{"embeddable":true,"href":"https:\/\/www.dwtool.com\/index.php?rest_route=%2Fwp%2Fv2%2Fcomments&post=3246"}],"wp:featuredmedia":[{"embeddable":true,"href":"https:\/\/www.dwtool.com\/index.php?rest_route=\/wp\/v2\/media\/3247"}],"wp:attachment":[{"href":"https:\/\/www.dwtool.com\/index.php?rest_route=%2Fwp%2Fv2%2Fmedia&parent=3246"}],"wp:term":[{"taxonomy":"product_brand","embeddable":true,"href":"https:\/\/www.dwtool.com\/index.php?rest_route=%2Fwp%2Fv2%2Fproduct_brand&post=3246"},{"taxonomy":"product_cat","embeddable":true,"href":"https:\/\/www.dwtool.com\/index.php?rest_route=%2Fwp%2Fv2%2Fproduct_cat&post=3246"},{"taxonomy":"product_tag","embeddable":true,"href":"https:\/\/www.dwtool.com\/index.php?rest_route=%2Fwp%2Fv2%2Fproduct_tag&post=3246"}],"curies":[{"name":"wp","href":"https:\/\/api.w.org\/{rel}","templated":true}]}}