{"id":3258,"date":"2019-05-24T06:49:03","date_gmt":"2019-05-24T06:49:03","guid":{"rendered":"https:\/\/www.dwtool.com\/?product=channellock-nutbuster-langue-et-rainure-pince-cha307"},"modified":"2025-10-07T06:42:53","modified_gmt":"2025-10-07T06:42:53","slug":"channellock-nutbuster-langue-et-rainure-pince-cha307","status":"publish","type":"product","link":"https:\/\/www.dwtool.com\/?product=channellock-nutbuster-langue-et-rainure-pince-cha307","title":{"rendered":"Channellock Nutbuster Langue Et Rainure Pince Cha307"},"content":{"rendered":"<p><meta name=\"viewport\" content=\"width=device-width, initial-scale=1.0\"><\/p>\n<div style=\"background-color: white !important; border:1px solid #ccc !important; width: 90% !important; padding: 6px !important; margin: auto !important; text-align: left !important; font-size:14px !important; line-height:24px !important;\">Les commandes r\u00e9alis\u00e9es \u00e0 partir des \u00c9tats-Unis, peuvent \u00eatre soumises \u00e0 des taxes d&#8217;importation et droits de douane, que l&#8217;acheteur est tenu responsable de payer.<\/p>\n<h2 style=\"font-size:18px !important;\">Channellock Nutbuster Langue Et Rainure Pince Cha307<\/h2>\n<div>Cette fiche produit est originalement \u00e9crite en anglais. Veuillez trouver ci dessous une traduction automatique en fran\u00e7ais. Si vous avez des questions veuillez nous contacter.<\/div>\n<\/div>\n<p><html><head><\/head><body>Channellock nutbuster<br \/>Pince \u00e0 rainure et languette<\/p>\n<p>Description<\/p>\n<p>Nez de perroquet id\u00e9al pour les surfaces arrondies<\/p>\n<p>Les dents chauff\u00e9es au laser \u00e0 angle droit adh\u00e8rent mieux et durent plus longtemps. <\/p>\n<p>Am\u00e9lior\u00e9 &#8211; plus grande capacit\u00e9 de la m\u00e2choire avec la fixation permalock. <\/p>\n<p>Acier \u00e0 haute teneur en carbone C1080 pour des performances sup\u00e9rieures et un rev\u00eatement \u00e9lectronique pour une pr\u00e9vention ultime de la rouille. <\/p>\n<p>Poign\u00e9e confort bleu Channellock. <\/p>\n<p>Cha307<\/p>\n<p>Fabriqu\u00e9 aux \u00c9tats-Unis <\/p>\n<p>Publi\u00e9 avec <a href=\"https:\/\/mobile.ebay.com\" target=\"_blank\">eBay Mobile<\/a><\/p>\n<p> <!-- VENDBASCTCTCTVENDBASCT --> <center> <\/center> <!-- VENDBASCTCTCTVENDBASCT --> <!--VGMVAGRVKGEVRGFST--><!-- GVAVLVLVEVRVYV --> <center> <\/center> <!--VGMVAGRVKGEVRGSND--><!--VGPVRGOVMGOVMGAVRGKVEGRVFST--><center> <img decoding=\"async\" height=\"33\" src=\"https:\/\/imagehost.vendio.com\/img\/logos\/free-gallery.gif\" vspace=\"2\" width=\"88\"\/><br \/> <a target=\"_blank\"><font color=\"#0000FF\" face=\"Verdana, Arial, Helvetica, sans-serif\" size=\"2\"><b><\/p>\n<div id=\"vgalcredit\">Cliquez ici. Doublez votre trafic. Obtenez Vendio Gallery &#8211; maintenant GRATUIT!<\/div>\n<p><\/b><\/font><\/a><\/p>\n<p> <\/center> <!--VGPVRGOVMGOVMGAVRGKVEGRVSND--><\/p>\n<div style=\"display: none\">\n<div typeof=\"Product\" vocab=\"https:\/\/schema.org\/\"><span property=\"description\">Channellock nutbuster Pince \u00e0 rainure et languette Description Nez de perroquet id\u00e9al pour les surfaces arrondies Les dents chauff\u00e9es au laser \u00e0 angle droit adh\u00e8rent mieux et durent plus longtemps. Am\u00e9lior\u00e9 &#8211; plus grande capacit\u00e9 de la m\u00e2choire avec la fixation permalock. Acier \u00e0 haute teneur en carbone C1080 pour des performances sup\u00e9rieures et un rev\u00eatement \u00e9lectronique pour une pr\u00e9vention ultime de la rouille. Poign\u00e9e confort bleu Channellock. Cha307 Fabriqu\u00e9 aux \u00c9tats-Unis Publi\u00e9 avec eBay Mobile Cliquez ici. Doublez votre trafic. Obtenez Vendio Gallery &#8211; maintenant GRATUIT! <\/span><\/div>\n<\/div>\n<p><\/body><\/html><\/p>\n<table>\n<tbody>\n<tr>\n<td>Brand<\/td>\n<td>Channellock<\/td>\n<\/tr>\n<tr>\n<td>Manufacturer Part Number<\/td>\n<td>307<\/td>\n<\/tr>\n<tr>\n<td>UPC<\/td>\n<td>Does not apply<\/td>\n<\/tr>\n<\/tbody>\n<\/table>\n","protected":false},"excerpt":{"rendered":"<p>Les commandes r\u00e9alis\u00e9es \u00e0 partir des \u00c9tats-Unis, peuvent \u00eatre soumises \u00e0 des taxes d&#8217;importation et droits de douane, que l&#8217;acheteur est tenu responsable de payer. Channellock Nutbuster Langue Et Rainure Pince Cha307 Cette fiche produit est originalement \u00e9crite en anglais. Veuillez trouver ci dessous une traduction automatique en fran\u00e7ais. Si vous avez des questions veuillez&#8230;<\/p>\n","protected":false},"featured_media":3259,"comment_status":"closed","ping_status":"closed","template":"","meta":[],"product_brand":[],"product_cat":[21],"product_tag":[],"class_list":{"0":"post-3258","1":"product","2":"type-product","3":"status-publish","4":"has-post-thumbnail","6":"product_cat-other","7":"pa_marque-channellock","8":"pa_numero-de-piece-fabricant-1850","10":"first","11":"instock","12":"taxable","13":"shipping-taxable","14":"purchasable","15":"product-type-simple"},"_links":{"self":[{"href":"https:\/\/www.dwtool.com\/index.php?rest_route=\/wp\/v2\/product\/3258","targetHints":{"allow":["GET"]}}],"collection":[{"href":"https:\/\/www.dwtool.com\/index.php?rest_route=\/wp\/v2\/product"}],"about":[{"href":"https:\/\/www.dwtool.com\/index.php?rest_route=\/wp\/v2\/types\/product"}],"replies":[{"embeddable":true,"href":"https:\/\/www.dwtool.com\/index.php?rest_route=%2Fwp%2Fv2%2Fcomments&post=3258"}],"wp:featuredmedia":[{"embeddable":true,"href":"https:\/\/www.dwtool.com\/index.php?rest_route=\/wp\/v2\/media\/3259"}],"wp:attachment":[{"href":"https:\/\/www.dwtool.com\/index.php?rest_route=%2Fwp%2Fv2%2Fmedia&parent=3258"}],"wp:term":[{"taxonomy":"product_brand","embeddable":true,"href":"https:\/\/www.dwtool.com\/index.php?rest_route=%2Fwp%2Fv2%2Fproduct_brand&post=3258"},{"taxonomy":"product_cat","embeddable":true,"href":"https:\/\/www.dwtool.com\/index.php?rest_route=%2Fwp%2Fv2%2Fproduct_cat&post=3258"},{"taxonomy":"product_tag","embeddable":true,"href":"https:\/\/www.dwtool.com\/index.php?rest_route=%2Fwp%2Fv2%2Fproduct_tag&post=3258"}],"curies":[{"name":"wp","href":"https:\/\/api.w.org\/{rel}","templated":true}]}}