{"id":3277,"date":"2019-05-24T06:49:03","date_gmt":"2019-05-24T06:49:03","guid":{"rendered":"https:\/\/www.dwtool.com\/?product=1-4-magnetico-conector-soportes"},"modified":"2025-10-07T06:43:52","modified_gmt":"2025-10-07T06:43:52","slug":"1-4-magnetico-conector-soportes","status":"publish","type":"product","link":"https:\/\/www.dwtool.com\/?product=1-4-magnetico-conector-soportes","title":{"rendered":"1\/4&quot; Magn\u00e9tico Conector Soportes"},"content":{"rendered":"<p><meta name=\"viewport\" content=\"width=device-width, initial-scale=1.0\"><\/p>\n<div style=\"background-color: white !important; border:1px solid #ccc !important; width: 90% !important; padding: 6px !important; margin: auto !important; text-align: left !important; font-size:14px !important; line-height:24px !important;\">Al realizar un pedido desde los EE. UU. los paquetes pueden estar sujetos a impuestos de importaci\u00f3n y a los aranceles, que el comprador debe pagar.<\/p>\n<h2 style=\"font-size:18px !important;\">1\/4&#8243; Magn\u00e9tico Conector Soportes<\/h2>\n<div>Esta ficha t\u00e9cnica del producto ha sido originalmente escrita en ingl\u00e9s. A continuaci\u00f3n puede encontrar una traducci\u00f3n autom\u00e1tica al espa\u00f1ol. Si usted tiene alguna pregunta por favor p\u00f3ngase en contacto con nosotros.<\/div>\n<\/div>\n<p><html><head><\/head><body><font rwr=\"1\" size=\"4\" style=\"font-family:Arial\">Soportes de enchufe magn\u00e9tico Lisle 1\/4 &#8220;rojo y negro<\/p>\n<p>Se utiliza para casquillos fraccionales, m\u00e9tricos y profundos <\/p>\n<p>26 compartimentos de recept\u00e1culos separados sostienen recept\u00e1culos de hasta 5\/8 &#8220;o 15 mm<\/p>\n<p>El fuerte im\u00e1n sujeta firmemente el z\u00f3calo en la bandeja<\/p>\n<p>Z\u00f3calos planos para adaptarse a cualquier caja de herramientas <\/p>\n<p>Los enchufes est\u00e1n expuestos para una f\u00e1cil identificaci\u00f3n. <\/p>\n<p>El im\u00e1n el\u00e9ctrico sujeta la bandeja a las superficies de acero. <\/p>\n<p>Lis40120 y lis40130<\/p>\n<p><\/font><\/p>\n<div style=\"display: none\">\n<div typeof=\"Product\" vocab=\"https:\/\/schema.org\/\"><span property=\"description\">Soportes de enchufe magn\u00e9tico Lisle 1\/4 &#8220;rojo y negro Se utiliza para casquillos fraccionales, m\u00e9tricos y profundos 26 compartimentos de recept\u00e1culos separados sostienen recept\u00e1culos de hasta 5\/8 &#8220;o 15 mm El fuerte im\u00e1n sujeta firmemente el z\u00f3calo en la bandeja Z\u00f3calos planos para adaptarse a cualquier caja de herramientas Los enchufes est\u00e1n expuestos para una f\u00e1cil identificaci\u00f3n. El im\u00e1n el\u00e9ctrico sujeta la bandeja a las superficies de acero. Lis40120 y lis40130<\/span><\/div>\n<\/div>\n<p><\/body><\/html><\/p>\n<table>\n<tbody>\n<tr>\n<td>Brand<\/td>\n<td>LISLE<\/td>\n<\/tr>\n<tr>\n<td>Manufacturer Part Number<\/td>\n<td>Lis40120 and lis40130<\/td>\n<\/tr>\n<tr>\n<td>UPC<\/td>\n<td>Does not apply<\/td>\n<\/tr>\n<\/tbody>\n<\/table>\n","protected":false},"excerpt":{"rendered":"<p>Al realizar un pedido desde los EE. UU. los paquetes pueden estar sujetos a impuestos de importaci\u00f3n y a los aranceles, que el comprador debe pagar. 1\/4&#8243; Magn\u00e9tico Conector Soportes Esta ficha t\u00e9cnica del producto ha sido originalmente escrita en ingl\u00e9s. A continuaci\u00f3n puede encontrar una traducci\u00f3n autom\u00e1tica al espa\u00f1ol. Si usted tiene alguna pregunta&#8230;<\/p>\n","protected":false},"featured_media":3278,"comment_status":"closed","ping_status":"closed","template":"","meta":[],"product_brand":[],"product_cat":[21],"product_tag":[],"class_list":{"0":"post-3277","1":"product","2":"type-product","3":"status-publish","4":"has-post-thumbnail","6":"product_cat-other","7":"pa_marca-lisle","8":"pa_mpn-lis40120-and-lis40130","10":"first","11":"instock","12":"taxable","13":"shipping-taxable","14":"purchasable","15":"product-type-simple"},"_links":{"self":[{"href":"https:\/\/www.dwtool.com\/index.php?rest_route=\/wp\/v2\/product\/3277","targetHints":{"allow":["GET"]}}],"collection":[{"href":"https:\/\/www.dwtool.com\/index.php?rest_route=\/wp\/v2\/product"}],"about":[{"href":"https:\/\/www.dwtool.com\/index.php?rest_route=\/wp\/v2\/types\/product"}],"replies":[{"embeddable":true,"href":"https:\/\/www.dwtool.com\/index.php?rest_route=%2Fwp%2Fv2%2Fcomments&post=3277"}],"wp:featuredmedia":[{"embeddable":true,"href":"https:\/\/www.dwtool.com\/index.php?rest_route=\/wp\/v2\/media\/3278"}],"wp:attachment":[{"href":"https:\/\/www.dwtool.com\/index.php?rest_route=%2Fwp%2Fv2%2Fmedia&parent=3277"}],"wp:term":[{"taxonomy":"product_brand","embeddable":true,"href":"https:\/\/www.dwtool.com\/index.php?rest_route=%2Fwp%2Fv2%2Fproduct_brand&post=3277"},{"taxonomy":"product_cat","embeddable":true,"href":"https:\/\/www.dwtool.com\/index.php?rest_route=%2Fwp%2Fv2%2Fproduct_cat&post=3277"},{"taxonomy":"product_tag","embeddable":true,"href":"https:\/\/www.dwtool.com\/index.php?rest_route=%2Fwp%2Fv2%2Fproduct_tag&post=3277"}],"curies":[{"name":"wp","href":"https:\/\/api.w.org\/{rel}","templated":true}]}}