{"id":3282,"date":"2019-05-24T06:49:04","date_gmt":"2019-05-24T06:49:04","guid":{"rendered":"https:\/\/www.dwtool.com\/?product=schley-99700-mitsubishi-chrysler-dohc-hydraulik-ventil-heber-entfernung-werkzeug"},"modified":"2025-10-07T06:44:07","modified_gmt":"2025-10-07T06:44:07","slug":"schley-99700-mitsubishi-chrysler-dohc-hydraulik-ventil-heber-entfernung-werkzeug","status":"publish","type":"product","link":"https:\/\/www.dwtool.com\/?product=schley-99700-mitsubishi-chrysler-dohc-hydraulik-ventil-heber-entfernung-werkzeug","title":{"rendered":"Schley 99700 Mitsubishi Chrysler Dohc Hydraulik Ventil Heber Entfernung Werkzeug"},"content":{"rendered":"<p><meta name=\"viewport\" content=\"width=device-width, initial-scale=1.0\"><\/p>\n<div style=\"background-color: white !important; border:1px solid #ccc !important; width: 90% !important; padding: 6px !important; margin: auto !important; text-align: left !important; font-size:14px !important; line-height:24px !important;\">Wenn Sie von dem US Marktplatz bestellen, k\u00f6nnen f\u00fcr die Pakete Steuern und Zollgeb\u00fchren anfallen, die der K\u00e4ufer sp\u00e4ter tragen muss.<\/p>\n<h2 style=\"font-size:18px !important;\">Schley 99700 Mitsubishi Chrysler Dohc Hydraulik Ventil Heber Entfernung Werkzeug<\/h2>\n<div>Das Datenblatt dieses Produkts wurde urspr\u00fcnglich auf Englisch verfasst. Unten finden Sie eine automatische \u00dcbersetzung ins Deutsche. Sollten Sie irgendwelche Fragen haben, kontaktieren Sie uns.<\/div>\n<\/div>\n<p><html><head><meta content=\"text\/html; charset=UTF-8\" http-equiv=\"Content-Type\"\/><\/head><body><font rwr=\"1\" size=\"4\" style=\"font-family:Arial\"><\/p>\n<p><font color=\"#202020\" face=\"Arial\" size=\"4\"><strong>Schley 99700 \u00a0 Mitsubishi Chrysler \u00a0 Dohc Hydraulic Valve Lifter Entfernungswerkzeug<\/strong><\/font><\/p>\n<p><strong><font color=\"#202020\" face=\"Arial\" size=\"4\"><\/font><\/strong>\u00a0<\/p>\n<p><strong><font color=\"#202020\" face=\"Arial\" size=\"4\"><\/p>\n<p><strong>Merkmale und Vorteile:<\/strong><\/p>\n<ul>\n<li><font color=\"#535353\" size=\"3\">F\u00fcr Mitsubishi und Chrysler-Fahrzeugen<\/font><\/li>\n<li><font color=\"#535353\" size=\"3\">Ein spezielles Werkzeug ist notwendig, um die Ventilfeder zur Entfernung von Hydraulikventil Heber dr\u00fccken<\/font><\/li>\n<li><font color=\"#535353\" size=\"3\">Das Werkzeug gleitet zwischen dem Cam-Turm und die Nocken \u00fcber die Ventil-Federteller<\/font><\/li>\n<li><font color=\"#535353\" size=\"3\">Durch Hochziehen am Werkzeug das Ventil Feder gedr\u00fcckt und der Hydraulikventil-Lifter kann entfernt werden<\/font><\/li>\n<li><font color=\"#535353\" size=\"3\">Dieses Tool dient auch den Hydraulikventil Lifter ersetzen<\/font><\/li>\n<\/ul>\n<p><font color=\"#535353\" size=\"3\">Das Werkzeug wird sowohl mit als auch ohne Turbo in den folgenden Motoren verwendet: 1.6 Liter und 2.0 3.0 Liter 6 Zylinder, 1991 und sp\u00e4ter, 3.5 Liter 6 Zylinder, 1995 und 1996.<\/font><\/p>\n<p><\/font><\/p>\n<p>\u00a0<\/p>\n<p><\/strong><\/p>\n<p>\u00a0<\/p>\n<p><\/font><\/body><\/html><\/p>\n<table>\n<tbody>\n<tr>\n<td>Set or Single Item<\/td>\n<td>Single Item<\/td>\n<\/tr>\n<tr>\n<td>Brand<\/td>\n<td>Schley Products<\/td>\n<\/tr>\n<tr>\n<td>Manufacturer Part Number<\/td>\n<td>99700<\/td>\n<\/tr>\n<tr>\n<td>UPC<\/td>\n<td>Does not apply<\/td>\n<\/tr>\n<\/tbody>\n<\/table>\n","protected":false},"excerpt":{"rendered":"<p>Wenn Sie von dem US Marktplatz bestellen, k\u00f6nnen f\u00fcr die Pakete Steuern und Zollgeb\u00fchren anfallen, die der K\u00e4ufer sp\u00e4ter tragen muss. Schley 99700 Mitsubishi Chrysler Dohc Hydraulik Ventil Heber Entfernung Werkzeug Das Datenblatt dieses Produkts wurde urspr\u00fcnglich auf Englisch verfasst. Unten finden Sie eine automatische \u00dcbersetzung ins Deutsche. Sollten Sie irgendwelche Fragen haben, kontaktieren Sie&#8230;<\/p>\n","protected":false},"featured_media":3283,"comment_status":"closed","ping_status":"closed","template":"","meta":[],"product_brand":[],"product_cat":[21],"product_tag":[],"class_list":{"0":"post-3282","1":"product","2":"type-product","3":"status-publish","4":"has-post-thumbnail","6":"product_cat-other","7":"pa_ean-nicht-zutreffend","8":"pa_festgelegt-oder-einzelner-art-einzelner-artikel","9":"pa_herstellernummer-1860","10":"pa_marke-schley-products","12":"first","13":"instock","14":"taxable","15":"shipping-taxable","16":"purchasable","17":"product-type-simple"},"_links":{"self":[{"href":"https:\/\/www.dwtool.com\/index.php?rest_route=\/wp\/v2\/product\/3282","targetHints":{"allow":["GET"]}}],"collection":[{"href":"https:\/\/www.dwtool.com\/index.php?rest_route=\/wp\/v2\/product"}],"about":[{"href":"https:\/\/www.dwtool.com\/index.php?rest_route=\/wp\/v2\/types\/product"}],"replies":[{"embeddable":true,"href":"https:\/\/www.dwtool.com\/index.php?rest_route=%2Fwp%2Fv2%2Fcomments&post=3282"}],"wp:featuredmedia":[{"embeddable":true,"href":"https:\/\/www.dwtool.com\/index.php?rest_route=\/wp\/v2\/media\/3283"}],"wp:attachment":[{"href":"https:\/\/www.dwtool.com\/index.php?rest_route=%2Fwp%2Fv2%2Fmedia&parent=3282"}],"wp:term":[{"taxonomy":"product_brand","embeddable":true,"href":"https:\/\/www.dwtool.com\/index.php?rest_route=%2Fwp%2Fv2%2Fproduct_brand&post=3282"},{"taxonomy":"product_cat","embeddable":true,"href":"https:\/\/www.dwtool.com\/index.php?rest_route=%2Fwp%2Fv2%2Fproduct_cat&post=3282"},{"taxonomy":"product_tag","embeddable":true,"href":"https:\/\/www.dwtool.com\/index.php?rest_route=%2Fwp%2Fv2%2Fproduct_tag&post=3282"}],"curies":[{"name":"wp","href":"https:\/\/api.w.org\/{rel}","templated":true}]}}