{"id":3300,"date":"2019-05-24T06:49:04","date_gmt":"2019-05-24T06:49:04","guid":{"rendered":"https:\/\/www.dwtool.com\/?product=levas-ajustador-perno-enchufe-para-audi-vw"},"modified":"2025-10-07T06:44:57","modified_gmt":"2025-10-07T06:44:57","slug":"levas-ajustador-perno-enchufe-para-audi-vw","status":"publish","type":"product","link":"https:\/\/www.dwtool.com\/?product=levas-ajustador-perno-enchufe-para-audi-vw","title":{"rendered":"Levas Ajustador Perno Enchufe Para Audi\/ VW"},"content":{"rendered":"<p><meta name=\"viewport\" content=\"width=device-width, initial-scale=1.0\"><\/p>\n<div style=\"background-color: white !important; border:1px solid #ccc !important; width: 90% !important; padding: 6px !important; margin: auto !important; text-align: left !important; font-size:14px !important; line-height:24px !important;\">Al realizar un pedido desde los EE. UU. los paquetes pueden estar sujetos a impuestos de importaci\u00f3n y a los aranceles, que el comprador debe pagar.<\/p>\n<h2 style=\"font-size:18px !important;\">Levas Ajustador Perno Enchufe Para Audi\/ VW<\/h2>\n<div>Esta ficha t\u00e9cnica del producto ha sido originalmente escrita en ingl\u00e9s. A continuaci\u00f3n puede encontrar una traducci\u00f3n autom\u00e1tica al espa\u00f1ol. Si usted tiene alguna pregunta por favor p\u00f3ngase en contacto con nosotros.<\/div>\n<\/div>\n<p><html><head><\/head><body><font rwr=\"1\" size=\"4\" style=\"font-family:Arial\">Tornillo de ajuste del \u00e1rbol de levas para Audi y VW<\/p>\n<p>Aplicable a VW Audi 2.0L turbo BPY <\/p>\n<p>Polydrive # 10<\/p>\n<p>Publicado con <a href=\"https:\/\/mobile.ebay.com\" target=\"_blank\">eBay Mobile<\/a><\/p>\n<p> <!-- VENDBASCTCTCTVENDBASCT --> <center> <\/center> <!-- VENDBASCTCTCTVENDBASCT --> <!--VGMVAGRVKGEVRGFST--><!-- GVAVLVLVEVRVYV --> <center> <\/center> <!--VGMVAGRVKGEVRGSND--><!--VGPVRGOVMGOVMGAVRGKVEGRVFST--><center> <img decoding=\"async\" height=\"33\" src=\"https:\/\/imagehost.vendio.com\/img\/logos\/free-gallery.gif\" vspace=\"2\" width=\"88\"\/><br \/> <a target=\"_blank\"><font color=\"#0000FF\" face=\"Verdana, Arial, Helvetica, sans-serif\" size=\"2\"><b><\/p>\n<div id=\"vgalcredit\">Haga clic aqu\u00ed. Duplica tu tr\u00e1fico. Obtenga la Galer\u00eda Vendio &#8211; \u00a1Ahora GRATIS!<\/div>\n<p><\/b><\/font><\/a><\/p>\n<p> <\/center> <!--VGPVRGOVMGOVMGAVRGKVEGRVSND--><\/font><\/p>\n<div style=\"display: none\">\n<div typeof=\"Product\" vocab=\"https:\/\/schema.org\/\"><span property=\"description\">Tornillo de ajuste del \u00e1rbol de levas para Audi y VW Aplicable a VW Audi 2.0L turbo BPY Polydrive # 10 Publicado con eBay Mobile Haga clic aqu\u00ed. Duplica tu tr\u00e1fico. Obtenga la Galer\u00eda Vendio &#8211; \u00a1Ahora GRATIS! <\/span><\/div>\n<\/div>\n<p><\/body><\/html><\/p>\n<table>\n<tbody>\n<tr>\n<td>Brand<\/td>\n<td>Assenmacher<\/td>\n<\/tr>\n<tr>\n<td>Manufacturer Part Number<\/td>\n<td>VW5220<\/td>\n<\/tr>\n<tr>\n<td>UPC<\/td>\n<td>Does not apply<\/td>\n<\/tr>\n<\/tbody>\n<\/table>\n","protected":false},"excerpt":{"rendered":"<p>Al realizar un pedido desde los EE. UU. los paquetes pueden estar sujetos a impuestos de importaci\u00f3n y a los aranceles, que el comprador debe pagar. Levas Ajustador Perno Enchufe Para Audi\/ VW Esta ficha t\u00e9cnica del producto ha sido originalmente escrita en ingl\u00e9s. A continuaci\u00f3n puede encontrar una traducci\u00f3n autom\u00e1tica al espa\u00f1ol. Si usted&#8230;<\/p>\n","protected":false},"featured_media":3301,"comment_status":"closed","ping_status":"closed","template":"","meta":[],"product_brand":[],"product_cat":[21],"product_tag":[],"class_list":{"0":"post-3300","1":"product","2":"type-product","3":"status-publish","4":"has-post-thumbnail","6":"product_cat-other","7":"pa_marca-assenmacher","8":"pa_mpn-vw5220","10":"first","11":"instock","12":"taxable","13":"shipping-taxable","14":"purchasable","15":"product-type-simple"},"_links":{"self":[{"href":"https:\/\/www.dwtool.com\/index.php?rest_route=\/wp\/v2\/product\/3300","targetHints":{"allow":["GET"]}}],"collection":[{"href":"https:\/\/www.dwtool.com\/index.php?rest_route=\/wp\/v2\/product"}],"about":[{"href":"https:\/\/www.dwtool.com\/index.php?rest_route=\/wp\/v2\/types\/product"}],"replies":[{"embeddable":true,"href":"https:\/\/www.dwtool.com\/index.php?rest_route=%2Fwp%2Fv2%2Fcomments&post=3300"}],"wp:featuredmedia":[{"embeddable":true,"href":"https:\/\/www.dwtool.com\/index.php?rest_route=\/wp\/v2\/media\/3301"}],"wp:attachment":[{"href":"https:\/\/www.dwtool.com\/index.php?rest_route=%2Fwp%2Fv2%2Fmedia&parent=3300"}],"wp:term":[{"taxonomy":"product_brand","embeddable":true,"href":"https:\/\/www.dwtool.com\/index.php?rest_route=%2Fwp%2Fv2%2Fproduct_brand&post=3300"},{"taxonomy":"product_cat","embeddable":true,"href":"https:\/\/www.dwtool.com\/index.php?rest_route=%2Fwp%2Fv2%2Fproduct_cat&post=3300"},{"taxonomy":"product_tag","embeddable":true,"href":"https:\/\/www.dwtool.com\/index.php?rest_route=%2Fwp%2Fv2%2Fproduct_tag&post=3300"}],"curies":[{"name":"wp","href":"https:\/\/api.w.org\/{rel}","templated":true}]}}