{"id":3311,"date":"2019-05-24T06:49:04","date_gmt":"2019-05-24T06:49:04","guid":{"rendered":"https:\/\/www.dwtool.com\/?product=schley-99700-mitsubishi-chrysler-dohc-hydraulique-valve-lifter-outil-extraction"},"modified":"2025-10-07T06:45:49","modified_gmt":"2025-10-07T06:45:49","slug":"schley-99700-mitsubishi-chrysler-dohc-hydraulique-valve-lifter-outil-extraction","status":"publish","type":"product","link":"https:\/\/www.dwtool.com\/?product=schley-99700-mitsubishi-chrysler-dohc-hydraulique-valve-lifter-outil-extraction","title":{"rendered":"Schley 99700 Mitsubishi Chrysler Dohc Hydraulique Valve Lifter Outil Extraction"},"content":{"rendered":"<p><meta name=\"viewport\" content=\"width=device-width, initial-scale=1.0\"><\/p>\n<div style=\"background-color: white !important; border:1px solid #ccc !important; width: 90% !important; padding: 6px !important; margin: auto !important; text-align: left !important; font-size:14px !important; line-height:24px !important;\">Les commandes r\u00e9alis\u00e9es \u00e0 partir des \u00c9tats-Unis, peuvent \u00eatre soumises \u00e0 des taxes d&#8217;importation et droits de douane, que l&#8217;acheteur est tenu responsable de payer.<\/p>\n<h2 style=\"font-size:18px !important;\">Schley 99700 Mitsubishi Chrysler Dohc Hydraulique Valve Lifter Outil Extraction<\/h2>\n<div>Cette fiche produit est originalement \u00e9crite en anglais. Veuillez trouver ci dessous une traduction automatique en fran\u00e7ais. Si vous avez des questions veuillez nous contacter.<\/div>\n<\/div>\n<p><html><head><meta content=\"text\/html; charset=UTF-8\" http-equiv=\"Content-Type\"\/><\/head><body><font rwr=\"1\" size=\"4\" style=\"font-family:Arial\"><\/p>\n<p><font color=\"#202020\" face=\"Arial\" size=\"4\"><strong>Schley 99700 \u00a0 Mitsubishi Chrysler \u00a0 Outil de suppression de levier de soupape hydraulique Dohc<\/strong><\/font><\/p>\n<p><strong><font color=\"#202020\" face=\"Arial\" size=\"4\"><\/font><\/strong>\u00a0<\/p>\n<p><strong><font color=\"#202020\" face=\"Arial\" size=\"4\"><\/p>\n<p><strong>Caract\u00e9ristiques et avantages:<\/strong><\/p>\n<ul>\n<li><font color=\"#535353\" size=\"3\">Pour les v\u00e9hicules Mitsubishi et Chrysler<\/font><\/li>\n<li><font color=\"#535353\" size=\"3\">Un outil sp\u00e9cial est n\u00e9cessaire pour appuyer sur le ressort de soupape pour enlever les tiges de soupapes hydrauliques<\/font><\/li>\n<li><font color=\"#535353\" size=\"3\">L\u2019outil glisse entre la tour de la cam et le lobe de came sur la retenue de ressort de soupape<\/font><\/li>\n<li><font color=\"#535353\" size=\"3\">En tirant sur l\u2019outil de la soupape de printemps est d\u00e9prim\u00e9 et le poussoir de soupape hydraulique peut \u00eatre retir\u00e9<\/font><\/li>\n<li><font color=\"#535353\" size=\"3\">Cet outil est \u00e9galement utilis\u00e9 pour remplacer le poussoir de soupape hydraulique<\/font><\/li>\n<\/ul>\n<p><font color=\"#535353\" size=\"3\">L&#8217;outil est utilis\u00e9 avec les moteurs turbo et non turbo dans les moteurs suivants: 1.6 litre et 2.0 3.0 litres 6 cylindres, 1991 et plus tard, 3.5 litre 6 cylindres, 1995 et 1996.<\/font><\/p>\n<p><\/font><\/p>\n<p>\u00a0<\/p>\n<p><\/strong><\/p>\n<p>\u00a0<\/p>\n<p><\/font><\/body><\/html><\/p>\n<table>\n<tbody>\n<tr>\n<td>Set or Single Item<\/td>\n<td>Single Item<\/td>\n<\/tr>\n<tr>\n<td>Brand<\/td>\n<td>Schley Products<\/td>\n<\/tr>\n<tr>\n<td>Manufacturer Part Number<\/td>\n<td>99700<\/td>\n<\/tr>\n<tr>\n<td>UPC<\/td>\n<td>Does not apply<\/td>\n<\/tr>\n<\/tbody>\n<\/table>\n","protected":false},"excerpt":{"rendered":"<p>Les commandes r\u00e9alis\u00e9es \u00e0 partir des \u00c9tats-Unis, peuvent \u00eatre soumises \u00e0 des taxes d&#8217;importation et droits de douane, que l&#8217;acheteur est tenu responsable de payer. Schley 99700 Mitsubishi Chrysler Dohc Hydraulique Valve Lifter Outil Extraction Cette fiche produit est originalement \u00e9crite en anglais. Veuillez trouver ci dessous une traduction automatique en fran\u00e7ais. Si vous avez&#8230;<\/p>\n","protected":false},"featured_media":3312,"comment_status":"closed","ping_status":"closed","template":"","meta":[],"product_brand":[],"product_cat":[21],"product_tag":[],"class_list":{"0":"post-3311","1":"product","2":"type-product","3":"status-publish","4":"has-post-thumbnail","6":"product_cat-other","7":"pa_ensemble-ou-article-individue-article-individuel","8":"pa_marque-schley-products","9":"pa_numero-de-piece-fabricant-1877","11":"first","12":"instock","13":"taxable","14":"shipping-taxable","15":"purchasable","16":"product-type-simple"},"_links":{"self":[{"href":"https:\/\/www.dwtool.com\/index.php?rest_route=\/wp\/v2\/product\/3311","targetHints":{"allow":["GET"]}}],"collection":[{"href":"https:\/\/www.dwtool.com\/index.php?rest_route=\/wp\/v2\/product"}],"about":[{"href":"https:\/\/www.dwtool.com\/index.php?rest_route=\/wp\/v2\/types\/product"}],"replies":[{"embeddable":true,"href":"https:\/\/www.dwtool.com\/index.php?rest_route=%2Fwp%2Fv2%2Fcomments&post=3311"}],"wp:featuredmedia":[{"embeddable":true,"href":"https:\/\/www.dwtool.com\/index.php?rest_route=\/wp\/v2\/media\/3312"}],"wp:attachment":[{"href":"https:\/\/www.dwtool.com\/index.php?rest_route=%2Fwp%2Fv2%2Fmedia&parent=3311"}],"wp:term":[{"taxonomy":"product_brand","embeddable":true,"href":"https:\/\/www.dwtool.com\/index.php?rest_route=%2Fwp%2Fv2%2Fproduct_brand&post=3311"},{"taxonomy":"product_cat","embeddable":true,"href":"https:\/\/www.dwtool.com\/index.php?rest_route=%2Fwp%2Fv2%2Fproduct_cat&post=3311"},{"taxonomy":"product_tag","embeddable":true,"href":"https:\/\/www.dwtool.com\/index.php?rest_route=%2Fwp%2Fv2%2Fproduct_tag&post=3311"}],"curies":[{"name":"wp","href":"https:\/\/api.w.org\/{rel}","templated":true}]}}