{"id":3317,"date":"2019-05-24T06:49:05","date_gmt":"2019-05-24T06:49:05","guid":{"rendered":"https:\/\/www.dwtool.com\/?product=astro-pneumatic-3081-3-in-1-neumatico-inflador"},"modified":"2025-10-07T06:46:21","modified_gmt":"2025-10-07T06:46:21","slug":"astro-pneumatic-3081-3-in-1-neumatico-inflador","status":"publish","type":"product","link":"https:\/\/www.dwtool.com\/?product=astro-pneumatic-3081-3-in-1-neumatico-inflador","title":{"rendered":"Astro Pneumatic 3081 3-in-1 Neum\u00e1tico Inflador"},"content":{"rendered":"<p><meta name=\"viewport\" content=\"width=device-width, initial-scale=1.0\"><\/p>\n<div style=\"background-color: white !important; border:1px solid #ccc !important; width: 90% !important; padding: 6px !important; margin: auto !important; text-align: left !important; font-size:14px !important; line-height:24px !important;\">Al realizar un pedido desde los EE. UU. los paquetes pueden estar sujetos a impuestos de importaci\u00f3n y a los aranceles, que el comprador debe pagar.<\/p>\n<h2 style=\"font-size:18px !important;\">Astro Pneumatic 3081 3-in-1 Neum\u00e1tico Inflador<\/h2>\n<div>Esta ficha t\u00e9cnica del producto ha sido originalmente escrita en ingl\u00e9s. A continuaci\u00f3n puede encontrar una traducci\u00f3n autom\u00e1tica al espa\u00f1ol. Si usted tiene alguna pregunta por favor p\u00f3ngase en contacto con nosotros.<\/div>\n<\/div>\n<p><html><head> <meta content=\"text\/html; charset=utf-8\" http-equiv=\"Content-Type\"\/> <meta content=\"text\/css\" http-equiv=\"Content-Style-Type\"\/> <title><\/title> <meta content=\"Cocoa HTML Writer\" name=\"Generator\"\/> <\/head> <body> <\/p>\n<p class=\"p1\"><span class=\"s1\">Caracter\u00edsticas y Beneficios:<\/span><\/p>\n<p class=\"p1\"><span class=\"s1\"><br \/> <\/span><\/p>\n<p class=\"p1\"><span class=\"s1\">Unidad de fundici\u00f3n a presi\u00f3n de aluminio cubierta con funda de goma para mayor comodidad y durabilidad.<\/span><\/p>\n<p class=\"p1\"><span class=\"s1\">Claro y f\u00e1cil de leer<\/span><\/p>\n<p class=\"p1\"><span class=\"s1\">Funci\u00f3n 3 en 1: inflar, desinflar y medir la presi\u00f3n de los neum\u00e1ticos<\/span><\/p>\n<p class=\"p1\"><span class=\"s1\">Dos posiciones en nivel plano \/ desinflado<\/span><\/p>\n<p class=\"p1\"><span class=\"s1\">Mayor seguridad y menores incidentes relacionados con neum\u00e1ticos<\/span><\/p>\n<p class=\"p1\"><span class=\"s1\">Man\u00f3metro de 80 mm (0-12 bar \/ 174 psi)<\/span><\/p>\n<p class=\"p1\"><span class=\"s1\"><br \/> <\/span><\/p>\n<p class=\"p1\"><span class=\"s1\"><br \/> <\/span><\/p>\n<p> <center> <\/center> <!--VGMVAGRVKGEVRGSND--><!--VGPVRGOVMGOVMGAVRGKVEGRVFST--><center> <img decoding=\"async\" height=\"33\" src=\"https:\/\/imagehost.vendio.com\/img\/logos\/free-gallery.gif\" vspace=\"2\" width=\"88\"\/><br \/> <a target=\"_blank\"><font color=\"#0000FF\" face=\"Verdana, Arial, Helvetica, sans-serif\" size=\"2\"><b><\/p>\n<div id=\"vgalcredit\">Haga clic aqu\u00ed. Duplica tu tr\u00e1fico. Obtenga la Galer\u00eda Vendio &#8211; \u00a1Ahora GRATIS!<\/div>\n<p><\/b><\/font><\/a><\/p>\n<p> <\/center> <!--VGPVRGOVMGOVMGAVRGKVEGRVSND--><\/p>\n<div style=\"display: none\">\n<div typeof=\"Product\" vocab=\"https:\/\/schema.org\/\"><span property=\"description\"> Caracter\u00edsticas y Beneficios: Unidad de fundici\u00f3n a presi\u00f3n de aluminio cubierta con funda de goma para mayor comodidad y durabilidad. Claro y f\u00e1cil de leer Funci\u00f3n 3 en 1: inflar, desinflar y medir la presi\u00f3n de los neum\u00e1ticos Dos posiciones en nivel plano \/ desinflado Mayor seguridad y menores incidentes relacionados con neum\u00e1ticos Man\u00f3metro de 80 mm (0-12 bar \/ 174 psi) Haga clic aqu\u00ed. Duplica tu tr\u00e1fico. Obtenga la Galer\u00eda Vendio &#8211; \u00a1Ahora GRATIS! <\/span><\/div>\n<\/div>\n<p><\/body><\/html><!--VGMVAGRVKGEVRGFST--><!-- GVAVLVLVEVRVYV --><\/p>\n<table>\n<tbody>\n<tr>\n<td>Brand<\/td>\n<td>Astro Pneumatic<\/td>\n<\/tr>\n<tr>\n<td>Manufacturer Part Number<\/td>\n<td>3081<\/td>\n<\/tr>\n<tr>\n<td>UPC<\/td>\n<td>Does not apply<\/td>\n<\/tr>\n<\/tbody>\n<\/table>\n","protected":false},"excerpt":{"rendered":"<p>Al realizar un pedido desde los EE. UU. los paquetes pueden estar sujetos a impuestos de importaci\u00f3n y a los aranceles, que el comprador debe pagar. Astro Pneumatic 3081 3-in-1 Neum\u00e1tico Inflador Esta ficha t\u00e9cnica del producto ha sido originalmente escrita en ingl\u00e9s. A continuaci\u00f3n puede encontrar una traducci\u00f3n autom\u00e1tica al espa\u00f1ol. Si usted tiene&#8230;<\/p>\n","protected":false},"featured_media":3318,"comment_status":"closed","ping_status":"closed","template":"","meta":[],"product_brand":[],"product_cat":[21],"product_tag":[],"class_list":{"0":"post-3317","1":"product","2":"type-product","3":"status-publish","4":"has-post-thumbnail","6":"product_cat-other","7":"pa_marca-astro-pneumatic","8":"pa_mpn-1883","10":"first","11":"instock","12":"taxable","13":"shipping-taxable","14":"purchasable","15":"product-type-simple"},"_links":{"self":[{"href":"https:\/\/www.dwtool.com\/index.php?rest_route=\/wp\/v2\/product\/3317","targetHints":{"allow":["GET"]}}],"collection":[{"href":"https:\/\/www.dwtool.com\/index.php?rest_route=\/wp\/v2\/product"}],"about":[{"href":"https:\/\/www.dwtool.com\/index.php?rest_route=\/wp\/v2\/types\/product"}],"replies":[{"embeddable":true,"href":"https:\/\/www.dwtool.com\/index.php?rest_route=%2Fwp%2Fv2%2Fcomments&post=3317"}],"wp:featuredmedia":[{"embeddable":true,"href":"https:\/\/www.dwtool.com\/index.php?rest_route=\/wp\/v2\/media\/3318"}],"wp:attachment":[{"href":"https:\/\/www.dwtool.com\/index.php?rest_route=%2Fwp%2Fv2%2Fmedia&parent=3317"}],"wp:term":[{"taxonomy":"product_brand","embeddable":true,"href":"https:\/\/www.dwtool.com\/index.php?rest_route=%2Fwp%2Fv2%2Fproduct_brand&post=3317"},{"taxonomy":"product_cat","embeddable":true,"href":"https:\/\/www.dwtool.com\/index.php?rest_route=%2Fwp%2Fv2%2Fproduct_cat&post=3317"},{"taxonomy":"product_tag","embeddable":true,"href":"https:\/\/www.dwtool.com\/index.php?rest_route=%2Fwp%2Fv2%2Fproduct_tag&post=3317"}],"curies":[{"name":"wp","href":"https:\/\/api.w.org\/{rel}","templated":true}]}}