{"id":3344,"date":"2019-05-24T06:49:05","date_gmt":"2019-05-24T06:49:05","guid":{"rendered":"https:\/\/www.dwtool.com\/?product=1-4-magnetisch-sockel-halterung"},"modified":"2025-10-07T06:47:37","modified_gmt":"2025-10-07T06:47:37","slug":"1-4-magnetisch-sockel-halterung","status":"publish","type":"product","link":"https:\/\/www.dwtool.com\/?product=1-4-magnetisch-sockel-halterung","title":{"rendered":"1\/4 &quot; Magnetisch Sockel Halterung"},"content":{"rendered":"<p><meta name=\"viewport\" content=\"width=device-width, initial-scale=1.0\"><\/p>\n<div style=\"background-color: white !important; border:1px solid #ccc !important; width: 90% !important; padding: 6px !important; margin: auto !important; text-align: left !important; font-size:14px !important; line-height:24px !important;\">Wenn Sie von dem US Marktplatz bestellen, k\u00f6nnen f\u00fcr die Pakete Steuern und Zollgeb\u00fchren anfallen, die der K\u00e4ufer sp\u00e4ter tragen muss.<\/p>\n<h2 style=\"font-size:18px !important;\">1\/4 &#8221; Magnetisch Sockel Halterung<\/h2>\n<div>Das Datenblatt dieses Produkts wurde urspr\u00fcnglich auf Englisch verfasst. Unten finden Sie eine automatische \u00dcbersetzung ins Deutsche. Sollten Sie irgendwelche Fragen haben, kontaktieren Sie uns.<\/div>\n<\/div>\n<p><html><head><\/head><body><font rwr=\"1\" size=\"4\" style=\"font-family:Arial\">Lisle 1\/4 &#8220;Magnetbuchsenhalter rot und schwarz<\/p>\n<p>Wird f\u00fcr gebrochene, metrische und tiefe Sockets verwendet <\/p>\n<p>26 separate Steckdosenf\u00e4cher f\u00fcr Steckdosen bis zu 15 mm (5\/8 &#8220;)<\/p>\n<p>Starker Magnet h\u00e4lt Sockel sicher in Fach<\/p>\n<p>Steckdosen Flach legen, um in jeden Werkzeugkasten zu passen <\/p>\n<p>Die Steckdosen sind zur einfachen Identifizierung freigelegt <\/p>\n<p>Der Leistungsmagnet h\u00e4lt die Schale an Stahloberfl\u00e4chen. <\/p>\n<p>Lis40120 und lis40130<\/p>\n<p><\/font><\/p>\n<div style=\"display: none\">\n<div typeof=\"Product\" vocab=\"https:\/\/schema.org\/\"><span property=\"description\">Lisle 1\/4 &#8220;Magnetbuchsenhalter rot und schwarz Wird f\u00fcr gebrochene, metrische und tiefe Sockets verwendet 26 separate Steckdosenf\u00e4cher f\u00fcr Steckdosen bis zu 15 mm (5\/8 &#8220;) Starker Magnet h\u00e4lt Sockel sicher in Fach Steckdosen Flach legen, um in jeden Werkzeugkasten zu passen Die Steckdosen sind zur einfachen Identifizierung freigelegt Der Leistungsmagnet h\u00e4lt die Schale an Stahloberfl\u00e4chen. Lis40120 und lis40130<\/span><\/div>\n<\/div>\n<p><\/body><\/html><\/p>\n<table>\n<tbody>\n<tr>\n<td>Brand<\/td>\n<td>LISLE<\/td>\n<\/tr>\n<tr>\n<td>Manufacturer Part Number<\/td>\n<td>Lis40120 and lis40130<\/td>\n<\/tr>\n<tr>\n<td>UPC<\/td>\n<td>Does not apply<\/td>\n<\/tr>\n<\/tbody>\n<\/table>\n","protected":false},"excerpt":{"rendered":"<p>Wenn Sie von dem US Marktplatz bestellen, k\u00f6nnen f\u00fcr die Pakete Steuern und Zollgeb\u00fchren anfallen, die der K\u00e4ufer sp\u00e4ter tragen muss. 1\/4 &#8221; Magnetisch Sockel Halterung Das Datenblatt dieses Produkts wurde urspr\u00fcnglich auf Englisch verfasst. Unten finden Sie eine automatische \u00dcbersetzung ins Deutsche. Sollten Sie irgendwelche Fragen haben, kontaktieren Sie uns. Lisle 1\/4 &#8220;Magnetbuchsenhalter rot&#8230;<\/p>\n","protected":false},"featured_media":3345,"comment_status":"closed","ping_status":"closed","template":"","meta":[],"product_brand":[],"product_cat":[21],"product_tag":[],"class_list":{"0":"post-3344","1":"product","2":"type-product","3":"status-publish","4":"has-post-thumbnail","6":"product_cat-other","7":"pa_herstellernummer-lis40120-and-lis40130","8":"pa_marke-lisle","10":"first","11":"instock","12":"taxable","13":"shipping-taxable","14":"purchasable","15":"product-type-simple"},"_links":{"self":[{"href":"https:\/\/www.dwtool.com\/index.php?rest_route=\/wp\/v2\/product\/3344","targetHints":{"allow":["GET"]}}],"collection":[{"href":"https:\/\/www.dwtool.com\/index.php?rest_route=\/wp\/v2\/product"}],"about":[{"href":"https:\/\/www.dwtool.com\/index.php?rest_route=\/wp\/v2\/types\/product"}],"replies":[{"embeddable":true,"href":"https:\/\/www.dwtool.com\/index.php?rest_route=%2Fwp%2Fv2%2Fcomments&post=3344"}],"wp:featuredmedia":[{"embeddable":true,"href":"https:\/\/www.dwtool.com\/index.php?rest_route=\/wp\/v2\/media\/3345"}],"wp:attachment":[{"href":"https:\/\/www.dwtool.com\/index.php?rest_route=%2Fwp%2Fv2%2Fmedia&parent=3344"}],"wp:term":[{"taxonomy":"product_brand","embeddable":true,"href":"https:\/\/www.dwtool.com\/index.php?rest_route=%2Fwp%2Fv2%2Fproduct_brand&post=3344"},{"taxonomy":"product_cat","embeddable":true,"href":"https:\/\/www.dwtool.com\/index.php?rest_route=%2Fwp%2Fv2%2Fproduct_cat&post=3344"},{"taxonomy":"product_tag","embeddable":true,"href":"https:\/\/www.dwtool.com\/index.php?rest_route=%2Fwp%2Fv2%2Fproduct_tag&post=3344"}],"curies":[{"name":"wp","href":"https:\/\/api.w.org\/{rel}","templated":true}]}}