{"id":3353,"date":"2019-05-24T06:49:05","date_gmt":"2019-05-24T06:49:05","guid":{"rendered":"https:\/\/www.dwtool.com\/?product=astro-pneumatic-3081-3-in-1-pneu-gonfleur"},"modified":"2025-10-07T06:51:19","modified_gmt":"2025-10-07T06:51:19","slug":"astro-pneumatic-3081-3-in-1-pneu-gonfleur","status":"publish","type":"product","link":"https:\/\/www.dwtool.com\/?product=astro-pneumatic-3081-3-in-1-pneu-gonfleur","title":{"rendered":"Astro Pneumatic 3081 3-in-1 Pneu Gonfleur"},"content":{"rendered":"<p><meta name=\"viewport\" content=\"width=device-width, initial-scale=1.0\"><\/p>\n<div style=\"background-color: white !important; border:1px solid #ccc !important; width: 90% !important; padding: 6px !important; margin: auto !important; text-align: left !important; font-size:14px !important; line-height:24px !important;\">Les commandes r\u00e9alis\u00e9es \u00e0 partir des \u00c9tats-Unis, peuvent \u00eatre soumises \u00e0 des taxes d&#8217;importation et droits de douane, que l&#8217;acheteur est tenu responsable de payer.<\/p>\n<h2 style=\"font-size:18px !important;\">Astro Pneumatic 3081 3-in-1 Pneu Gonfleur<\/h2>\n<div>Cette fiche produit est originalement \u00e9crite en anglais. Veuillez trouver ci dessous une traduction automatique en fran\u00e7ais. Si vous avez des questions veuillez nous contacter.<\/div>\n<\/div>\n<p><html><head> <meta content=\"text\/html; charset=utf-8\" http-equiv=\"Content-Type\"\/> <meta content=\"text\/css\" http-equiv=\"Content-Style-Type\"\/> <title><\/title> <meta content=\"Cocoa HTML Writer\" name=\"Generator\"\/> <\/head> <body> <\/p>\n<p class=\"p1\"><span class=\"s1\">Caract\u00e9ristiques et avantages:<\/span><\/p>\n<p class=\"p1\"><span class=\"s1\"><br \/> <\/span><\/p>\n<p class=\"p1\"><span class=\"s1\">Unit\u00e9 de moulage sous pression en aluminium recouverte d&#8217;un manchon en caoutchouc pour plus de confort et de durabilit\u00e9<\/span><\/p>\n<p class=\"p1\"><span class=\"s1\">Clair et facile \u00e0 lire<\/span><\/p>\n<p class=\"p1\"><span class=\"s1\">Fonction 3 en 1: gonfler, d\u00e9falter et mesurer la pression des pneus<\/span><\/p>\n<p class=\"p1\"><span class=\"s1\">Deux positions dans le niveau flate \/ d\u00e9gonflage<\/span><\/p>\n<p class=\"p1\"><span class=\"s1\">S\u00e9curit\u00e9 accrue et r\u00e9duction des incidents li\u00e9s aux pneus<\/span><\/p>\n<p class=\"p1\"><span class=\"s1\">Manom\u00e8tre 80 mm (0-12 bar \/ 174 psi)<\/span><\/p>\n<p class=\"p1\"><span class=\"s1\"><br \/> <\/span><\/p>\n<p class=\"p1\"><span class=\"s1\"><br \/> <\/span><\/p>\n<p> <center> <\/center> <!--VGMVAGRVKGEVRGSND--><!--VGPVRGOVMGOVMGAVRGKVEGRVFST--><center> <img decoding=\"async\" height=\"33\" src=\"https:\/\/imagehost.vendio.com\/img\/logos\/free-gallery.gif\" vspace=\"2\" width=\"88\"\/><br \/> <a target=\"_blank\"><font color=\"#0000FF\" face=\"Verdana, Arial, Helvetica, sans-serif\" size=\"2\"><b><\/p>\n<div id=\"vgalcredit\">Cliquez ici. Doublez votre trafic. Obtenez Vendio Gallery &#8211; maintenant GRATUIT!<\/div>\n<p><\/b><\/font><\/a><\/p>\n<p> <\/center> <!--VGPVRGOVMGOVMGAVRGKVEGRVSND--><\/p>\n<div style=\"display: none\">\n<div typeof=\"Product\" vocab=\"https:\/\/schema.org\/\"><span property=\"description\"> Caract\u00e9ristiques et avantages: Unit\u00e9 de moulage sous pression en aluminium recouverte d&#8217;un manchon en caoutchouc pour plus de confort et de durabilit\u00e9 Clair et facile \u00e0 lire Fonction 3 en 1: gonfler, d\u00e9falter et mesurer la pression des pneus Deux positions dans le niveau flate \/ d\u00e9gonflage S\u00e9curit\u00e9 accrue et r\u00e9duction des incidents li\u00e9s aux pneus Manom\u00e8tre 80 mm (0-12 bar \/ 174 psi) Cliquez ici. Doublez votre trafic. Obtenez Vendio Gallery &#8211; maintenant GRATUIT! <\/span><\/div>\n<\/div>\n<p><\/body><\/html><!--VGMVAGRVKGEVRGFST--><!-- GVAVLVLVEVRVYV --><\/p>\n<table>\n<tbody>\n<tr>\n<td>Brand<\/td>\n<td>Astro Pneumatic<\/td>\n<\/tr>\n<tr>\n<td>Manufacturer Part Number<\/td>\n<td>3081<\/td>\n<\/tr>\n<tr>\n<td>UPC<\/td>\n<td>Does not apply<\/td>\n<\/tr>\n<\/tbody>\n<\/table>\n","protected":false},"excerpt":{"rendered":"<p>Les commandes r\u00e9alis\u00e9es \u00e0 partir des \u00c9tats-Unis, peuvent \u00eatre soumises \u00e0 des taxes d&#8217;importation et droits de douane, que l&#8217;acheteur est tenu responsable de payer. Astro Pneumatic 3081 3-in-1 Pneu Gonfleur Cette fiche produit est originalement \u00e9crite en anglais. Veuillez trouver ci dessous une traduction automatique en fran\u00e7ais. Si vous avez des questions veuillez nous&#8230;<\/p>\n","protected":false},"featured_media":3354,"comment_status":"closed","ping_status":"closed","template":"","meta":[],"product_brand":[],"product_cat":[21],"product_tag":[],"class_list":{"0":"post-3353","1":"product","2":"type-product","3":"status-publish","4":"has-post-thumbnail","6":"product_cat-other","7":"pa_marque-astro-pneumatic","8":"pa_numero-de-piece-fabricant-1899","10":"first","11":"instock","12":"taxable","13":"shipping-taxable","14":"purchasable","15":"product-type-simple"},"_links":{"self":[{"href":"https:\/\/www.dwtool.com\/index.php?rest_route=\/wp\/v2\/product\/3353","targetHints":{"allow":["GET"]}}],"collection":[{"href":"https:\/\/www.dwtool.com\/index.php?rest_route=\/wp\/v2\/product"}],"about":[{"href":"https:\/\/www.dwtool.com\/index.php?rest_route=\/wp\/v2\/types\/product"}],"replies":[{"embeddable":true,"href":"https:\/\/www.dwtool.com\/index.php?rest_route=%2Fwp%2Fv2%2Fcomments&post=3353"}],"wp:featuredmedia":[{"embeddable":true,"href":"https:\/\/www.dwtool.com\/index.php?rest_route=\/wp\/v2\/media\/3354"}],"wp:attachment":[{"href":"https:\/\/www.dwtool.com\/index.php?rest_route=%2Fwp%2Fv2%2Fmedia&parent=3353"}],"wp:term":[{"taxonomy":"product_brand","embeddable":true,"href":"https:\/\/www.dwtool.com\/index.php?rest_route=%2Fwp%2Fv2%2Fproduct_brand&post=3353"},{"taxonomy":"product_cat","embeddable":true,"href":"https:\/\/www.dwtool.com\/index.php?rest_route=%2Fwp%2Fv2%2Fproduct_cat&post=3353"},{"taxonomy":"product_tag","embeddable":true,"href":"https:\/\/www.dwtool.com\/index.php?rest_route=%2Fwp%2Fv2%2Fproduct_tag&post=3353"}],"curies":[{"name":"wp","href":"https:\/\/api.w.org\/{rel}","templated":true}]}}