{"id":3408,"date":"2019-05-24T06:49:06","date_gmt":"2019-05-24T06:49:06","guid":{"rendered":"https:\/\/www.dwtool.com\/?product=moclamp-6318-j-haken-mit-3-8-griff-haken"},"modified":"2025-10-07T06:54:04","modified_gmt":"2025-10-07T06:54:04","slug":"moclamp-6318-j-haken-mit-3-8-griff-haken","status":"publish","type":"product","link":"https:\/\/www.dwtool.com\/?product=moclamp-6318-j-haken-mit-3-8-griff-haken","title":{"rendered":"Moclamp 6318 J Haken mit 3\/8 &quot; Griff Haken"},"content":{"rendered":"<p> <meta\n name=\"viewport\"\n content=\"width=device-width,\n initial-scale=1.0\"><\/p>\n<div style=\"background-color: white !important;\n border:1px solid #ccc !important;\n width: 90% !important;\n padding: 6px !important;\n margin: auto !important;\n text-align: left !important;\n font-size:14px !important;\n line-height:24px !important;\"><\/p>\n<p> Wenn Sie von dem US Marktplatz bestellen, k\u00f6nnen f\u00fcr die Pakete Steuern und Zollgeb\u00fchren anfallen, die der K\u00e4ufer sp\u00e4ter tragen muss.<\/p>\n<h2 style=\"font-size:18px !important;\">Moclamp 6318 J Haken mit 3\/8 &#8221; Griff Haken<\/h2>\n<div>Das Datenblatt dieses Produkts wurde urspr\u00fcnglich auf Englisch verfasst. Unten finden Sie eine automatische \u00dcbersetzung ins Deutsche. Sollten Sie irgendwelche Fragen haben, kontaktieren Sie uns.<\/div>\n<\/p><\/div>\n<p> <html><head><meta content=\"text\/html; charset=UTF-8\" http-equiv=\"Content-Type\"\/><\/head><body>6318 &#8220;J&#8221; Haken mit Greiferhaken<\/p>\n<p>7.94 mm (5\/16 &#8220;) Kette (eloxiert)<\/p>\n<p>Original-Transportsicherung f\u00fcr ALLE Fahrzeuge. Hervorragend f\u00fcr die Rahmenmaschine geeignet, um einen Rahmen zu halten, w\u00e4hrend der Diamant gezogen wird.<\/p>\n<p>Technische Daten:<\/p>\n<p>Gesamte L\u00e4nge 6&#8243;(228mm)<br \/>Gewicht 2 lbs (91 kg)<br \/>Kapazit\u00e4t 4 Tonnen ( 3.629 kg)<!--VGMVAGRVKGEVRGFST--><!-- GVAVLVLVEVRVYV --> <center> <\/center> <!--VGMVAGRVKGEVRGSND--><!--VGPVRGOVMGOVMGAVRGKVEGRVFST--><center> <img decoding=\"async\" height=\"33\" src=\"https:\/\/imagehost.vendio.com\/img\/logos\/free-gallery.gif\" vspace=\"2\" width=\"88\"\/><br \/> <a target=\"_blank\"><font color=\"#0000FF\" face=\"Verdana, Arial, Helvetica, sans-serif\" size=\"2\"><b><\/p>\n<div id=\"vgalcredit\">Klicken Sie hier. Verdoppeln Sie Ihren Verkehr. Holen Vendio Gallery &#8211; Jetzt KOSTENLOS!<\/div>\n<p><\/b><\/font><\/a><\/p>\n<p> <\/center> <!--VGPVRGOVMGOVMGAVRGKVEGRVSND--><\/body><\/html><\/p>\n<table>\n<tbody>\n<tr>\n<td>Warranty<\/td>\n<td>Yes<\/td>\n<\/tr>\n<tr>\n<td>Brand<\/td>\n<td>MOCLAMP<\/td>\n<\/tr>\n<tr>\n<td>Manufacturer Part Number<\/td>\n<td>6318<\/td>\n<\/tr>\n<tr>\n<td>Country\/Region of Manufacture<\/td>\n<td>United States<\/td>\n<\/tr>\n<tr>\n<td>UPC<\/td>\n<td>Does not apply<\/td>\n<\/tr>\n<\/tbody>\n<\/table>\n","protected":false},"excerpt":{"rendered":"<p>Wenn Sie von dem US Marktplatz bestellen, k\u00f6nnen f\u00fcr die Pakete Steuern und Zollgeb\u00fchren anfallen, die der K\u00e4ufer sp\u00e4ter tragen muss. Moclamp 6318 J Haken mit 3\/8 &#8221; Griff Haken Das Datenblatt dieses Produkts wurde urspr\u00fcnglich auf Englisch verfasst. Unten finden Sie eine automatische \u00dcbersetzung ins Deutsche. Sollten Sie irgendwelche Fragen haben, kontaktieren Sie uns&#8230;.<\/p>\n","protected":false},"featured_media":3409,"comment_status":"closed","ping_status":"closed","template":"","meta":[],"product_brand":[],"product_cat":[21],"product_tag":[],"class_list":{"0":"post-3408","1":"product","2":"type-product","3":"status-publish","4":"has-post-thumbnail","6":"product_cat-other","7":"pa_garantie-ja","8":"pa_herstellernummer-1923","9":"pa_land-und-umgebung-hersteller-vereinigte-staaten","10":"pa_marke-moclamp","12":"first","13":"instock","14":"taxable","15":"shipping-taxable","16":"purchasable","17":"product-type-simple"},"_links":{"self":[{"href":"https:\/\/www.dwtool.com\/index.php?rest_route=\/wp\/v2\/product\/3408","targetHints":{"allow":["GET"]}}],"collection":[{"href":"https:\/\/www.dwtool.com\/index.php?rest_route=\/wp\/v2\/product"}],"about":[{"href":"https:\/\/www.dwtool.com\/index.php?rest_route=\/wp\/v2\/types\/product"}],"replies":[{"embeddable":true,"href":"https:\/\/www.dwtool.com\/index.php?rest_route=%2Fwp%2Fv2%2Fcomments&post=3408"}],"wp:featuredmedia":[{"embeddable":true,"href":"https:\/\/www.dwtool.com\/index.php?rest_route=\/wp\/v2\/media\/3409"}],"wp:attachment":[{"href":"https:\/\/www.dwtool.com\/index.php?rest_route=%2Fwp%2Fv2%2Fmedia&parent=3408"}],"wp:term":[{"taxonomy":"product_brand","embeddable":true,"href":"https:\/\/www.dwtool.com\/index.php?rest_route=%2Fwp%2Fv2%2Fproduct_brand&post=3408"},{"taxonomy":"product_cat","embeddable":true,"href":"https:\/\/www.dwtool.com\/index.php?rest_route=%2Fwp%2Fv2%2Fproduct_cat&post=3408"},{"taxonomy":"product_tag","embeddable":true,"href":"https:\/\/www.dwtool.com\/index.php?rest_route=%2Fwp%2Fv2%2Fproduct_tag&post=3408"}],"curies":[{"name":"wp","href":"https:\/\/api.w.org\/{rel}","templated":true}]}}