{"id":3454,"date":"2019-05-24T06:49:07","date_gmt":"2019-05-24T06:49:07","guid":{"rendered":"https:\/\/www.dwtool.com\/?product=ast-fz35a-enfriamiento-adaptador-para-ford-mercedes-nissan-cadillac"},"modified":"2025-10-07T06:57:17","modified_gmt":"2025-10-07T06:57:17","slug":"ast-fz35a-enfriamiento-adaptador-para-ford-mercedes-nissan-cadillac","status":"publish","type":"product","link":"https:\/\/www.dwtool.com\/?product=ast-fz35a-enfriamiento-adaptador-para-ford-mercedes-nissan-cadillac","title":{"rendered":"Ast FZ35A Enfriamiento Adaptador Para Ford, Mercedes, Nissan, Cadillac,"},"content":{"rendered":"<p><meta name=\"viewport\" content=\"width=device-width, initial-scale=1.0\"><\/p>\n<div style=\"background-color: white !important; border:1px solid #ccc !important; width: 90% !important; padding: 6px !important; margin: auto !important; text-align: left !important; font-size:14px !important; line-height:24px !important;\">Al realizar un pedido desde los EE. UU. los paquetes pueden estar sujetos a impuestos de importaci\u00f3n y a los aranceles, que el comprador debe pagar.<\/p>\n<h2 style=\"font-size:18px !important;\">Ast FZ35A Enfriamiento Adaptador Para Ford, Mercedes, Nissan, Cadillac,<\/h2>\n<div>Esta ficha t\u00e9cnica del producto ha sido originalmente escrita en ingl\u00e9s. A continuaci\u00f3n puede encontrar una traducci\u00f3n autom\u00e1tica al espa\u00f1ol. Si usted tiene alguna pregunta por favor p\u00f3ngase en contacto con nosotros.<\/div>\n<\/div>\n<p><html><head><\/head><body>Adaptador de refrigeraci\u00f3n AST FZ35A<\/p>\n<p>BuickCadillac , Chevrolet Ford Freightliner GMC Internacional, Jaguar, Lincoln , Mercedes, Mercury, Nissan, Oldsmobile, Pontiac, Saturno y Sterling <\/p>\n<p>Roscas hembra 52x 2.5mm<\/p>\n<p>Para presurizar sistemas de enfriamiento. <\/p>\n<table align=\"left\" border=\"0\" cellpadding=\"0\" cellspacing=\"0\" style=\"color: rgb(0, 0, 0);\" width=\"640\">\n<tbody>\n<tr>\n<td bgcolor=\"#333333\" class=\"BODY_DETAIL\">\n<div align=\"center\"><font size=\"2\"><i><br \/><\/i><\/font><\/div>\n<\/td>\n<td bgcolor=\"#333333\" class=\"BODY_DETAIL\"><font size=\"2\"><i><br \/><\/i><\/font><\/td>\n<\/tr>\n<tr>\n<td class=\"LINE3_APP_TABLE-RIGHT\"><i style=\"font-size: small;\">\u00a0Cadillac &#8211; CTS<\/i><br \/><i style=\"font-size: small;\">\u00a02003 &#8211; 2003<\/i><\/td>\n<td class=\"LINE3_APP_TABLE-RIGHT\">\n<div align=\"center\"><font size=\"2\"><i><br \/><\/i><\/font><\/div>\n<\/td>\n<\/tr>\n<tr>\n<td class=\"LINE3_APP_TABLE-RIGHT\"><i style=\"font-size: small;\">\u00a0Cadillac &#8211; Escalade<\/i><br \/><i style=\"font-size: small;\">\u00a01999 &#8211; 1999<\/i><\/td>\n<td class=\"LINE3_APP_TABLE-RIGHT\">\n<div align=\"center\"><font size=\"2\"><i><br \/><\/i><\/font><\/div>\n<\/td>\n<\/tr>\n<tr>\n<td class=\"LINE3_APP_TABLE-RIGHT\"><i style=\"font-size: small;\">\u00a0Cadillac &#8211; Flota de madera<\/i><br \/><i style=\"font-size: small;\">\u00a01994 &#8211; 1996<\/i><\/td>\n<td class=\"LINE3_APP_TABLE-RIGHT\">\n<div align=\"center\"><font size=\"2\"><i><br \/><\/i><\/font><\/div>\n<\/td>\n<\/tr>\n<tr>\n<td class=\"LINE3_APP_TABLE-RIGHT\"><i style=\"font-size: small;\">\u00a0Cadillac &#8211; Sevilla<\/i><br \/><i style=\"font-size: small;\">\u00a01998 &#8211; 2003<\/i><\/td>\n<td class=\"LINE3_APP_TABLE-RIGHT\">\n<div align=\"center\"><font size=\"2\"><i><br \/><\/i><\/font><\/div>\n<\/td>\n<\/tr>\n<tr>\n<td class=\"LINE3_APP_TABLE-RIGHT\"><i style=\"font-size: small;\">\u00a0Chevrolet &#8211; Beretta<\/i><br \/><i style=\"font-size: small;\">\u00a01992 &#8211; 1996<\/i><\/td>\n<td class=\"LINE3_APP_TABLE-RIGHT\">\n<div align=\"center\"><font size=\"2\"><i><br \/><\/i><\/font><\/div>\n<\/td>\n<\/tr>\n<tr>\n<td class=\"LINE3_APP_TABLE-RIGHT\"><i style=\"font-size: small;\">\u00a0Chevrolet &#8211; Camaro<\/i><br \/><i style=\"font-size: small;\">\u00a01999 &#8211; 1999<\/i><\/td>\n<td class=\"LINE3_APP_TABLE-RIGHT\">\n<div align=\"center\"><font size=\"2\"><i><br \/><\/i><\/font><\/div>\n<\/td>\n<\/tr>\n<tr>\n<td class=\"LINE3_APP_TABLE-RIGHT\"><i style=\"font-size: small;\">\u00a0Chevrolet &#8211; Capricho<\/i><br \/><i style=\"font-size: small;\">\u00a01995 &#8211; 1996<\/i><\/td>\n<td class=\"LINE3_APP_TABLE-RIGHT\">\n<div align=\"center\"><font size=\"2\"><i><br \/><\/i><\/font><\/div>\n<\/td>\n<\/tr>\n<tr>\n<td class=\"LINE3_APP_TABLE-RIGHT\"><i style=\"font-size: small;\">\u00a0Chevrolet &#8211; Caballero<\/i><br \/><i style=\"font-size: small;\">\u00a01995 &#8211; 1999<\/i><\/td>\n<td class=\"LINE3_APP_TABLE-RIGHT\">\n<div align=\"center\"><font size=\"2\"><i><br \/><\/i><\/font><\/div>\n<\/td>\n<\/tr>\n<tr>\n<td class=\"LINE3_APP_TABLE-RIGHT\"><i style=\"font-size: small;\">\u00a0Chevrolet &#8211; cobalto<\/i><br \/><i style=\"font-size: small;\">\u00a02005 &#8211; 2005<\/i><\/td>\n<td class=\"LINE3_APP_TABLE-RIGHT\">\n<div align=\"center\"><font size=\"2\"><i><br \/><\/i><\/font><\/div>\n<\/td>\n<\/tr>\n<tr>\n<td class=\"LINE3_APP_TABLE-RIGHT\"><i style=\"font-size: small;\">\u00a0Chevrolet &#8211; Colorado<\/i><\/td>\n<td class=\"LINE3_APP_TABLE-RIGHT\">\n<div align=\"center\"><font size=\"2\"><i><br \/><\/i><\/font><\/div>\n<\/td>\n<\/tr>\n<tr>\n<td class=\"LINE3_APP_TABLE-RIGHT\"><i style=\"font-size: small;\">\u00a0Chevrolet &#8211; C\u00f3rcega<\/i><br \/><i style=\"font-size: small;\">\u00a01992 &#8211; 1996<\/i><\/td>\n<td class=\"LINE3_APP_TABLE-RIGHT\">\n<div align=\"center\"><font size=\"2\"><i><br \/><\/i><\/font><\/div>\n<\/td>\n<\/tr>\n<tr>\n<td class=\"LINE3_APP_TABLE-RIGHT\"><i style=\"font-size: small;\">\u00a0Chevrolet &#8211; Corbeta<\/i><br \/><i style=\"font-size: small;\">\u00a01999 &#8211; 2011<\/i><\/td>\n<td class=\"LINE3_APP_TABLE-RIGHT\">\n<div align=\"center\"><font size=\"2\"><i><br \/><\/i><\/font><\/div>\n<\/td>\n<\/tr>\n<tr>\n<td class=\"LINE3_APP_TABLE-RIGHT\"><i style=\"font-size: small;\">\u00a0Chevrolet &#8211; Cruze<\/i><br \/><i style=\"font-size: small;\">\u00a02011<\/i><\/td>\n<td class=\"LINE3_APP_TABLE-RIGHT\">\n<div align=\"center\"><font size=\"2\"><i><br \/><\/i><\/font><\/div>\n<\/td>\n<\/tr>\n<tr>\n<td class=\"LINE3_APP_TABLE-RIGHT\"><i style=\"font-size: small;\">\u00a0Chevrolet &#8211; R\u00e1pido<\/i><br \/><i style=\"font-size: small;\">\u00a02010 &#8211; 2011<\/i><\/td>\n<td class=\"LINE3_APP_TABLE-RIGHT\">\n<div align=\"center\"><font size=\"2\"><i><br \/><\/i><\/font><\/div>\n<\/td>\n<\/tr>\n<tr>\n<td class=\"LINE3_APP_TABLE-RIGHT\"><i style=\"font-size: small;\">\u00a0Chevrolet &#8211; Impala SS<\/i><br \/><i style=\"font-size: small;\">\u00a01994 &#8211; 1996<\/i><\/td>\n<td class=\"LINE3_APP_TABLE-RIGHT\">\n<div align=\"center\"><font size=\"2\"><i><br \/><\/i><\/font><\/div>\n<\/td>\n<\/tr>\n<tr>\n<td class=\"LINE3_APP_TABLE-RIGHT\"><i style=\"font-size: small;\">\u00a0Chevrolet &#8211; Malibu<\/i><br \/><i style=\"font-size: small;\">\u00a01997 &#8211; 1999<\/i><\/td>\n<td class=\"LINE3_APP_TABLE-RIGHT\">\n<div align=\"center\"><font size=\"2\"><i><br \/><\/i><\/font><\/div>\n<\/td>\n<\/tr>\n<tr>\n<td class=\"LINE3_APP_TABLE-RIGHT\"><i style=\"font-size: small;\">\u00a0Chevrolet &#8211; Metro<\/i><br \/><i style=\"font-size: small;\">\u00a01999 &#8211; 1999<\/i><\/td>\n<td class=\"LINE3_APP_TABLE-RIGHT\">\n<div align=\"center\"><font size=\"2\"><i><br \/><\/i><\/font><\/div>\n<\/td>\n<\/tr>\n<tr>\n<td class=\"LINE3_APP_TABLE-RIGHT\"><i style=\"font-size: small;\">\u00a0Chevrolet &#8211; Prizm<\/i><br \/><i style=\"font-size: small;\">\u00a01999 &#8211; 1999<\/i><\/td>\n<td class=\"LINE3_APP_TABLE-RIGHT\">\n<div align=\"center\"><font size=\"2\"><i><br \/><\/i><\/font><\/div>\n<\/td>\n<\/tr>\n<tr>\n<td class=\"LINE3_APP_TABLE-RIGHT\"><i style=\"font-size: small;\">\u00a0Chevrolet &#8211; Silverado 1500<\/i><br \/><i style=\"font-size: small;\">\u00a01999 &#8211; 2011<\/i><\/td>\n<td class=\"LINE3_APP_TABLE-RIGHT\">\n<div align=\"center\"><font size=\"2\"><i><br \/><\/i><\/font><\/div>\n<\/td>\n<\/tr>\n<tr>\n<td class=\"LINE3_APP_TABLE-RIGHT\"><i style=\"font-size: small;\">\u00a0Chevrolet &#8211; Silverado 2500<\/i><br \/><i style=\"font-size: small;\">\u00a01999 &#8211; 2009<\/i><\/td>\n<td class=\"LINE3_APP_TABLE-RIGHT\">\n<div align=\"center\"><font size=\"2\"><i><br \/><\/i><\/font><\/div>\n<\/td>\n<\/tr>\n<tr>\n<td class=\"LINE3_APP_TABLE-RIGHT\"><i style=\"font-size: small;\">\u00a0Chevrolet &#8211; suburbano<\/i><br \/><i style=\"font-size: small;\">\u00a02000 &#8211; 2011<\/i><\/td>\n<td class=\"LINE3_APP_TABLE-RIGHT\">\n<div align=\"center\"><font size=\"2\"><i><br \/><\/i><\/font><\/div>\n<\/td>\n<\/tr>\n<tr>\n<td class=\"LINE3_APP_TABLE-RIGHT\"><i style=\"font-size: small;\">\u00a0Chevrolet &#8211; Tahoe<\/i><br \/><i style=\"font-size: small;\">\u00a01999 &#8211; 2011<\/i><\/td>\n<td class=\"LINE3_APP_TABLE-RIGHT\">\n<div align=\"center\"><font size=\"2\"><i><br \/><\/i><\/font><\/div>\n<\/td>\n<\/tr>\n<tr>\n<td class=\"LINE3_APP_TABLE-RIGHT\"><i style=\"font-size: small;\">\u00a0Chevrolet &#8211; Rastreador<\/i><br \/><i style=\"font-size: small;\">\u00a01999 &#8211; 1999<\/i><\/td>\n<td class=\"LINE3_APP_TABLE-RIGHT\">\n<div align=\"center\"><font size=\"2\"><i><br \/><\/i><\/font><\/div>\n<\/td>\n<\/tr>\n<tr>\n<td class=\"LINE3_APP_TABLE-RIGHT\"><i style=\"font-size: small;\">\u00a0Chevrolet &#8211; Trailblazer<\/i><br \/><i style=\"font-size: small;\">\u00a02001 &#8211; 2002<\/i><\/td>\n<td class=\"LINE3_APP_TABLE-RIGHT\">\n<div align=\"center\"><font size=\"2\"><i><br \/><\/i><\/font><\/div>\n<\/td>\n<\/tr>\n<tr>\n<td class=\"LINE3_APP_TABLE-RIGHT\"><i style=\"font-size: small;\">\u00a0Chevrolet &#8211; Camioneta<\/i><br \/><i style=\"font-size: small;\">\u00a02007 &#8211; 2011<\/i><\/td>\n<td class=\"LINE3_APP_TABLE-RIGHT\">\n<div align=\"center\"><font size=\"2\"><i><br \/><\/i><\/font><\/div>\n<\/td>\n<\/tr>\n<tr>\n<td class=\"LINE3_APP_TABLE-RIGHT\"><i style=\"font-size: small;\">\u00a0Ford &#8211; Escapar<\/i><br \/><i style=\"font-size: small;\">\u00a02011<\/i><\/td>\n<td class=\"LINE3_APP_TABLE-RIGHT\">\n<div align=\"center\"><font size=\"2\"><i><br \/><\/i><\/font><\/div>\n<\/td>\n<\/tr>\n<tr>\n<td class=\"LINE3_APP_TABLE-RIGHT\"><i style=\"font-size: small;\">\u00a0Ford &#8211; excursi\u00f3n<\/i><br \/><i style=\"font-size: small;\">\u00a02002 &#8211; 2004<\/i><\/td>\n<td class=\"LINE3_APP_TABLE-RIGHT\">\n<div align=\"center\"><font size=\"2\"><i><br \/><\/i><\/font><\/div>\n<\/td>\n<\/tr>\n<tr>\n<td class=\"LINE3_APP_TABLE-RIGHT\"><i style=\"font-size: small;\">\u00a0Ford &#8211; Explorer<\/i><\/td>\n<td class=\"LINE3_APP_TABLE-RIGHT\">\n<div align=\"center\"><font size=\"2\"><i><br \/><\/i><\/font><\/div>\n<\/td>\n<\/tr>\n<tr>\n<td class=\"LINE3_APP_TABLE-RIGHT\"><i style=\"font-size: small;\">\u00a0Ford &#8211; F-150<\/i><br \/><i style=\"font-size: small;\">\u00a02004 &#8211; 2005<\/i><\/td>\n<td class=\"LINE3_APP_TABLE-RIGHT\">\n<div align=\"center\"><font size=\"2\"><i><br \/><\/i><\/font><\/div>\n<\/td>\n<\/tr>\n<tr>\n<td class=\"LINE3_APP_TABLE-RIGHT\"><i style=\"font-size: small;\">\u00a0Ford &#8211; Quinientos<\/i><br \/><i style=\"font-size: small;\">\u00a02005 &#8211; 2005<\/i><\/td>\n<td class=\"LINE3_APP_TABLE-RIGHT\">\n<div align=\"center\"><font size=\"2\"><i><br \/><\/i><\/font><\/div>\n<\/td>\n<\/tr>\n<tr>\n<td class=\"LINE3_APP_TABLE-RIGHT\"><i style=\"font-size: small;\">\u00a0Ford &#8211; Tauro<\/i><br \/><i style=\"font-size: small;\">\u00a01996 &#8211; 2006<\/i><\/td>\n<td class=\"LINE3_APP_TABLE-RIGHT\">\n<div align=\"center\"><font size=\"2\"><i><br \/><\/i><\/font><\/div>\n<\/td>\n<\/tr>\n<tr>\n<td class=\"LINE3_APP_TABLE-RIGHT\"><i style=\"font-size: small;\">\u00a0Freightliner &#8211; Cami\u00f3n diesel<\/i><br \/><i style=\"font-size: small;\">\u00a02004 &#8211; 2004<\/i><\/td>\n<td class=\"LINE3_APP_TABLE-RIGHT\">\n<div align=\"center\"><font size=\"2\"><i><br \/><\/i><\/font><\/div>\n<\/td>\n<\/tr>\n<tr>\n<td class=\"LINE3_APP_TABLE-RIGHT\"><i style=\"font-size: small;\">\u00a0GMC &#8211; Enviado<\/i><br \/><i style=\"font-size: small;\">\u00a02002 &#8211; 2002<\/i><\/td>\n<td class=\"LINE3_APP_TABLE-RIGHT\">\n<div align=\"center\"><font size=\"2\"><i><br \/><\/i><\/font><\/div>\n<\/td>\n<\/tr>\n<tr>\n<td class=\"LINE3_APP_TABLE-RIGHT\"><i style=\"font-size: small;\">\u00a0GMC &#8211; Sierra 1500<\/i><br \/><i style=\"font-size: small;\">\u00a01999 &#8211; 2003<\/i><\/td>\n<td class=\"LINE3_APP_TABLE-RIGHT\">\n<div align=\"center\"><font size=\"2\"><i><br \/><\/i><\/font><\/div>\n<\/td>\n<\/tr>\n<tr>\n<td class=\"LINE3_APP_TABLE-RIGHT\"><i style=\"font-size: small;\">\u00a0GMC &#8211; Sierra 2500<\/i><br \/><i style=\"font-size: small;\">\u00a01999 &#8211; 2003<\/i><\/td>\n<td class=\"LINE3_APP_TABLE-RIGHT\">\n<div align=\"center\"><font size=\"2\"><i><br \/><\/i><\/font><\/div>\n<\/td>\n<\/tr>\n<tr>\n<td class=\"LINE3_APP_TABLE-RIGHT\"><i style=\"font-size: small;\">\u00a0GMC &#8211; Yukon<\/i><br \/><i style=\"font-size: small;\">\u00a01999 &#8211; 1999<\/i><\/td>\n<td class=\"LINE3_APP_TABLE-RIGHT\">\n<div align=\"center\"><font size=\"2\"><i><br \/><\/i><\/font><\/div>\n<\/td>\n<\/tr>\n<tr>\n<td class=\"LINE3_APP_TABLE-RIGHT\"><i style=\"font-size: small;\">\u00a0Jaguar &#8211; Tipo S<\/i><br \/><i style=\"font-size: small;\">\u00a02000 &#8211; 2003<\/i><\/td>\n<td class=\"LINE3_APP_TABLE-RIGHT\">\n<div align=\"center\"><font size=\"2\"><i><br \/><\/i><\/font><\/div>\n<\/td>\n<\/tr>\n<tr>\n<td class=\"LINE3_APP_TABLE-RIGHT\"><i style=\"font-size: small;\">\u00a0Land Rover &#8211; Freelander<\/i><br \/><i style=\"font-size: small;\">\u00a02005 &#8211; 2005<\/i><\/td>\n<td class=\"LINE3_APP_TABLE-RIGHT\">\n<div align=\"center\"><font size=\"2\"><i><br \/><\/i><\/font><\/div>\n<\/td>\n<\/tr>\n<tr>\n<td class=\"LINE3_APP_TABLE-RIGHT\"><i style=\"font-size: small;\">\u00a0Land Rover &#8211; LR3<\/i><br \/><i style=\"font-size: small;\">\u00a02005 &#8211; 2007<\/i><\/td>\n<td class=\"LINE3_APP_TABLE-RIGHT\">\n<div align=\"center\"><font size=\"2\"><i><br \/><\/i><\/font><\/div>\n<\/td>\n<\/tr>\n<tr>\n<td class=\"LINE3_APP_TABLE-RIGHT\"><i style=\"font-size: small;\">\u00a0Oldsmobile &#8211; Achieva<\/i><br \/><i style=\"font-size: small;\">\u00a01992 &#8211; 1998<\/i><\/td>\n<td class=\"LINE3_APP_TABLE-RIGHT\">\n<div align=\"center\"><font size=\"2\"><i><br \/><\/i><\/font><\/div>\n<\/td>\n<\/tr>\n<tr>\n<td class=\"LINE3_APP_TABLE-RIGHT\"><i style=\"font-size: small;\">\u00a0Oldsmobile &#8211; Alero<\/i><br \/><i style=\"font-size: small;\">\u00a01999 &#8211; 1999<\/i><\/td>\n<td class=\"LINE3_APP_TABLE-RIGHT\">\n<div align=\"center\"><font size=\"2\"><i><br \/><\/i><\/font><\/div>\n<\/td>\n<\/tr>\n<tr>\n<td class=\"LINE3_APP_TABLE-RIGHT\"><i style=\"font-size: small;\">\u00a0Oldsmobile &#8211; Aurora<\/i><br \/><i style=\"font-size: small;\">\u00a01995 &#8211; 1999<\/i><\/td>\n<td class=\"LINE3_APP_TABLE-RIGHT\">\n<div align=\"center\"><font size=\"2\"><i><br \/><\/i><\/font><\/div>\n<\/td>\n<\/tr>\n<tr>\n<td class=\"LINE3_APP_TABLE-RIGHT\"><i style=\"font-size: small;\">\u00a0Oldsmobile &#8211; Cutlass<\/i><br \/><i style=\"font-size: small;\">\u00a01997 &#8211; 1998<\/i><\/td>\n<td class=\"LINE3_APP_TABLE-RIGHT\">\n<div align=\"center\"><font size=\"2\"><i><br \/><\/i><\/font><\/div>\n<\/td>\n<\/tr>\n<tr>\n<td class=\"LINE3_APP_TABLE-RIGHT\"><i style=\"font-size: small;\">\u00a0Oldsmobile &#8211; Intriga<\/i><br \/><i><font size=\"2\">\u00a01999 &#8211; 2000<\/font><\/i><\/td>\n<td class=\"LINE3_APP_TABLE-RIGHT\">\n<div align=\"center\"><font size=\"2\"><i><br \/><\/i><\/font><\/div>\n<\/td>\n<\/tr>\n<tr>\n<td class=\"LINE3_APP_TABLE-RIGHT\"><font size=\"2\"><i>\u00a0Pontiac &#8211; G6<\/i><br \/><i>\u00a02<\/i><i>005 &#8211; 2005<\/i><\/font><\/td>\n<td class=\"LINE3_APP_TABLE-RIGHT\">\n<div align=\"center\"><i><font size=\"2\"><br \/><\/font><\/i><\/div>\n<\/td>\n<\/tr>\n<tr>\n<td class=\"LINE3_APP_TABLE-RIGHT\"><font size=\"2\"><i>\u00a0Pontiac &#8211; Grand Am<\/i><br \/><i>\u00a01992 &#8211; 1999<\/i><\/font><\/td>\n<td class=\"LINE3_APP_TABLE-RIGHT\">\n<div align=\"center\"><i><font size=\"2\"><br \/><\/font><\/i><\/div>\n<\/td>\n<\/tr>\n<tr>\n<td class=\"LINE3_APP_TABLE-RIGHT\"><font size=\"2\"><i>\u00a0Pontiac &#8211; Sunfire<\/i><br \/><i>\u00a01995 &#8211; 1999<\/i><\/font><\/td>\n<td class=\"LINE3_APP_TABLE-RIGHT\">\n<div align=\"center\"><i><font size=\"2\"><br \/><\/font><\/i><\/div>\n<\/td>\n<\/tr>\n<tr>\n<td class=\"LINE3_APP_TABLE-RIGHT\"><font size=\"2\"><i>\u00a0Saturno &#8211; Ion<br \/><\/i><i>2005 &#8211; 2005<\/i><\/font><\/td>\n<td class=\"LINE3_APP_TABLE-RIGHT\">\n<div align=\"center\"><i><font size=\"2\"><br \/><\/font><\/i><\/div>\n<\/td>\n<\/tr>\n<tr>\n<td class=\"LINE3_APP_TABLE-RIGHT\"><i><font size=\"2\">\u00a0Saturno<br \/>\u00a01990 &#8211; 1999<\/font><\/i><\/td>\n<td class=\"LINE3_APP_TABLE-RIGHT\">\n<div align=\"center\"><i><font size=\"2\"><br \/><\/font><\/i><\/div>\n<\/td>\n<\/tr>\n<tr>\n<td class=\"LINE3_APP_TABLE-RIGHT\"><i><font size=\"2\">\u00a0Saturno &#8211; Vue<br \/>\u00a02003 &#8211; 2003<\/font><\/i><\/td>\n<td class=\"LINE3_APP_TABLE-RIGHT\">\n<div align=\"center\"><i><font size=\"1\"><br \/><\/font><\/i><\/div>\n<\/td>\n<\/tr>\n<\/tbody>\n<\/table>\n<p><i><\/p>\n<p><font color=\"#00429a\">Hecho en EE.UU <\/font><\/i><\/p>\n<p>Publicado con <a href=\"https:\/\/mobile.ebay.com\" target=\"_blank\">eBay Mobile<\/a><\/p>\n<p> <!-- VENDBASCTCTCTVENDBASCT --> <center> <\/center> <!-- VENDBASCTCTCTVENDBASCT --> <!--VGMVAGRVKGEVRGFST--><!-- GVAVLVLVEVRVYV --> <center> <\/center> <!--VGMVAGRVKGEVRGSND--><!--VGPVRGOVMGOVMGAVRGKVEGRVFST--><center> <img decoding=\"async\" height=\"33\" src=\"https:\/\/imagehost.vendio.com\/img\/logos\/free-gallery.gif\" vspace=\"2\" width=\"88\"\/><br \/> <a target=\"_blank\"><font color=\"#0000ff\" face=\"Verdana, Arial, Helvetica, sans-serif\" size=\"2\"><b><\/p>\n<div id=\"vgalcredit\">Haga clic aqu\u00ed. Duplica tu tr\u00e1fico. Obtenga la Galer\u00eda Vendio &#8211; \u00a1Ahora GRATIS!<\/div>\n<p><\/b><\/font><\/a><\/p>\n<p> <\/center> <!--VGPVRGOVMGOVMGAVRGKVEGRVSND--><\/p>\n<div style=\"display: none\">\n<div typeof=\"Product\" vocab=\"https:\/\/schema.org\/\"><span property=\"description\">\u00a0Cadillac &#8211; CTS \u00a02003 &#8211; 2003 \u00a01999 &#8211; 1999 \u00a01994 &#8211; 1996 \u00a01998 &#8211; 2003 \u00a01992 &#8211; 1996 \u00a01999 &#8211; 1999 \u00a01995 &#8211; 1996 \u00a01995 &#8211; 1999 \u00a02005 &#8211; 2005 \u00a01992 &#8211; 1996 \u00a01999 &#8211; 2011 \u00a02011 \u00a02010 &#8211; 2011 \u00a01994 &#8211; 1996 \u00a01997 &#8211; 1999 \u00a01999 &#8211; 1999 \u00a01999 &#8211; 1999 \u00a01999 &#8211; 2011 \u00a01999 &#8211; 2009 \u00a02000 &#8211; 2011 \u00a01999 &#8211; 2011 \u00a01999 &#8211; 1999 \u00a02001 &#8211; 2002 \u00a02007 &#8211; 2011 \u00a0Ford &#8211; Escapar \u00a02011 \u00a02002 &#8211; 2004 \u00a0Ford &#8211; Explorer \u00a0Ford &#8211; F-150 \u00a02004 &#8211; 2005 \u00a02005 &#8211; 2005 \u00a0Ford &#8211; Tauro \u00a01996 &#8211; 2006 \u00a02004 &#8211; 2004 \u00a0GMC &#8211; Enviado \u00a02002 &#8211; 2002 \u00a01999 &#8211; 2003 \u00a01999 &#8211; 2003 \u00a0GMC &#8211; Yukon \u00a01999 &#8211; 1999 \u00a02000 &#8211; 2003 \u00a02005 &#8211; 2005 \u00a02005 &#8211; 2007 \u00a01992 &#8211; 1998 \u00a01999 &#8211; 1999 \u00a01995 &#8211; 1999 \u00a01997 &#8211; 1998 \u00a01999 &#8211; 2000 \u00a0Pontiac &#8211; G6 \u00a02005 &#8211; 2005 \u00a01992 &#8211; 1999 \u00a01995 &#8211; 1999 \u00a0Saturno &#8211; Ion 2005 &#8211; 2005 \u00a0Saturno \u00a01990 &#8211; 1999 \u00a0Saturno &#8211; Vue \u00a02003 &#8211; 2003 Hecho en EE.UU <\/span><\/div>\n<\/div>\n<p><\/body><\/html><\/p>\n<table>\n<tbody>\n<tr>\n<td>Brand<\/td>\n<td>ASSENMACHER<\/td>\n<\/tr>\n<tr>\n<td>Manufacturer Part Number<\/td>\n<td>FZ 35A<\/td>\n<\/tr>\n<tr>\n<td>UPC<\/td>\n<td>Does not apply<\/td>\n<\/tr>\n<\/tbody>\n<\/table>\n","protected":false},"excerpt":{"rendered":"<p>Al realizar un pedido desde los EE. UU. los paquetes pueden estar sujetos a impuestos de importaci\u00f3n y a los aranceles, que el comprador debe pagar. Ast FZ35A Enfriamiento Adaptador Para Ford, Mercedes, Nissan, Cadillac, Esta ficha t\u00e9cnica del producto ha sido originalmente escrita en ingl\u00e9s. A continuaci\u00f3n puede encontrar una traducci\u00f3n autom\u00e1tica al espa\u00f1ol&#8230;.<\/p>\n","protected":false},"featured_media":3455,"comment_status":"closed","ping_status":"closed","template":"","meta":[],"product_brand":[],"product_cat":[21],"product_tag":[],"class_list":{"0":"post-3454","1":"product","2":"type-product","3":"status-publish","4":"has-post-thumbnail","6":"product_cat-other","7":"pa_marca-assenmacher","8":"pa_mpn-fz-35a","10":"first","11":"instock","12":"taxable","13":"shipping-taxable","14":"purchasable","15":"product-type-simple"},"_links":{"self":[{"href":"https:\/\/www.dwtool.com\/index.php?rest_route=\/wp\/v2\/product\/3454","targetHints":{"allow":["GET"]}}],"collection":[{"href":"https:\/\/www.dwtool.com\/index.php?rest_route=\/wp\/v2\/product"}],"about":[{"href":"https:\/\/www.dwtool.com\/index.php?rest_route=\/wp\/v2\/types\/product"}],"replies":[{"embeddable":true,"href":"https:\/\/www.dwtool.com\/index.php?rest_route=%2Fwp%2Fv2%2Fcomments&post=3454"}],"wp:featuredmedia":[{"embeddable":true,"href":"https:\/\/www.dwtool.com\/index.php?rest_route=\/wp\/v2\/media\/3455"}],"wp:attachment":[{"href":"https:\/\/www.dwtool.com\/index.php?rest_route=%2Fwp%2Fv2%2Fmedia&parent=3454"}],"wp:term":[{"taxonomy":"product_brand","embeddable":true,"href":"https:\/\/www.dwtool.com\/index.php?rest_route=%2Fwp%2Fv2%2Fproduct_brand&post=3454"},{"taxonomy":"product_cat","embeddable":true,"href":"https:\/\/www.dwtool.com\/index.php?rest_route=%2Fwp%2Fv2%2Fproduct_cat&post=3454"},{"taxonomy":"product_tag","embeddable":true,"href":"https:\/\/www.dwtool.com\/index.php?rest_route=%2Fwp%2Fv2%2Fproduct_tag&post=3454"}],"curies":[{"name":"wp","href":"https:\/\/api.w.org\/{rel}","templated":true}]}}