{"id":3485,"date":"2019-05-24T06:49:07","date_gmt":"2019-05-24T06:49:07","guid":{"rendered":"https:\/\/www.dwtool.com\/?product=ammco-6920-frein-tour-ceinture"},"modified":"2025-10-07T06:58:27","modified_gmt":"2025-10-07T06:58:27","slug":"ammco-6920-frein-tour-ceinture","status":"publish","type":"product","link":"https:\/\/www.dwtool.com\/?product=ammco-6920-frein-tour-ceinture","title":{"rendered":"Ammco 6920 Frein Tour Ceinture"},"content":{"rendered":"<p> <meta\n name=\"viewport\"\n content=\"width=device-width,\n initial-scale=1.0\"><\/p>\n<div style=\"background-color: white !important;\n border:1px solid #ccc !important;\n width: 90% !important;\n padding: 6px !important;\n margin: auto !important;\n text-align: left !important;\n font-size:14px !important;\n line-height:24px !important;\"><\/p>\n<p> Les commandes r\u00e9alis\u00e9es \u00e0 partir des \u00c9tats-Unis, peuvent \u00eatre soumises \u00e0 des taxes d&#8217;importation et droits de douane, que l&#8217;acheteur est tenu responsable de payer.<\/p>\n<h2 style=\"font-size:18px !important;\">Ammco 6920 Frein Tour Ceinture<\/h2>\n<div>Cette fiche produit est originalement \u00e9crite en anglais. Veuillez trouver ci dessous une traduction automatique en fran\u00e7ais. Si vous avez des questions veuillez nous contacter.<\/div>\n<\/p><\/div>\n<p> <html><head><meta content=\"text\/html; charset=UTF-8\" http-equiv=\"Content-Type\"\/><\/head><body><font rwr=\"1\" size=\"4\" style=\"font-family:Arial\"><font rwr=\"1\" size=\"4\" style=\"font-family:Arial\"><!--eBayMobile-Description-HTML--><\/p>\n<h1 class=\"page_headers itemTitle\" itemprop=\"name\" style=\"font-family: arial; font-size: 21px; border-bottom-width: 1px; border-bottom-style: solid; border-bottom-color: rgb(188, 211, 255); margin: 0px 0px 10px; background-color: rgb(255, 255, 255);\"><font color=\"#444444\">Ammco 6920 Bande de silencieux \u00e0 rotor ventil\u00e9<\/font><\/h1>\n<div><\/div>\n<div><\/div>\n<div>\n<li style=\"font-family: arial; background-color: rgb(255, 255, 255);\">S&#8217;enroule facilement autour des rotors ventil\u00e9s pour att\u00e9nuer les vibrations de l&#8217;usinage.<\/li>\n<li style=\"font-family: arial; background-color: rgb(255, 255, 255);\">Le caoutchouc naturel et les poids en plomb font de cette bande de silencieux la plus efficace d\u2019Ammco pour les rotors ventil\u00e9s.<\/li>\n<li style=\"font-family: arial; background-color: rgb(255, 255, 255);\"><img decoding=\"async\" alt=\"Ammco 6920 Bande de silencieux \u00e0 rotor ventil\u00e9\" src=\"https:\/\/images10.newegg.com\/NeweggImage\/ProductImageCompressAll300\/A02V_1_20130709147006729.jpg\"\/><\/li>\n<\/div>\n<p><center><a href=\"https:\/\/pages.ebay.com\/selling_manager_pro\" target=\"_blank\"><img decoding=\"async\" border=\"0\" height=\"50\" src=\"https:\/\/pics.ebay.com\/aw\/pics\/sellingmanager\/sellingmanagerPro\/smPro_248x50.gif\" width=\"248\"\/><\/a><\/center><\/p>\n<p><\/font><\/font><\/body><\/html><\/p>\n<table>\n<tbody>\n<tr>\n<td>Brand<\/td>\n<td>AMMCO<\/td>\n<\/tr>\n<tr>\n<td>Manufacturer Part Number<\/td>\n<td>6920<\/td>\n<\/tr>\n<\/tbody>\n<\/table>\n","protected":false},"excerpt":{"rendered":"<p>Les commandes r\u00e9alis\u00e9es \u00e0 partir des \u00c9tats-Unis, peuvent \u00eatre soumises \u00e0 des taxes d&#8217;importation et droits de douane, que l&#8217;acheteur est tenu responsable de payer. Ammco 6920 Frein Tour Ceinture Cette fiche produit est originalement \u00e9crite en anglais. Veuillez trouver ci dessous une traduction automatique en fran\u00e7ais. Si vous avez des questions veuillez nous contacter&#8230;.<\/p>\n","protected":false},"featured_media":3486,"comment_status":"closed","ping_status":"closed","template":"","meta":[],"product_brand":[],"product_cat":[21],"product_tag":[],"class_list":{"0":"post-3485","1":"product","2":"type-product","3":"status-publish","4":"has-post-thumbnail","6":"product_cat-other","7":"pa_marque-ammco","8":"pa_numero-de-piece-fabricant-1945","10":"first","11":"instock","12":"taxable","13":"shipping-taxable","14":"purchasable","15":"product-type-simple"},"_links":{"self":[{"href":"https:\/\/www.dwtool.com\/index.php?rest_route=\/wp\/v2\/product\/3485","targetHints":{"allow":["GET"]}}],"collection":[{"href":"https:\/\/www.dwtool.com\/index.php?rest_route=\/wp\/v2\/product"}],"about":[{"href":"https:\/\/www.dwtool.com\/index.php?rest_route=\/wp\/v2\/types\/product"}],"replies":[{"embeddable":true,"href":"https:\/\/www.dwtool.com\/index.php?rest_route=%2Fwp%2Fv2%2Fcomments&post=3485"}],"wp:featuredmedia":[{"embeddable":true,"href":"https:\/\/www.dwtool.com\/index.php?rest_route=\/wp\/v2\/media\/3486"}],"wp:attachment":[{"href":"https:\/\/www.dwtool.com\/index.php?rest_route=%2Fwp%2Fv2%2Fmedia&parent=3485"}],"wp:term":[{"taxonomy":"product_brand","embeddable":true,"href":"https:\/\/www.dwtool.com\/index.php?rest_route=%2Fwp%2Fv2%2Fproduct_brand&post=3485"},{"taxonomy":"product_cat","embeddable":true,"href":"https:\/\/www.dwtool.com\/index.php?rest_route=%2Fwp%2Fv2%2Fproduct_cat&post=3485"},{"taxonomy":"product_tag","embeddable":true,"href":"https:\/\/www.dwtool.com\/index.php?rest_route=%2Fwp%2Fv2%2Fproduct_tag&post=3485"}],"curies":[{"name":"wp","href":"https:\/\/api.w.org\/{rel}","templated":true}]}}