{"id":3497,"date":"2019-05-24T06:49:07","date_gmt":"2019-05-24T06:49:07","guid":{"rendered":"https:\/\/www.dwtool.com\/?product=astro-pneumatic-3081-3-in-1-reifen-aufpumpen"},"modified":"2025-10-07T06:58:51","modified_gmt":"2025-10-07T06:58:51","slug":"astro-pneumatic-3081-3-in-1-reifen-aufpumpen","status":"publish","type":"product","link":"https:\/\/www.dwtool.com\/?product=astro-pneumatic-3081-3-in-1-reifen-aufpumpen","title":{"rendered":"Astro Pneumatic 3081 3-in-1 Reifen Aufpumpen"},"content":{"rendered":"<p><meta name=\"viewport\" content=\"width=device-width, initial-scale=1.0\"><\/p>\n<div style=\"background-color: white !important; border:1px solid #ccc !important; width: 90% !important; padding: 6px !important; margin: auto !important; text-align: left !important; font-size:14px !important; line-height:24px !important;\">Wenn Sie von dem US Marktplatz bestellen, k\u00f6nnen f\u00fcr die Pakete Steuern und Zollgeb\u00fchren anfallen, die der K\u00e4ufer sp\u00e4ter tragen muss.<\/p>\n<h2 style=\"font-size:18px !important;\">Astro Pneumatic 3081 3-in-1 Reifen Aufpumpen<\/h2>\n<div>Das Datenblatt dieses Produkts wurde urspr\u00fcnglich auf Englisch verfasst. Unten finden Sie eine automatische \u00dcbersetzung ins Deutsche. Sollten Sie irgendwelche Fragen haben, kontaktieren Sie uns.<\/div>\n<\/div>\n<p><html><head> <meta content=\"text\/html; charset=utf-8\" http-equiv=\"Content-Type\"\/> <meta content=\"text\/css\" http-equiv=\"Content-Style-Type\"\/> <title><\/title> <meta content=\"Cocoa HTML Writer\" name=\"Generator\"\/> <\/head> <body> <\/p>\n<p class=\"p1\"><span class=\"s1\">Funktionen und Vorteile:<\/span><\/p>\n<p class=\"p1\"><span class=\"s1\"><br \/> <\/span><\/p>\n<p class=\"p1\"><span class=\"s1\">Aluminium-Druckgusseinheit mit Gummimanschette f\u00fcr zus\u00e4tzlichen Komfort und Langlebigkeit<\/span><\/p>\n<p class=\"p1\"><span class=\"s1\">Klar und leicht zu lesen<\/span><\/p>\n<p class=\"p1\"><span class=\"s1\">3-in-1-Funktion: Reifendruck aufpumpen, defaltieren und messen<\/span><\/p>\n<p class=\"p1\"><span class=\"s1\">Zwei Positionen im Flate \/ Deflate-Level<\/span><\/p>\n<p class=\"p1\"><span class=\"s1\">Erh\u00f6hte Sicherheit und weniger reifenbedingte Zwischenf\u00e4lle<\/span><\/p>\n<p class=\"p1\"><span class=\"s1\">80 mm Manometer (0-12 bar \/ 174 psi)<\/span><\/p>\n<p class=\"p1\"><span class=\"s1\"><br \/> <\/span><\/p>\n<p class=\"p1\"><span class=\"s1\"><br \/> <\/span><\/p>\n<p> <center> <\/center> <!--VGMVAGRVKGEVRGSND--><!--VGPVRGOVMGOVMGAVRGKVEGRVFST--><center> <img decoding=\"async\" height=\"33\" src=\"https:\/\/imagehost.vendio.com\/img\/logos\/free-gallery.gif\" vspace=\"2\" width=\"88\"\/><br \/> <a target=\"_blank\"><font color=\"#0000FF\" face=\"Verdana, Arial, Helvetica, sans-serif\" size=\"2\"><b><\/p>\n<div id=\"vgalcredit\">Klick hier. Verdoppeln Sie Ihren Verkehr. Holen Sie sich Vendio Gallery &#8211; jetzt KOSTENLOS!<\/div>\n<p><\/b><\/font><\/a><\/p>\n<p> <\/center> <!--VGPVRGOVMGOVMGAVRGKVEGRVSND--><\/p>\n<div style=\"display: none\">\n<div typeof=\"Product\" vocab=\"https:\/\/schema.org\/\"><span property=\"description\"> Funktionen und Vorteile: Aluminium-Druckgusseinheit mit Gummimanschette f\u00fcr zus\u00e4tzlichen Komfort und Langlebigkeit Klar und leicht zu lesen 3-in-1-Funktion: Reifendruck aufpumpen, defaltieren und messen Zwei Positionen im Flate \/ Deflate-Level Erh\u00f6hte Sicherheit und weniger reifenbedingte Zwischenf\u00e4lle 80 mm Manometer (0-12 bar \/ 174 psi) Klick hier. Verdoppeln Sie Ihren Verkehr. Holen Sie sich Vendio Gallery &#8211; jetzt KOSTENLOS! <\/span><\/div>\n<\/div>\n<p><\/body><\/html><!--VGMVAGRVKGEVRGFST--><!-- GVAVLVLVEVRVYV --><\/p>\n<table>\n<tbody>\n<tr>\n<td>Brand<\/td>\n<td>Astro Pneumatic<\/td>\n<\/tr>\n<tr>\n<td>Manufacturer Part Number<\/td>\n<td>3081<\/td>\n<\/tr>\n<tr>\n<td>UPC<\/td>\n<td>Does not apply<\/td>\n<\/tr>\n<\/tbody>\n<\/table>\n","protected":false},"excerpt":{"rendered":"<p>Wenn Sie von dem US Marktplatz bestellen, k\u00f6nnen f\u00fcr die Pakete Steuern und Zollgeb\u00fchren anfallen, die der K\u00e4ufer sp\u00e4ter tragen muss. Astro Pneumatic 3081 3-in-1 Reifen Aufpumpen Das Datenblatt dieses Produkts wurde urspr\u00fcnglich auf Englisch verfasst. Unten finden Sie eine automatische \u00dcbersetzung ins Deutsche. Sollten Sie irgendwelche Fragen haben, kontaktieren Sie uns. Funktionen und Vorteile:&#8230;<\/p>\n","protected":false},"featured_media":3498,"comment_status":"closed","ping_status":"closed","template":"","meta":[],"product_brand":[],"product_cat":[21],"product_tag":[],"class_list":{"0":"post-3497","1":"product","2":"type-product","3":"status-publish","4":"has-post-thumbnail","6":"product_cat-other","7":"pa_herstellernummer-1947","8":"pa_marke-astro-pneumatic","10":"first","11":"instock","12":"taxable","13":"shipping-taxable","14":"purchasable","15":"product-type-simple"},"_links":{"self":[{"href":"https:\/\/www.dwtool.com\/index.php?rest_route=\/wp\/v2\/product\/3497","targetHints":{"allow":["GET"]}}],"collection":[{"href":"https:\/\/www.dwtool.com\/index.php?rest_route=\/wp\/v2\/product"}],"about":[{"href":"https:\/\/www.dwtool.com\/index.php?rest_route=\/wp\/v2\/types\/product"}],"replies":[{"embeddable":true,"href":"https:\/\/www.dwtool.com\/index.php?rest_route=%2Fwp%2Fv2%2Fcomments&post=3497"}],"wp:featuredmedia":[{"embeddable":true,"href":"https:\/\/www.dwtool.com\/index.php?rest_route=\/wp\/v2\/media\/3498"}],"wp:attachment":[{"href":"https:\/\/www.dwtool.com\/index.php?rest_route=%2Fwp%2Fv2%2Fmedia&parent=3497"}],"wp:term":[{"taxonomy":"product_brand","embeddable":true,"href":"https:\/\/www.dwtool.com\/index.php?rest_route=%2Fwp%2Fv2%2Fproduct_brand&post=3497"},{"taxonomy":"product_cat","embeddable":true,"href":"https:\/\/www.dwtool.com\/index.php?rest_route=%2Fwp%2Fv2%2Fproduct_cat&post=3497"},{"taxonomy":"product_tag","embeddable":true,"href":"https:\/\/www.dwtool.com\/index.php?rest_route=%2Fwp%2Fv2%2Fproduct_tag&post=3497"}],"curies":[{"name":"wp","href":"https:\/\/api.w.org\/{rel}","templated":true}]}}