{"id":3526,"date":"2019-05-24T06:49:09","date_gmt":"2019-05-24T06:49:09","guid":{"rendered":"https:\/\/www.dwtool.com\/?product=moclamp-0050-a-pince"},"modified":"2025-10-07T07:01:09","modified_gmt":"2025-10-07T07:01:09","slug":"moclamp-0050-a-pince","status":"publish","type":"product","link":"https:\/\/www.dwtool.com\/?product=moclamp-0050-a-pince","title":{"rendered":"Moclamp 0050 A Pince"},"content":{"rendered":"<p><meta name=\"viewport\" content=\"width=device-width, initial-scale=1.0\"><\/p>\n<div style=\"background-color: white !important; border:1px solid #ccc !important; width: 90% !important; padding: 6px !important; margin: auto !important; text-align: left !important; font-size:14px !important; line-height:24px !important;\">Les commandes r\u00e9alis\u00e9es \u00e0 partir des \u00c9tats-Unis, peuvent \u00eatre soumises \u00e0 des taxes d&#8217;importation et droits de douane, que l&#8217;acheteur est tenu responsable de payer.<\/p>\n<h2 style=\"font-size:18px !important;\">Moclamp 0050 A Pince<\/h2>\n<div>Cette fiche produit est originalement \u00e9crite en anglais. Veuillez trouver ci dessous une traduction automatique en fran\u00e7ais. Si vous avez des questions veuillez nous contacter.<\/div>\n<\/div>\n<p><html><head><meta content=\"text\/html; charset=UTF-8\" http-equiv=\"Content-Type\"\/><\/head><body>La pince A \u2122 s&#8217;adapte aux coutures et aux ar\u00eates \u00e9troites. Les dents en croix en acier tremp\u00e9 assurent une traction s\u00fbre. Excellent pour une utilisation avec un marteau \u00e0 coulisse. La pince a soulev\u00e9 des \u00abbut\u00e9es de boulons\u00bb pour maintenir les boulons immobiles, pour un serrage facile \u00e0 une main. Utilisez uniquement avec une cha\u00eene de \u00bc &#8220;.<\/p>\n<p>Surface de pr\u00e9hension\u00a0: 1\u00bd po large (39 mm), \u00be profonde (19 mm)<br \/>Longueur totale\u00a0: 3\u00bd&#8221;(89 mm)<br \/>Poids\u00a0: 2 lbs (.91 kg)<br \/>Capacit\u00e9\u00a0: 3 tonnes ( 2 722 kg)<\/p>\n<p>Pi\u00e8ces de rechange\u00a0: boulon #520046, #5225 \u00e9crou, boulon &amp; rondelle<\/p>\n<p>Acier trait\u00e9 \u00e0 la chaleur. Fait aux \u00c9tats-Unis.<!--VGMVAGRVKGEVRGFST--><!-- GVAVLVLVEVRVYV --> <center> <\/center> <!--VGMVAGRVKGEVRGSND--><!--VGPVRGOVMGOVMGAVRGKVEGRVFST--><center> <img decoding=\"async\" height=\"33\" src=\"https:\/\/imagehost.vendio.com\/img\/logos\/free-gallery.gif\" vspace=\"2\" width=\"88\"\/><br \/> <a target=\"_blank\"><font color=\"#0000FF\" face=\"Verdana, Arial, Helvetica, sans-serif\" size=\"2\"><b><\/p>\n<div id=\"vgalcredit\">Cliquez ici. Doublez votre trafic. Obtenez Galerie Vendio &#8211; Maintenant GRATUIT!<\/div>\n<p><\/b><\/font><\/a><\/p>\n<p> <\/center> <!--VGPVRGOVMGOVMGAVRGKVEGRVSND--><\/body><\/html><\/p>\n<table>\n<tbody>\n<tr>\n<td>Warranty<\/td>\n<td>No<\/td>\n<\/tr>\n<tr>\n<td>Brand<\/td>\n<td>MOCLAMP<\/td>\n<\/tr>\n<tr>\n<td>Manufacturer Part Number<\/td>\n<td>0050<\/td>\n<\/tr>\n<tr>\n<td>Country\/Region of Manufacture<\/td>\n<td>United States<\/td>\n<\/tr>\n<tr>\n<td>UPC<\/td>\n<td>Does not apply<\/td>\n<\/tr>\n<\/tbody>\n<\/table>\n","protected":false},"excerpt":{"rendered":"<p>Les commandes r\u00e9alis\u00e9es \u00e0 partir des \u00c9tats-Unis, peuvent \u00eatre soumises \u00e0 des taxes d&#8217;importation et droits de douane, que l&#8217;acheteur est tenu responsable de payer. Moclamp 0050 A Pince Cette fiche produit est originalement \u00e9crite en anglais. Veuillez trouver ci dessous une traduction automatique en fran\u00e7ais. Si vous avez des questions veuillez nous contacter. La&#8230;<\/p>\n","protected":false},"featured_media":3527,"comment_status":"closed","ping_status":"closed","template":"","meta":[],"product_brand":[],"product_cat":[21],"product_tag":[],"class_list":{"0":"post-3526","1":"product","2":"type-product","3":"status-publish","4":"has-post-thumbnail","6":"product_cat-other","7":"pa_garantie-fabricant-n","8":"pa_marque-moclamp","9":"pa_numero-de-piece-fabricant-1961","10":"pa_pays-de-fabrication-etats-unis","12":"first","13":"instock","14":"taxable","15":"shipping-taxable","16":"purchasable","17":"product-type-simple"},"_links":{"self":[{"href":"https:\/\/www.dwtool.com\/index.php?rest_route=\/wp\/v2\/product\/3526","targetHints":{"allow":["GET"]}}],"collection":[{"href":"https:\/\/www.dwtool.com\/index.php?rest_route=\/wp\/v2\/product"}],"about":[{"href":"https:\/\/www.dwtool.com\/index.php?rest_route=\/wp\/v2\/types\/product"}],"replies":[{"embeddable":true,"href":"https:\/\/www.dwtool.com\/index.php?rest_route=%2Fwp%2Fv2%2Fcomments&post=3526"}],"wp:featuredmedia":[{"embeddable":true,"href":"https:\/\/www.dwtool.com\/index.php?rest_route=\/wp\/v2\/media\/3527"}],"wp:attachment":[{"href":"https:\/\/www.dwtool.com\/index.php?rest_route=%2Fwp%2Fv2%2Fmedia&parent=3526"}],"wp:term":[{"taxonomy":"product_brand","embeddable":true,"href":"https:\/\/www.dwtool.com\/index.php?rest_route=%2Fwp%2Fv2%2Fproduct_brand&post=3526"},{"taxonomy":"product_cat","embeddable":true,"href":"https:\/\/www.dwtool.com\/index.php?rest_route=%2Fwp%2Fv2%2Fproduct_cat&post=3526"},{"taxonomy":"product_tag","embeddable":true,"href":"https:\/\/www.dwtool.com\/index.php?rest_route=%2Fwp%2Fv2%2Fproduct_tag&post=3526"}],"curies":[{"name":"wp","href":"https:\/\/api.w.org\/{rel}","templated":true}]}}