{"id":3535,"date":"2019-05-24T06:49:09","date_gmt":"2019-05-24T06:49:09","guid":{"rendered":"https:\/\/www.dwtool.com\/?product=steelman-pro-all-in-one-wiederaufladbar-licht-set-78708"},"modified":"2025-10-07T07:01:27","modified_gmt":"2025-10-07T07:01:27","slug":"steelman-pro-all-in-one-wiederaufladbar-licht-set-78708","status":"publish","type":"product","link":"https:\/\/www.dwtool.com\/?product=steelman-pro-all-in-one-wiederaufladbar-licht-set-78708","title":{"rendered":"Steelman Pro All-in-One Wiederaufladbar Licht Set 78708"},"content":{"rendered":"<p><meta name=\"viewport\" content=\"width=device-width, initial-scale=1.0\"><\/p>\n<div style=\"background-color: white !important; border:1px solid #ccc !important; width: 90% !important; padding: 6px !important; margin: auto !important; text-align: left !important; font-size:14px !important; line-height:24px !important;\">Wenn Sie von dem US Marktplatz bestellen, k\u00f6nnen f\u00fcr die Pakete Steuern und Zollgeb\u00fchren anfallen, die der K\u00e4ufer sp\u00e4ter tragen muss.<\/p>\n<h2 style=\"font-size:18px !important;\">Steelman Pro All-in-One Wiederaufladbar Licht Set 78708<\/h2>\n<div>Das Datenblatt dieses Produkts wurde urspr\u00fcnglich auf Englisch verfasst. Unten finden Sie eine automatische \u00dcbersetzung ins Deutsche. Sollten Sie irgendwelche Fragen haben, kontaktieren Sie uns.<\/div>\n<\/div>\n<p><html><head> <meta content=\"text\/html; charset=utf-8\" http-equiv=\"Content-Type\"\/> <meta content=\"text\/css\" http-equiv=\"Content-Style-Type\"\/> <title><\/title> <meta content=\"Cocoa HTML Writer\" name=\"Generator\"\/> <\/head> <body> <\/p>\n<p class=\"p1\"><span class=\"s1\">Steelman Pro alles in einem wiederaufladbaren Beleuchtungsset mit 700 Lumen # 78708<\/span><\/p>\n<p class=\"p2\"><span class=\"s1\"><\/span><\/p>\n<p class=\"p1\"><span class=\"s1\">Beschreibung:<\/span><\/p>\n<p class=\"p2\"><span class=\"s1\"><\/span><\/p>\n<p class=\"p1\"><span class=\"s1\">Das wiederaufladbare Basislicht ist mit drei verschiedenen K\u00f6pfen austauschbar.<span class=\"Apple-converted-space\">\u00a0 <\/span>Eine Taschenlampe mit einer Leistung von 700 Lumen hellt die dunkelsten Bereiche auf.<span class=\"Apple-converted-space\">\u00a0<\/span><\/span><\/p>\n<p class=\"p2\"><span class=\"s1\"><\/span><\/p>\n<p class=\"p1\"><span class=\"s1\">Schlanke Lite-Aufs\u00e4tze erleichtern das Erreichen schwieriger R\u00e4ume.<span class=\"Apple-converted-space\">\u00a0<\/span><\/span><\/p>\n<p class=\"p2\"><span class=\"s1\"><\/span><\/p>\n<p class=\"p1\"><span class=\"s1\">Kommt mit UV-Kopf-Aufs\u00e4tzen, um Lecks in AC-Systemen zu identifizieren.<span class=\"Apple-converted-space\">\u00a0<\/span><\/span><\/p>\n<p class=\"p2\"><span class=\"s1\"><\/span><\/p>\n<p> <center> <\/center> <!--VGMVAGRVKGEVRGSND--><!--VGPVRGOVMGOVMGAVRGKVEGRVFST--><center> <img decoding=\"async\" height=\"33\" src=\"https:\/\/imagehost.vendio.com\/img\/logos\/free-gallery.gif\" vspace=\"2\" width=\"88\"\/><br \/> <a target=\"_blank\"><font color=\"#0000FF\" face=\"Verdana, Arial, Helvetica, sans-serif\" size=\"2\"><b><\/p>\n<div id=\"vgalcredit\">Klick hier. Verdoppeln Sie Ihren Verkehr. Holen Sie sich Vendio Gallery &#8211; jetzt KOSTENLOS!<\/div>\n<p><\/b><\/font><\/a><\/p>\n<p> <\/center> <!--VGPVRGOVMGOVMGAVRGKVEGRVSND--><\/p>\n<div style=\"display: none\">\n<div typeof=\"Product\" vocab=\"https:\/\/schema.org\/\"><span property=\"description\"> Steelman Pro alles in einem wiederaufladbaren Beleuchtungsset mit 700 Lumen # 78708 Beschreibung: Das wiederaufladbare Basislicht ist mit drei verschiedenen K\u00f6pfen austauschbar.\u00a0 Eine Taschenlampe mit einer Leistung von 700 Lumen hellt die dunkelsten Bereiche auf.\u00a0 Schlanke Lite-Aufs\u00e4tze erleichtern das Erreichen schwieriger R\u00e4ume.\u00a0 Kommt mit UV-Kopf-Aufs\u00e4tzen, um Lecks in AC-Systemen zu identifizieren.\u00a0 Klick hier. Verdoppeln Sie Ihren Verkehr. Holen Sie sich Vendio Gallery &#8211; jetzt KOSTENLOS! <\/span><\/div>\n<\/div>\n<p><\/body><\/html><!--VGMVAGRVKGEVRGFST--><!-- GVAVLVLVEVRVYV --><\/p>\n<table>\n<tbody>\n<tr>\n<td>Warranty<\/td>\n<td>Yes<\/td>\n<\/tr>\n<tr>\n<td>Part Brand<\/td>\n<td>J S Products (steelman)<\/td>\n<\/tr>\n<tr>\n<td>Brand<\/td>\n<td>Steelman<\/td>\n<\/tr>\n<tr>\n<td>Manufacturer Part Number<\/td>\n<td>78708 SP78708<\/td>\n<\/tr>\n<tr>\n<td>UPC<\/td>\n<td>Does not apply<\/td>\n<\/tr>\n<\/tbody>\n<\/table>\n","protected":false},"excerpt":{"rendered":"<p>Wenn Sie von dem US Marktplatz bestellen, k\u00f6nnen f\u00fcr die Pakete Steuern und Zollgeb\u00fchren anfallen, die der K\u00e4ufer sp\u00e4ter tragen muss. Steelman Pro All-in-One Wiederaufladbar Licht Set 78708 Das Datenblatt dieses Produkts wurde urspr\u00fcnglich auf Englisch verfasst. Unten finden Sie eine automatische \u00dcbersetzung ins Deutsche. Sollten Sie irgendwelche Fragen haben, kontaktieren Sie uns. Steelman Pro&#8230;<\/p>\n","protected":false},"featured_media":3536,"comment_status":"closed","ping_status":"closed","template":"","meta":[],"product_brand":[],"product_cat":[21],"product_tag":[],"class_list":{"0":"post-3535","1":"product","2":"type-product","3":"status-publish","4":"has-post-thumbnail","6":"product_cat-other","7":"pa_artikel-marke-j-s-products-steelman","8":"pa_garantie-ja","9":"pa_herstellernummer-78708-sp78708","10":"pa_marke-steelman","12":"first","13":"instock","14":"taxable","15":"shipping-taxable","16":"purchasable","17":"product-type-simple"},"_links":{"self":[{"href":"https:\/\/www.dwtool.com\/index.php?rest_route=\/wp\/v2\/product\/3535","targetHints":{"allow":["GET"]}}],"collection":[{"href":"https:\/\/www.dwtool.com\/index.php?rest_route=\/wp\/v2\/product"}],"about":[{"href":"https:\/\/www.dwtool.com\/index.php?rest_route=\/wp\/v2\/types\/product"}],"replies":[{"embeddable":true,"href":"https:\/\/www.dwtool.com\/index.php?rest_route=%2Fwp%2Fv2%2Fcomments&post=3535"}],"wp:featuredmedia":[{"embeddable":true,"href":"https:\/\/www.dwtool.com\/index.php?rest_route=\/wp\/v2\/media\/3536"}],"wp:attachment":[{"href":"https:\/\/www.dwtool.com\/index.php?rest_route=%2Fwp%2Fv2%2Fmedia&parent=3535"}],"wp:term":[{"taxonomy":"product_brand","embeddable":true,"href":"https:\/\/www.dwtool.com\/index.php?rest_route=%2Fwp%2Fv2%2Fproduct_brand&post=3535"},{"taxonomy":"product_cat","embeddable":true,"href":"https:\/\/www.dwtool.com\/index.php?rest_route=%2Fwp%2Fv2%2Fproduct_cat&post=3535"},{"taxonomy":"product_tag","embeddable":true,"href":"https:\/\/www.dwtool.com\/index.php?rest_route=%2Fwp%2Fv2%2Fproduct_tag&post=3535"}],"curies":[{"name":"wp","href":"https:\/\/api.w.org\/{rel}","templated":true}]}}