{"id":3556,"date":"2019-05-24T06:49:10","date_gmt":"2019-05-24T06:49:10","guid":{"rendered":"https:\/\/www.dwtool.com\/?product=moclamp-0054-mini-spring-klemme"},"modified":"2025-10-07T07:02:21","modified_gmt":"2025-10-07T07:02:21","slug":"moclamp-0054-mini-spring-klemme","status":"publish","type":"product","link":"https:\/\/www.dwtool.com\/?product=moclamp-0054-mini-spring-klemme","title":{"rendered":"Moclamp 0054 Mini-Spring Klemme"},"content":{"rendered":"<p> <meta\n name=\"viewport\"\n content=\"width=device-width,\n initial-scale=1.0\"><\/p>\n<div style=\"background-color: white !important;\n border:1px solid #ccc !important;\n width: 90% !important;\n padding: 6px !important;\n margin: auto !important;\n text-align: left !important;\n font-size:14px !important;\n line-height:24px !important;\"><\/p>\n<p> Wenn Sie von dem US Marktplatz bestellen, k\u00f6nnen f\u00fcr die Pakete Steuern und Zollgeb\u00fchren anfallen, die der K\u00e4ufer sp\u00e4ter tragen muss.<\/p>\n<h2 style=\"font-size:18px !important;\">Moclamp 0054 Mini-Spring Klemme<\/h2>\n<div>Das Datenblatt dieses Produkts wurde urspr\u00fcnglich auf Englisch verfasst. Unten finden Sie eine automatische \u00dcbersetzung ins Deutsche. Sollten Sie irgendwelche Fragen haben, kontaktieren Sie uns.<\/div>\n<\/p><\/div>\n<p> <html><head><meta content=\"text\/html; charset=UTF-8\" http-equiv=\"Content-Type\"\/><\/head><body>Mini Spring \u2122 Clamp<\/p>\n<p>Gefedert zum einfachen \u00d6ffnen. Beinhaltet eine ovale Schlaufe zur Verwendung mit dem Rutschhaken zum einfachen Anschlie\u00dfen. F\u00fcr leichte Bleche an diesen engen Stellen. Cross-Hatch-Zahndesign f\u00fcr einen aggressiven Biss. Die Klemme hat &#8220;Ohren&#8221;, um die Schrauben festzuhalten und das Anziehen mit einer Hand zu erleichtern.<\/p>\n<p>Greiffl\u00e4che: 1\u00bd &#8220;(39 mm), \u00be&#8221; tief (19 mm)<br \/>Gesamtl\u00e4nge: 6&#8243;(152 mm)<br \/>Gewicht: 3 lbs ( 1,36 kg)<br \/>Kapazit\u00e4t: 3 Tonnen ( 2.722 kg)<\/p>\n<p>Ersatzteile: # 5225 Mutter, Schraube und Unterlegscheibe, # 5220 Gabelkopfstift und Rue-Clip, # 4043 ovale Schlaufe, # 840078 Feder <br \/>W\u00e4rmebehandelte Stahl. Hergestellt in den USA<!--VGMVAGRVKGEVRGFST--><!-- GVAVLVLVEVRVYV --> <center> <\/center> <!--VGMVAGRVKGEVRGSND--><!--VGPVRGOVMGOVMGAVRGKVEGRVFST--><center> <img decoding=\"async\" height=\"33\" src=\"https:\/\/imagehost.vendio.com\/img\/logos\/free-gallery.gif\" vspace=\"2\" width=\"88\"\/><br \/> <a target=\"_blank\"><font color=\"#0000FF\" face=\"Verdana, Arial, Helvetica, sans-serif\" size=\"2\"><b><\/p>\n<div id=\"vgalcredit\">Klicken Sie hier. Verdoppeln Sie Ihren Verkehr. Holen Vendio Gallery &#8211; Jetzt KOSTENLOS!<\/div>\n<p><\/b><\/font><\/a><\/p>\n<p> <\/center> <!--VGPVRGOVMGOVMGAVRGKVEGRVSND--><\/body><\/html><\/p>\n<table>\n<tbody>\n<tr>\n<td>Warranty<\/td>\n<td>Yes<\/td>\n<\/tr>\n<tr>\n<td>Brand<\/td>\n<td>MOCLAMP<\/td>\n<\/tr>\n<tr>\n<td>Manufacturer Part Number<\/td>\n<td>0054<\/td>\n<\/tr>\n<tr>\n<td>Country\/Region of Manufacture<\/td>\n<td>United States<\/td>\n<\/tr>\n<tr>\n<td>UPC<\/td>\n<td>Does not apply<\/td>\n<\/tr>\n<\/tbody>\n<\/table>\n","protected":false},"excerpt":{"rendered":"<p>Wenn Sie von dem US Marktplatz bestellen, k\u00f6nnen f\u00fcr die Pakete Steuern und Zollgeb\u00fchren anfallen, die der K\u00e4ufer sp\u00e4ter tragen muss. Moclamp 0054 Mini-Spring Klemme Das Datenblatt dieses Produkts wurde urspr\u00fcnglich auf Englisch verfasst. Unten finden Sie eine automatische \u00dcbersetzung ins Deutsche. Sollten Sie irgendwelche Fragen haben, kontaktieren Sie uns. Mini Spring \u2122 Clamp Gefedert&#8230;<\/p>\n","protected":false},"featured_media":3557,"comment_status":"closed","ping_status":"closed","template":"","meta":[],"product_brand":[],"product_cat":[21],"product_tag":[],"class_list":{"0":"post-3556","1":"product","2":"type-product","3":"status-publish","4":"has-post-thumbnail","6":"product_cat-other","7":"pa_garantie-ja","8":"pa_herstellernummer-1971","9":"pa_land-und-umgebung-hersteller-vereinigte-staaten","10":"pa_marke-moclamp","12":"first","13":"instock","14":"taxable","15":"shipping-taxable","16":"purchasable","17":"product-type-simple"},"_links":{"self":[{"href":"https:\/\/www.dwtool.com\/index.php?rest_route=\/wp\/v2\/product\/3556","targetHints":{"allow":["GET"]}}],"collection":[{"href":"https:\/\/www.dwtool.com\/index.php?rest_route=\/wp\/v2\/product"}],"about":[{"href":"https:\/\/www.dwtool.com\/index.php?rest_route=\/wp\/v2\/types\/product"}],"replies":[{"embeddable":true,"href":"https:\/\/www.dwtool.com\/index.php?rest_route=%2Fwp%2Fv2%2Fcomments&post=3556"}],"wp:featuredmedia":[{"embeddable":true,"href":"https:\/\/www.dwtool.com\/index.php?rest_route=\/wp\/v2\/media\/3557"}],"wp:attachment":[{"href":"https:\/\/www.dwtool.com\/index.php?rest_route=%2Fwp%2Fv2%2Fmedia&parent=3556"}],"wp:term":[{"taxonomy":"product_brand","embeddable":true,"href":"https:\/\/www.dwtool.com\/index.php?rest_route=%2Fwp%2Fv2%2Fproduct_brand&post=3556"},{"taxonomy":"product_cat","embeddable":true,"href":"https:\/\/www.dwtool.com\/index.php?rest_route=%2Fwp%2Fv2%2Fproduct_cat&post=3556"},{"taxonomy":"product_tag","embeddable":true,"href":"https:\/\/www.dwtool.com\/index.php?rest_route=%2Fwp%2Fv2%2Fproduct_tag&post=3556"}],"curies":[{"name":"wp","href":"https:\/\/api.w.org\/{rel}","templated":true}]}}