{"id":3565,"date":"2019-05-24T06:49:10","date_gmt":"2019-05-24T06:49:10","guid":{"rendered":"https:\/\/www.dwtool.com\/?product=steelman-pro-uno-recargable-luz-kit-78708"},"modified":"2025-10-07T07:02:42","modified_gmt":"2025-10-07T07:02:42","slug":"steelman-pro-uno-recargable-luz-kit-78708","status":"publish","type":"product","link":"https:\/\/www.dwtool.com\/?product=steelman-pro-uno-recargable-luz-kit-78708","title":{"rendered":"Steelman Pro Uno Recargable Luz Kit 78708"},"content":{"rendered":"<p><meta name=\"viewport\" content=\"width=device-width, initial-scale=1.0\"><\/p>\n<div style=\"background-color: white !important; border:1px solid #ccc !important; width: 90% !important; padding: 6px !important; margin: auto !important; text-align: left !important; font-size:14px !important; line-height:24px !important;\">Al realizar un pedido desde los EE. UU. los paquetes pueden estar sujetos a impuestos de importaci\u00f3n y a los aranceles, que el comprador debe pagar.<\/p>\n<h2 style=\"font-size:18px !important;\">Steelman Pro Uno Recargable Luz Kit 78708<\/h2>\n<div>Esta ficha t\u00e9cnica del producto ha sido originalmente escrita en ingl\u00e9s. A continuaci\u00f3n puede encontrar una traducci\u00f3n autom\u00e1tica al espa\u00f1ol. Si usted tiene alguna pregunta por favor p\u00f3ngase en contacto con nosotros.<\/div>\n<\/div>\n<p><html><head> <meta content=\"text\/html; charset=utf-8\" http-equiv=\"Content-Type\"\/> <meta content=\"text\/css\" http-equiv=\"Content-Style-Type\"\/> <title><\/title> <meta content=\"Cocoa HTML Writer\" name=\"Generator\"\/> <\/head> <body> <\/p>\n<p class=\"p1\"><span class=\"s1\">Kit de luces recargables todo en uno Steelman pro 700 l\u00famenes # 78708<\/span><\/p>\n<p class=\"p2\"><span class=\"s1\"><\/span><\/p>\n<p class=\"p1\"><span class=\"s1\">Descripci\u00f3n:<\/span><\/p>\n<p class=\"p2\"><span class=\"s1\"><\/span><\/p>\n<p class=\"p1\"><span class=\"s1\">La luz base recargable es intercambiable con tres cabezales diferentes.<span class=\"Apple-converted-space\">\u00a0 <\/span>La linterna de salida de 700 l\u00famenes ilumina las \u00e1reas m\u00e1s oscuras.<span class=\"Apple-converted-space\">\u00a0<\/span><\/span><\/p>\n<p class=\"p2\"><span class=\"s1\"><\/span><\/p>\n<p class=\"p1\"><span class=\"s1\">Los accesorios Slim Lite facilitan el acceso a espacios dif\u00edciles.<span class=\"Apple-converted-space\">\u00a0<\/span><\/span><\/p>\n<p class=\"p2\"><span class=\"s1\"><\/span><\/p>\n<p class=\"p1\"><span class=\"s1\">Viene con accesorios de cabeza uv para identificar fugas dentro de los sistemas de CA.<span class=\"Apple-converted-space\">\u00a0<\/span><\/span><\/p>\n<p class=\"p2\"><span class=\"s1\"><\/span><\/p>\n<p> <center> <\/center> <!--VGMVAGRVKGEVRGSND--><!--VGPVRGOVMGOVMGAVRGKVEGRVFST--><center> <img decoding=\"async\" height=\"33\" src=\"https:\/\/imagehost.vendio.com\/img\/logos\/free-gallery.gif\" vspace=\"2\" width=\"88\"\/><br \/> <a target=\"_blank\"><font color=\"#0000FF\" face=\"Verdana, Arial, Helvetica, sans-serif\" size=\"2\"><b><\/p>\n<div id=\"vgalcredit\">Haga clic aqu\u00ed. Duplica tu tr\u00e1fico. Obtenga la Galer\u00eda Vendio &#8211; \u00a1Ahora GRATIS!<\/div>\n<p><\/b><\/font><\/a><\/p>\n<p> <\/center> <!--VGPVRGOVMGOVMGAVRGKVEGRVSND--><\/p>\n<div style=\"display: none\">\n<div typeof=\"Product\" vocab=\"https:\/\/schema.org\/\"><span property=\"description\"> Kit de luces recargables todo en uno Steelman pro 700 l\u00famenes # 78708 Descripci\u00f3n: La luz base recargable es intercambiable con tres cabezales diferentes.\u00a0 La linterna de salida de 700 l\u00famenes ilumina las \u00e1reas m\u00e1s oscuras.\u00a0 Los accesorios Slim Lite facilitan el acceso a espacios dif\u00edciles.\u00a0 Viene con accesorios de cabeza uv para identificar fugas dentro de los sistemas de CA.\u00a0 Haga clic aqu\u00ed. Duplica tu tr\u00e1fico. Obtenga la Galer\u00eda Vendio &#8211; \u00a1Ahora GRATIS! <\/span><\/div>\n<\/div>\n<p><\/body><\/html><!--VGMVAGRVKGEVRGFST--><!-- GVAVLVLVEVRVYV --><\/p>\n<table>\n<tbody>\n<tr>\n<td>Warranty<\/td>\n<td>Yes<\/td>\n<\/tr>\n<tr>\n<td>Part Brand<\/td>\n<td>J S Products (steelman)<\/td>\n<\/tr>\n<tr>\n<td>Brand<\/td>\n<td>Steelman<\/td>\n<\/tr>\n<tr>\n<td>Manufacturer Part Number<\/td>\n<td>78708 SP78708<\/td>\n<\/tr>\n<tr>\n<td>UPC<\/td>\n<td>Does not apply<\/td>\n<\/tr>\n<\/tbody>\n<\/table>\n","protected":false},"excerpt":{"rendered":"<p>Al realizar un pedido desde los EE. UU. los paquetes pueden estar sujetos a impuestos de importaci\u00f3n y a los aranceles, que el comprador debe pagar. Steelman Pro Uno Recargable Luz Kit 78708 Esta ficha t\u00e9cnica del producto ha sido originalmente escrita en ingl\u00e9s. A continuaci\u00f3n puede encontrar una traducci\u00f3n autom\u00e1tica al espa\u00f1ol. Si usted&#8230;<\/p>\n","protected":false},"featured_media":3566,"comment_status":"closed","ping_status":"closed","template":"","meta":[],"product_brand":[],"product_cat":[21],"product_tag":[],"class_list":{"0":"post-3565","1":"product","2":"type-product","3":"status-publish","4":"has-post-thumbnail","6":"product_cat-other","7":"pa_garantia-del-fabricante-si","8":"pa_marca-steelman","9":"pa_marca-de-pieza-j-s-productos-steelman","10":"pa_mpn-78708-sp78708","12":"first","13":"instock","14":"taxable","15":"shipping-taxable","16":"purchasable","17":"product-type-simple"},"_links":{"self":[{"href":"https:\/\/www.dwtool.com\/index.php?rest_route=\/wp\/v2\/product\/3565","targetHints":{"allow":["GET"]}}],"collection":[{"href":"https:\/\/www.dwtool.com\/index.php?rest_route=\/wp\/v2\/product"}],"about":[{"href":"https:\/\/www.dwtool.com\/index.php?rest_route=\/wp\/v2\/types\/product"}],"replies":[{"embeddable":true,"href":"https:\/\/www.dwtool.com\/index.php?rest_route=%2Fwp%2Fv2%2Fcomments&post=3565"}],"wp:featuredmedia":[{"embeddable":true,"href":"https:\/\/www.dwtool.com\/index.php?rest_route=\/wp\/v2\/media\/3566"}],"wp:attachment":[{"href":"https:\/\/www.dwtool.com\/index.php?rest_route=%2Fwp%2Fv2%2Fmedia&parent=3565"}],"wp:term":[{"taxonomy":"product_brand","embeddable":true,"href":"https:\/\/www.dwtool.com\/index.php?rest_route=%2Fwp%2Fv2%2Fproduct_brand&post=3565"},{"taxonomy":"product_cat","embeddable":true,"href":"https:\/\/www.dwtool.com\/index.php?rest_route=%2Fwp%2Fv2%2Fproduct_cat&post=3565"},{"taxonomy":"product_tag","embeddable":true,"href":"https:\/\/www.dwtool.com\/index.php?rest_route=%2Fwp%2Fv2%2Fproduct_tag&post=3565"}],"curies":[{"name":"wp","href":"https:\/\/api.w.org\/{rel}","templated":true}]}}