{"id":3576,"date":"2019-05-24T06:49:12","date_gmt":"2019-05-24T06:49:12","guid":{"rendered":"https:\/\/www.dwtool.com\/?product=tete-boulon-outil-pour-audi-et-vw-10-mm6-pt"},"modified":"2025-10-07T07:03:03","modified_gmt":"2025-10-07T07:03:03","slug":"tete-boulon-outil-pour-audi-et-vw-10-mm6-pt","status":"publish","type":"product","link":"https:\/\/www.dwtool.com\/?product=tete-boulon-outil-pour-audi-et-vw-10-mm6-pt","title":{"rendered":"T\u00eate Boulon Outil Pour Audi Et VW 10 MM6 PT"},"content":{"rendered":"<p><meta name=\"viewport\" content=\"width=device-width, initial-scale=1.0\"><\/p>\n<div style=\"background-color: white !important; border:1px solid #ccc !important; width: 90% !important; padding: 6px !important; margin: auto !important; text-align: left !important; font-size:14px !important; line-height:24px !important;\">Les commandes r\u00e9alis\u00e9es \u00e0 partir des \u00c9tats-Unis, peuvent \u00eatre soumises \u00e0 des taxes d&#8217;importation et droits de douane, que l&#8217;acheteur est tenu responsable de payer.<\/p>\n<h2 style=\"font-size:18px !important;\">T\u00eate Boulon Outil Pour Audi Et VW 10 MM6 PT<\/h2>\n<div>Cette fiche produit est originalement \u00e9crite en anglais. Veuillez trouver ci dessous une traduction automatique en fran\u00e7ais. Si vous avez des questions veuillez nous contacter.<\/div>\n<\/div>\n<p><html><head><\/head><body><font rwr=\"1\" size=\"4\" style=\"font-family:Arial\"><font rwr=\"1\" size=\"4\" style=\"font-family: Arial;\">Outil de boulon de t\u00eate pour VW et Audi. <\/p>\n<p>Lecteur Poky 10 mm, 6 points <br \/>Pour R&amp;R des boulons de culasse<\/p>\n<p>Vimv3452<\/p>\n<p>Publi\u00e9 avec <a href=\"https:\/\/mobile.ebay.com\" target=\"_blank\">eBay Mobile<\/a><\/p>\n<p> <!-- VENDBASCTCTCTVENDBASCT --> <center> <\/center> <!-- VENDBASCTCTCTVENDBASCT --> <!--VGMVAGRVKGEVRGFST--><!-- GVAVLVLVEVRVYV --> <center> <\/center> <!--VGMVAGRVKGEVRGSND--><!--VGPVRGOVMGOVMGAVRGKVEGRVFST--><center> <img decoding=\"async\" height=\"33\" src=\"https:\/\/imagehost.vendio.com\/img\/logos\/free-gallery.gif\" vspace=\"2\" width=\"88\"\/><br \/> <a target=\"_blank\"><font color=\"#0000ff\" face=\"Verdana, Arial, Helvetica, sans-serif\" size=\"2\"><b><\/p>\n<div id=\"vgalcredit\">Cliquez ici. Doublez votre trafic. Obtenez Vendio Gallery &#8211; maintenant GRATUIT!<\/div>\n<p><\/b><\/font><\/a><\/p>\n<p> <\/center> <!--VGPVRGOVMGOVMGAVRGKVEGRVSND--><\/p>\n<p><\/font><\/font><center><font rwr=\"1\" size=\"4\" style=\"font-family:Arial\"><font rwr=\"1\" size=\"4\" style=\"font-family: Arial;\"><\/font><\/font><\/center><\/p>\n<div style=\"display: none\">\n<div typeof=\"Product\" vocab=\"https:\/\/schema.org\/\"><span property=\"description\">Outil de boulon de t\u00eate pour VW et Audi. Lecteur Poky 10 mm, 6 points Pour R&amp;R des boulons de culasse Vimv3452 Publi\u00e9 avec eBay Mobile Cliquez ici. Doublez votre trafic. Obtenez Vendio Gallery &#8211; maintenant GRATUIT! <\/span><\/div>\n<\/div>\n<p><\/body><\/html><\/p>\n<table>\n<tbody>\n<tr>\n<td>Brand<\/td>\n<td>VIM TOOLS<\/td>\n<\/tr>\n<tr>\n<td>Manufacturer Part Number<\/td>\n<td>3452<\/td>\n<\/tr>\n<tr>\n<td>UPC<\/td>\n<td>Does not apply<\/td>\n<\/tr>\n<\/tbody>\n<\/table>\n","protected":false},"excerpt":{"rendered":"<p>Les commandes r\u00e9alis\u00e9es \u00e0 partir des \u00c9tats-Unis, peuvent \u00eatre soumises \u00e0 des taxes d&#8217;importation et droits de douane, que l&#8217;acheteur est tenu responsable de payer. T\u00eate Boulon Outil Pour Audi Et VW 10 MM6 PT Cette fiche produit est originalement \u00e9crite en anglais. Veuillez trouver ci dessous une traduction automatique en fran\u00e7ais. Si vous avez&#8230;<\/p>\n","protected":false},"featured_media":3577,"comment_status":"closed","ping_status":"closed","template":"","meta":[],"product_brand":[],"product_cat":[21],"product_tag":[],"class_list":{"0":"post-3576","1":"product","2":"type-product","3":"status-publish","4":"has-post-thumbnail","6":"product_cat-other","7":"pa_marque-vim-tools","8":"pa_numero-de-piece-fabricant-1978","10":"first","11":"instock","12":"taxable","13":"shipping-taxable","14":"purchasable","15":"product-type-simple"},"_links":{"self":[{"href":"https:\/\/www.dwtool.com\/index.php?rest_route=\/wp\/v2\/product\/3576","targetHints":{"allow":["GET"]}}],"collection":[{"href":"https:\/\/www.dwtool.com\/index.php?rest_route=\/wp\/v2\/product"}],"about":[{"href":"https:\/\/www.dwtool.com\/index.php?rest_route=\/wp\/v2\/types\/product"}],"replies":[{"embeddable":true,"href":"https:\/\/www.dwtool.com\/index.php?rest_route=%2Fwp%2Fv2%2Fcomments&post=3576"}],"wp:featuredmedia":[{"embeddable":true,"href":"https:\/\/www.dwtool.com\/index.php?rest_route=\/wp\/v2\/media\/3577"}],"wp:attachment":[{"href":"https:\/\/www.dwtool.com\/index.php?rest_route=%2Fwp%2Fv2%2Fmedia&parent=3576"}],"wp:term":[{"taxonomy":"product_brand","embeddable":true,"href":"https:\/\/www.dwtool.com\/index.php?rest_route=%2Fwp%2Fv2%2Fproduct_brand&post=3576"},{"taxonomy":"product_cat","embeddable":true,"href":"https:\/\/www.dwtool.com\/index.php?rest_route=%2Fwp%2Fv2%2Fproduct_cat&post=3576"},{"taxonomy":"product_tag","embeddable":true,"href":"https:\/\/www.dwtool.com\/index.php?rest_route=%2Fwp%2Fv2%2Fproduct_tag&post=3576"}],"curies":[{"name":"wp","href":"https:\/\/api.w.org\/{rel}","templated":true}]}}