{"id":3612,"date":"2019-05-24T06:49:13","date_gmt":"2019-05-24T06:49:13","guid":{"rendered":"https:\/\/www.dwtool.com\/?product=schley-gm-direction-assistee-pompe-joint"},"modified":"2025-10-07T07:09:00","modified_gmt":"2025-10-07T07:09:00","slug":"schley-gm-direction-assistee-pompe-joint","status":"publish","type":"product","link":"https:\/\/www.dwtool.com\/?product=schley-gm-direction-assistee-pompe-joint","title":{"rendered":"Schley GM Direction Assist\u00e9e Pompe Joint"},"content":{"rendered":"<p><meta name=\"viewport\" content=\"width=device-width, initial-scale=1.0\"><\/p>\n<div style=\"background-color: white !important; border:1px solid #ccc !important; width: 90% !important; padding: 6px !important; margin: auto !important; text-align: left !important; font-size:14px !important; line-height:24px !important;\">Les commandes r\u00e9alis\u00e9es \u00e0 partir des \u00c9tats-Unis, peuvent \u00eatre soumises \u00e0 des taxes d&#8217;importation et droits de douane, que l&#8217;acheteur est tenu responsable de payer.<\/p>\n<h2 style=\"font-size:18px !important;\">Schley GM Direction Assist\u00e9e Pompe Joint<\/h2>\n<div>Cette fiche produit est originalement \u00e9crite en anglais. Veuillez trouver ci dessous une traduction automatique en fran\u00e7ais. Si vous avez des questions veuillez nous contacter.<\/div>\n<\/div>\n<p><html><head><\/head><body><\/p>\n<p>GM dissolvant de joint de la pompe de direction assist\u00e9e et de l&#8217;outil d&#8217;installation<\/p>\n<p>Cette conception outil unique, avec sa coupe presse et tirer en attente de brevet permet l&#8217;extracteur de joint de la pompe de direction assist\u00e9e bon technicien sur les pompes servodirection GM plus de 1975 \u00e0 pr\u00e9sent<\/p>\n<p>Schley 68500A<\/p>\n<p>\u00a0<\/p>\n<p><img decoding=\"async\" class=\"rg_i\" data-sz=\"f\" name=\"VJeQHoS-PXd8QM:\" src=\"\" style=\"width: 165px; height: 165px; margin-top: 0px; margin-right: -2px; margin-left: 0px;\"\/><\/p>\n<p><\/p>\n<p>Publi\u00e9 avec <a href=\"https:\/\/mobile.ebay.com\" target=\"_blank\">eBay Mobile<\/a><\/p>\n<\/p>\n<p><center><a href=\"https:\/\/pages.ebay.com\/selling_manager_pro\" target=\"_blank\"><img decoding=\"async\" border=\"0\" height=\"50\" src=\"https:\/\/pics.ebay.com\/aw\/pics\/sellingmanager\/sellingmanagerPro\/smPro_248x50.gif\" width=\"248\"\/><\/a><\/center><\/p>\n<p><!--VGMVAGRVKGEVRGFST--><!-- GVAVLVLVEVRVYV --> <center> <\/center> <!--VGMVAGRVKGEVRGSND--><!--VGPVRGOVMGOVMGAVRGKVEGRVFST--><center> <img decoding=\"async\" height=\"33\" src=\"https:\/\/imagehost.vendio.com\/img\/logos\/free-gallery.gif\" vspace=\"2\" width=\"88\"\/><br \/> <a target=\"_blank\"><font color=\"#0000ff\" face=\"Verdana, Arial, Helvetica, sans-serif\" size=\"2\"><b><\/p>\n<div id=\"vgalcredit\">Cliquez ici. Doublez votre trafic. Obtenez la galerie Vendio &#8211; maintenant GRATUITE!<\/div>\n<p><\/b><\/font><\/a><\/p>\n<p> <\/center> <!--VGPVRGOVMGOVMGAVRGKVEGRVSND--><\/p>\n<div style=\"display: none\">\n<div typeof=\"Product\" vocab=\"https:\/\/schema.org\/\"><span property=\"description\">GM dissolvant de joint de la pompe de direction assist\u00e9e et de l&#8217;outil d&#8217;installation Cette conception outil unique, avec sa coupe presse et tirer en attente de brevet permet l&#8217;extracteur de joint de la pompe de direction assist\u00e9e bon technicien sur les pompes servodirection GM plus de 1975 \u00e0 pr\u00e9sent Schley 68500A \u00a0 Publi\u00e9 avec eBay Mobile Cliquez ici. Doublez votre trafic. Obtenez la galerie Vendio &#8211; maintenant GRATUITE! <\/span><\/div>\n<\/div>\n<p><\/body><\/html><\/p>\n<table>\n<tbody>\n<tr>\n<td>Part Brand<\/td>\n<td>68500A<\/td>\n<\/tr>\n<tr>\n<td>Manufacturer Part Number<\/td>\n<td>schley<\/td>\n<\/tr>\n<tr>\n<td>UPC<\/td>\n<td>Does not apply<\/td>\n<\/tr>\n<\/tbody>\n<\/table>\n","protected":false},"excerpt":{"rendered":"<p>Les commandes r\u00e9alis\u00e9es \u00e0 partir des \u00c9tats-Unis, peuvent \u00eatre soumises \u00e0 des taxes d&#8217;importation et droits de douane, que l&#8217;acheteur est tenu responsable de payer. Schley GM Direction Assist\u00e9e Pompe Joint Cette fiche produit est originalement \u00e9crite en anglais. Veuillez trouver ci dessous une traduction automatique en fran\u00e7ais. Si vous avez des questions veuillez nous&#8230;<\/p>\n","protected":false},"featured_media":3613,"comment_status":"closed","ping_status":"closed","template":"","meta":[],"product_brand":[],"product_cat":[21],"product_tag":[],"class_list":{"0":"post-3612","1":"product","2":"type-product","3":"status-publish","4":"has-post-thumbnail","6":"product_cat-other","7":"pa_marque-68500a","8":"pa_numero-de-piece-fabricant-schley","9":"pa_pieces-de-voiture-classiques-oui","11":"first","12":"instock","13":"taxable","14":"shipping-taxable","15":"purchasable","16":"product-type-simple"},"_links":{"self":[{"href":"https:\/\/www.dwtool.com\/index.php?rest_route=\/wp\/v2\/product\/3612","targetHints":{"allow":["GET"]}}],"collection":[{"href":"https:\/\/www.dwtool.com\/index.php?rest_route=\/wp\/v2\/product"}],"about":[{"href":"https:\/\/www.dwtool.com\/index.php?rest_route=\/wp\/v2\/types\/product"}],"replies":[{"embeddable":true,"href":"https:\/\/www.dwtool.com\/index.php?rest_route=%2Fwp%2Fv2%2Fcomments&post=3612"}],"wp:featuredmedia":[{"embeddable":true,"href":"https:\/\/www.dwtool.com\/index.php?rest_route=\/wp\/v2\/media\/3613"}],"wp:attachment":[{"href":"https:\/\/www.dwtool.com\/index.php?rest_route=%2Fwp%2Fv2%2Fmedia&parent=3612"}],"wp:term":[{"taxonomy":"product_brand","embeddable":true,"href":"https:\/\/www.dwtool.com\/index.php?rest_route=%2Fwp%2Fv2%2Fproduct_brand&post=3612"},{"taxonomy":"product_cat","embeddable":true,"href":"https:\/\/www.dwtool.com\/index.php?rest_route=%2Fwp%2Fv2%2Fproduct_cat&post=3612"},{"taxonomy":"product_tag","embeddable":true,"href":"https:\/\/www.dwtool.com\/index.php?rest_route=%2Fwp%2Fv2%2Fproduct_tag&post=3612"}],"curies":[{"name":"wp","href":"https:\/\/api.w.org\/{rel}","templated":true}]}}