{"id":3615,"date":"2019-05-24T06:49:13","date_gmt":"2019-05-24T06:49:13","guid":{"rendered":"https:\/\/www.dwtool.com\/?product=channellock-nutbuster-zunge-und-groove-cha307"},"modified":"2025-10-07T07:09:09","modified_gmt":"2025-10-07T07:09:09","slug":"channellock-nutbuster-zunge-und-groove-cha307","status":"publish","type":"product","link":"https:\/\/www.dwtool.com\/?product=channellock-nutbuster-zunge-und-groove-cha307","title":{"rendered":"Channellock Nutbuster Zunge Und Groove Cha307"},"content":{"rendered":"<p><meta name=\"viewport\" content=\"width=device-width, initial-scale=1.0\"><\/p>\n<div style=\"background-color: white !important; border:1px solid #ccc !important; width: 90% !important; padding: 6px !important; margin: auto !important; text-align: left !important; font-size:14px !important; line-height:24px !important;\">Wenn Sie von dem US Marktplatz bestellen, k\u00f6nnen f\u00fcr die Pakete Steuern und Zollgeb\u00fchren anfallen, die der K\u00e4ufer sp\u00e4ter tragen muss.<\/p>\n<h2 style=\"font-size:18px !important;\">Channellock Nutbuster Zunge Und Groove Cha307<\/h2>\n<div>Das Datenblatt dieses Produkts wurde urspr\u00fcnglich auf Englisch verfasst. Unten finden Sie eine automatische \u00dcbersetzung ins Deutsche. Sollten Sie irgendwelche Fragen haben, kontaktieren Sie uns.<\/div>\n<\/div>\n<p><html><head><\/head><body>Channellock Nutbuster<br \/>Nut- und Federzange<\/p>\n<p>Beschreibung<\/p>\n<p>Papageiennase ideal f\u00fcr abgerundete Oberfl\u00e4chen<\/p>\n<p>Laser erhitzte Z\u00e4hne im rechten Winkel greifen besser und halten l\u00e4nger. <\/p>\n<p>Verbessert &#8211; gr\u00f6\u00dfere Backenkapazit\u00e4t mit Permalockverschluss. <\/p>\n<p>C1080-Stahl mit hohem Kohlenstoffgehalt f\u00fcr \u00fcberlegene Leistung und eine elektronische Beschichtung f\u00fcr ultimativen Rostschutz. <\/p>\n<p>Channellock blauer Komfortgriff. <\/p>\n<p>Cha307<\/p>\n<p>Hergestellt in den USA <\/p>\n<p>Gepostet mit <a href=\"https:\/\/mobile.ebay.com\" target=\"_blank\">eBay Mobile<\/a><\/p>\n<p> <!-- VENDBASCTCTCTVENDBASCT --> <center> <\/center> <!-- VENDBASCTCTCTVENDBASCT --> <!--VGMVAGRVKGEVRGFST--><!-- GVAVLVLVEVRVYV --> <center> <\/center> <!--VGMVAGRVKGEVRGSND--><!--VGPVRGOVMGOVMGAVRGKVEGRVFST--><center> <img decoding=\"async\" height=\"33\" src=\"https:\/\/imagehost.vendio.com\/img\/logos\/free-gallery.gif\" vspace=\"2\" width=\"88\"\/><br \/> <a target=\"_blank\"><font color=\"#0000FF\" face=\"Verdana, Arial, Helvetica, sans-serif\" size=\"2\"><b><\/p>\n<div id=\"vgalcredit\">Klick hier. Verdoppeln Sie Ihren Verkehr. Holen Sie sich Vendio Gallery &#8211; jetzt KOSTENLOS!<\/div>\n<p><\/b><\/font><\/a><\/p>\n<p> <\/center> <!--VGPVRGOVMGOVMGAVRGKVEGRVSND--><\/p>\n<div style=\"display: none\">\n<div typeof=\"Product\" vocab=\"https:\/\/schema.org\/\"><span property=\"description\">Channellock Nutbuster Nut- und Federzange Beschreibung Papageiennase ideal f\u00fcr abgerundete Oberfl\u00e4chen Laser erhitzte Z\u00e4hne im rechten Winkel greifen besser und halten l\u00e4nger. Verbessert &#8211; gr\u00f6\u00dfere Backenkapazit\u00e4t mit Permalockverschluss. C1080-Stahl mit hohem Kohlenstoffgehalt f\u00fcr \u00fcberlegene Leistung und eine elektronische Beschichtung f\u00fcr ultimativen Rostschutz. Channellock blauer Komfortgriff. Cha307 Hergestellt in den USA Gepostet mit eBay Mobile Klick hier. Verdoppeln Sie Ihren Verkehr. Holen Sie sich Vendio Gallery &#8211; jetzt KOSTENLOS! <\/span><\/div>\n<\/div>\n<p><\/body><\/html><\/p>\n<table>\n<tbody>\n<tr>\n<td>Brand<\/td>\n<td>Channellock<\/td>\n<\/tr>\n<tr>\n<td>Manufacturer Part Number<\/td>\n<td>307<\/td>\n<\/tr>\n<tr>\n<td>UPC<\/td>\n<td>Does not apply<\/td>\n<\/tr>\n<\/tbody>\n<\/table>\n","protected":false},"excerpt":{"rendered":"<p>Wenn Sie von dem US Marktplatz bestellen, k\u00f6nnen f\u00fcr die Pakete Steuern und Zollgeb\u00fchren anfallen, die der K\u00e4ufer sp\u00e4ter tragen muss. Channellock Nutbuster Zunge Und Groove Cha307 Das Datenblatt dieses Produkts wurde urspr\u00fcnglich auf Englisch verfasst. Unten finden Sie eine automatische \u00dcbersetzung ins Deutsche. Sollten Sie irgendwelche Fragen haben, kontaktieren Sie uns. Channellock NutbusterNut- und&#8230;<\/p>\n","protected":false},"featured_media":3616,"comment_status":"closed","ping_status":"closed","template":"","meta":[],"product_brand":[],"product_cat":[21],"product_tag":[],"class_list":{"0":"post-3615","1":"product","2":"type-product","3":"status-publish","4":"has-post-thumbnail","6":"product_cat-other","7":"pa_ean-nicht-zutreffend","8":"pa_herstellernummer-1990","9":"pa_marke-channellock","11":"first","12":"instock","13":"taxable","14":"shipping-taxable","15":"purchasable","16":"product-type-simple"},"_links":{"self":[{"href":"https:\/\/www.dwtool.com\/index.php?rest_route=\/wp\/v2\/product\/3615","targetHints":{"allow":["GET"]}}],"collection":[{"href":"https:\/\/www.dwtool.com\/index.php?rest_route=\/wp\/v2\/product"}],"about":[{"href":"https:\/\/www.dwtool.com\/index.php?rest_route=\/wp\/v2\/types\/product"}],"replies":[{"embeddable":true,"href":"https:\/\/www.dwtool.com\/index.php?rest_route=%2Fwp%2Fv2%2Fcomments&post=3615"}],"wp:featuredmedia":[{"embeddable":true,"href":"https:\/\/www.dwtool.com\/index.php?rest_route=\/wp\/v2\/media\/3616"}],"wp:attachment":[{"href":"https:\/\/www.dwtool.com\/index.php?rest_route=%2Fwp%2Fv2%2Fmedia&parent=3615"}],"wp:term":[{"taxonomy":"product_brand","embeddable":true,"href":"https:\/\/www.dwtool.com\/index.php?rest_route=%2Fwp%2Fv2%2Fproduct_brand&post=3615"},{"taxonomy":"product_cat","embeddable":true,"href":"https:\/\/www.dwtool.com\/index.php?rest_route=%2Fwp%2Fv2%2Fproduct_cat&post=3615"},{"taxonomy":"product_tag","embeddable":true,"href":"https:\/\/www.dwtool.com\/index.php?rest_route=%2Fwp%2Fv2%2Fproduct_tag&post=3615"}],"curies":[{"name":"wp","href":"https:\/\/api.w.org\/{rel}","templated":true}]}}