{"id":3619,"date":"2019-05-24T06:49:13","date_gmt":"2019-05-24T06:49:13","guid":{"rendered":"https:\/\/www.dwtool.com\/?product=ast-fz35a-refroidissement-adaptateur-pour-ford-mercedesnissancadillac"},"modified":"2025-10-07T07:09:19","modified_gmt":"2025-10-07T07:09:19","slug":"ast-fz35a-refroidissement-adaptateur-pour-ford-mercedesnissancadillac","status":"publish","type":"product","link":"https:\/\/www.dwtool.com\/?product=ast-fz35a-refroidissement-adaptateur-pour-ford-mercedesnissancadillac","title":{"rendered":"Ast FZ35A Refroidissement Adaptateur Pour Ford ,Mercedes,Nissan,Cadillac,"},"content":{"rendered":"<p><meta name=\"viewport\" content=\"width=device-width, initial-scale=1.0\"><\/p>\n<div style=\"background-color: white !important; border:1px solid #ccc !important; width: 90% !important; padding: 6px !important; margin: auto !important; text-align: left !important; font-size:14px !important; line-height:24px !important;\">Les commandes r\u00e9alis\u00e9es \u00e0 partir des \u00c9tats-Unis, peuvent \u00eatre soumises \u00e0 des taxes d&#8217;importation et droits de douane, que l&#8217;acheteur est tenu responsable de payer.<\/p>\n<h2 style=\"font-size:18px !important;\">Ast FZ35A Refroidissement Adaptateur Pour Ford ,Mercedes,Nissan,Cadillac,<\/h2>\n<div>Cette fiche produit est originalement \u00e9crite en anglais. Veuillez trouver ci dessous une traduction automatique en fran\u00e7ais. Si vous avez des questions veuillez nous contacter.<\/div>\n<\/div>\n<p><html><head><\/head><body>Adaptateur de refroidissement AST FZ35A<\/p>\n<p>Buick, Cadillac , Chevrolet Ford , Freightliner, GMC , Internationale, Jaguar, Lincoln , Mercedes, Mercury, Nissan, Oldsmobile, Pontiac, Saturn et Sterling <\/p>\n<p>Filetage femelle 52x 2,5 mm<\/p>\n<p>Pour pressuriser les syst\u00e8mes de refroidissement. <\/p>\n<table align=\"left\" border=\"0\" cellpadding=\"0\" cellspacing=\"0\" style=\"color: rgb(0, 0, 0);\" width=\"640\">\n<tbody>\n<tr>\n<td bgcolor=\"#333333\" class=\"BODY_DETAIL\">\n<div align=\"center\"><font size=\"2\"><i><br \/><\/i><\/font><\/div>\n<\/td>\n<td bgcolor=\"#333333\" class=\"BODY_DETAIL\"><font size=\"2\"><i><br \/><\/i><\/font><\/td>\n<\/tr>\n<tr>\n<td class=\"LINE3_APP_TABLE-RIGHT\"><i style=\"font-size: small;\">\u00a0Cadillac &#8211; CTS<\/i><br \/><i style=\"font-size: small;\">\u00a02003 &#8211; 2003<\/i><\/td>\n<td class=\"LINE3_APP_TABLE-RIGHT\">\n<div align=\"center\"><font size=\"2\"><i><br \/><\/i><\/font><\/div>\n<\/td>\n<\/tr>\n<tr>\n<td class=\"LINE3_APP_TABLE-RIGHT\"><i style=\"font-size: small;\">\u00a0Cadillac &#8211; Escalade<\/i><br \/><i style=\"font-size: small;\">\u00a01999 &#8211; 1999<\/i><\/td>\n<td class=\"LINE3_APP_TABLE-RIGHT\">\n<div align=\"center\"><font size=\"2\"><i><br \/><\/i><\/font><\/div>\n<\/td>\n<\/tr>\n<tr>\n<td class=\"LINE3_APP_TABLE-RIGHT\"><i style=\"font-size: small;\">\u00a0Cadillac &#8211; Fleetwood<\/i><br \/><i style=\"font-size: small;\">\u00a01994 &#8211; 1996<\/i><\/td>\n<td class=\"LINE3_APP_TABLE-RIGHT\">\n<div align=\"center\"><font size=\"2\"><i><br \/><\/i><\/font><\/div>\n<\/td>\n<\/tr>\n<tr>\n<td class=\"LINE3_APP_TABLE-RIGHT\"><i style=\"font-size: small;\">\u00a0Cadillac &#8211; S\u00e9ville<\/i><br \/><i style=\"font-size: small;\">\u00a01998 &#8211; 2003<\/i><\/td>\n<td class=\"LINE3_APP_TABLE-RIGHT\">\n<div align=\"center\"><font size=\"2\"><i><br \/><\/i><\/font><\/div>\n<\/td>\n<\/tr>\n<tr>\n<td class=\"LINE3_APP_TABLE-RIGHT\"><i style=\"font-size: small;\">\u00a0Chevrolet &#8211; Beretta<\/i><br \/><i style=\"font-size: small;\">\u00a01992 &#8211; 1996<\/i><\/td>\n<td class=\"LINE3_APP_TABLE-RIGHT\">\n<div align=\"center\"><font size=\"2\"><i><br \/><\/i><\/font><\/div>\n<\/td>\n<\/tr>\n<tr>\n<td class=\"LINE3_APP_TABLE-RIGHT\"><i style=\"font-size: small;\">\u00a0Chevrolet &#8211; Camaro<\/i><br \/><i style=\"font-size: small;\">\u00a01999 &#8211; 1999<\/i><\/td>\n<td class=\"LINE3_APP_TABLE-RIGHT\">\n<div align=\"center\"><font size=\"2\"><i><br \/><\/i><\/font><\/div>\n<\/td>\n<\/tr>\n<tr>\n<td class=\"LINE3_APP_TABLE-RIGHT\"><i style=\"font-size: small;\">\u00a0Chevrolet &#8211; Caprice<\/i><br \/><i style=\"font-size: small;\">\u00a01995 &#8211; 1996<\/i><\/td>\n<td class=\"LINE3_APP_TABLE-RIGHT\">\n<div align=\"center\"><font size=\"2\"><i><br \/><\/i><\/font><\/div>\n<\/td>\n<\/tr>\n<tr>\n<td class=\"LINE3_APP_TABLE-RIGHT\"><i style=\"font-size: small;\">\u00a0Chevrolet &#8211; Cavalier<\/i><br \/><i style=\"font-size: small;\">\u00a01995 &#8211; 1999<\/i><\/td>\n<td class=\"LINE3_APP_TABLE-RIGHT\">\n<div align=\"center\"><font size=\"2\"><i><br \/><\/i><\/font><\/div>\n<\/td>\n<\/tr>\n<tr>\n<td class=\"LINE3_APP_TABLE-RIGHT\"><i style=\"font-size: small;\">\u00a0Chevrolet &#8211; Cobalt<\/i><br \/><i style=\"font-size: small;\">\u00a02005 &#8211; 2005<\/i><\/td>\n<td class=\"LINE3_APP_TABLE-RIGHT\">\n<div align=\"center\"><font size=\"2\"><i><br \/><\/i><\/font><\/div>\n<\/td>\n<\/tr>\n<tr>\n<td class=\"LINE3_APP_TABLE-RIGHT\"><i style=\"font-size: small;\">\u00a0Chevrolet &#8211; Colorado<\/i><\/td>\n<td class=\"LINE3_APP_TABLE-RIGHT\">\n<div align=\"center\"><font size=\"2\"><i><br \/><\/i><\/font><\/div>\n<\/td>\n<\/tr>\n<tr>\n<td class=\"LINE3_APP_TABLE-RIGHT\"><i style=\"font-size: small;\">\u00a0Chevrolet &#8211; La Corse<\/i><br \/><i style=\"font-size: small;\">\u00a01992 &#8211; 1996<\/i><\/td>\n<td class=\"LINE3_APP_TABLE-RIGHT\">\n<div align=\"center\"><font size=\"2\"><i><br \/><\/i><\/font><\/div>\n<\/td>\n<\/tr>\n<tr>\n<td class=\"LINE3_APP_TABLE-RIGHT\"><i style=\"font-size: small;\">\u00a0Chevrolet &#8211; Corvette<\/i><br \/><i style=\"font-size: small;\">\u00a01999 &#8211; 2011<\/i><\/td>\n<td class=\"LINE3_APP_TABLE-RIGHT\">\n<div align=\"center\"><font size=\"2\"><i><br \/><\/i><\/font><\/div>\n<\/td>\n<\/tr>\n<tr>\n<td class=\"LINE3_APP_TABLE-RIGHT\"><i style=\"font-size: small;\">\u00a0Chevrolet &#8211; Cruze<\/i><br \/><i style=\"font-size: small;\">\u00a02011<\/i><\/td>\n<td class=\"LINE3_APP_TABLE-RIGHT\">\n<div align=\"center\"><font size=\"2\"><i><br \/><\/i><\/font><\/div>\n<\/td>\n<\/tr>\n<tr>\n<td class=\"LINE3_APP_TABLE-RIGHT\"><i style=\"font-size: small;\">\u00a0Chevrolet &#8211; Express<\/i><br \/><i style=\"font-size: small;\">\u00a02010 &#8211; 2011<\/i><\/td>\n<td class=\"LINE3_APP_TABLE-RIGHT\">\n<div align=\"center\"><font size=\"2\"><i><br \/><\/i><\/font><\/div>\n<\/td>\n<\/tr>\n<tr>\n<td class=\"LINE3_APP_TABLE-RIGHT\"><i style=\"font-size: small;\">\u00a0Chevrolet &#8211; Impala SS<\/i><br \/><i style=\"font-size: small;\">\u00a01994 &#8211; 1996<\/i><\/td>\n<td class=\"LINE3_APP_TABLE-RIGHT\">\n<div align=\"center\"><font size=\"2\"><i><br \/><\/i><\/font><\/div>\n<\/td>\n<\/tr>\n<tr>\n<td class=\"LINE3_APP_TABLE-RIGHT\"><i style=\"font-size: small;\">\u00a0Chevrolet &#8211; Malibu<\/i><br \/><i style=\"font-size: small;\">\u00a01997 &#8211; 1999<\/i><\/td>\n<td class=\"LINE3_APP_TABLE-RIGHT\">\n<div align=\"center\"><font size=\"2\"><i><br \/><\/i><\/font><\/div>\n<\/td>\n<\/tr>\n<tr>\n<td class=\"LINE3_APP_TABLE-RIGHT\"><i style=\"font-size: small;\">\u00a0Chevrolet &#8211; M\u00e9tro<\/i><br \/><i style=\"font-size: small;\">\u00a01999 &#8211; 1999<\/i><\/td>\n<td class=\"LINE3_APP_TABLE-RIGHT\">\n<div align=\"center\"><font size=\"2\"><i><br \/><\/i><\/font><\/div>\n<\/td>\n<\/tr>\n<tr>\n<td class=\"LINE3_APP_TABLE-RIGHT\"><i style=\"font-size: small;\">\u00a0Chevrolet &#8211; Prizm<\/i><br \/><i style=\"font-size: small;\">\u00a01999 &#8211; 1999<\/i><\/td>\n<td class=\"LINE3_APP_TABLE-RIGHT\">\n<div align=\"center\"><font size=\"2\"><i><br \/><\/i><\/font><\/div>\n<\/td>\n<\/tr>\n<tr>\n<td class=\"LINE3_APP_TABLE-RIGHT\"><i style=\"font-size: small;\">\u00a0Chevrolet &#8211; Silverado 1500<\/i><br \/><i style=\"font-size: small;\">\u00a01999 &#8211; 2011<\/i><\/td>\n<td class=\"LINE3_APP_TABLE-RIGHT\">\n<div align=\"center\"><font size=\"2\"><i><br \/><\/i><\/font><\/div>\n<\/td>\n<\/tr>\n<tr>\n<td class=\"LINE3_APP_TABLE-RIGHT\"><i style=\"font-size: small;\">\u00a0Chevrolet &#8211; Silverado 2500<\/i><br \/><i style=\"font-size: small;\">\u00a01999 &#8211; 2009<\/i><\/td>\n<td class=\"LINE3_APP_TABLE-RIGHT\">\n<div align=\"center\"><font size=\"2\"><i><br \/><\/i><\/font><\/div>\n<\/td>\n<\/tr>\n<tr>\n<td class=\"LINE3_APP_TABLE-RIGHT\"><i style=\"font-size: small;\">\u00a0Chevrolet &#8211; Banlieue<\/i><br \/><i style=\"font-size: small;\">\u00a02000 &#8211; 2011<\/i><\/td>\n<td class=\"LINE3_APP_TABLE-RIGHT\">\n<div align=\"center\"><font size=\"2\"><i><br \/><\/i><\/font><\/div>\n<\/td>\n<\/tr>\n<tr>\n<td class=\"LINE3_APP_TABLE-RIGHT\"><i style=\"font-size: small;\">\u00a0Chevrolet &#8211; Tahoe<\/i><br \/><i style=\"font-size: small;\">\u00a01999 &#8211; 2011<\/i><\/td>\n<td class=\"LINE3_APP_TABLE-RIGHT\">\n<div align=\"center\"><font size=\"2\"><i><br \/><\/i><\/font><\/div>\n<\/td>\n<\/tr>\n<tr>\n<td class=\"LINE3_APP_TABLE-RIGHT\"><i style=\"font-size: small;\">\u00a0Chevrolet &#8211; Traqueur<\/i><br \/><i style=\"font-size: small;\">\u00a01999 &#8211; 1999<\/i><\/td>\n<td class=\"LINE3_APP_TABLE-RIGHT\">\n<div align=\"center\"><font size=\"2\"><i><br \/><\/i><\/font><\/div>\n<\/td>\n<\/tr>\n<tr>\n<td class=\"LINE3_APP_TABLE-RIGHT\"><i style=\"font-size: small;\">\u00a0Chevrolet &#8211; Pionnier<\/i><br \/><i style=\"font-size: small;\">\u00a02001 &#8211; 2002<\/i><\/td>\n<td class=\"LINE3_APP_TABLE-RIGHT\">\n<div align=\"center\"><font size=\"2\"><i><br \/><\/i><\/font><\/div>\n<\/td>\n<\/tr>\n<tr>\n<td class=\"LINE3_APP_TABLE-RIGHT\"><i style=\"font-size: small;\">\u00a0Chevrolet &#8211; Van<\/i><br \/><i style=\"font-size: small;\">\u00a02007 &#8211; 2011<\/i><\/td>\n<td class=\"LINE3_APP_TABLE-RIGHT\">\n<div align=\"center\"><font size=\"2\"><i><br \/><\/i><\/font><\/div>\n<\/td>\n<\/tr>\n<tr>\n<td class=\"LINE3_APP_TABLE-RIGHT\"><i style=\"font-size: small;\">\u00a0Ford &#8211; \u00c9chapper<\/i><br \/><i style=\"font-size: small;\">\u00a02011<\/i><\/td>\n<td class=\"LINE3_APP_TABLE-RIGHT\">\n<div align=\"center\"><font size=\"2\"><i><br \/><\/i><\/font><\/div>\n<\/td>\n<\/tr>\n<tr>\n<td class=\"LINE3_APP_TABLE-RIGHT\"><i style=\"font-size: small;\">\u00a0Ford &#8211; Excursion<\/i><br \/><i style=\"font-size: small;\">\u00a02002 &#8211; 2004<\/i><\/td>\n<td class=\"LINE3_APP_TABLE-RIGHT\">\n<div align=\"center\"><font size=\"2\"><i><br \/><\/i><\/font><\/div>\n<\/td>\n<\/tr>\n<tr>\n<td class=\"LINE3_APP_TABLE-RIGHT\"><i style=\"font-size: small;\">\u00a0Ford &#8211; Explorateur<\/i><\/td>\n<td class=\"LINE3_APP_TABLE-RIGHT\">\n<div align=\"center\"><font size=\"2\"><i><br \/><\/i><\/font><\/div>\n<\/td>\n<\/tr>\n<tr>\n<td class=\"LINE3_APP_TABLE-RIGHT\"><i style=\"font-size: small;\">\u00a0Ford &#8211; F-150<\/i><br \/><i style=\"font-size: small;\">\u00a02004 &#8211; 2005<\/i><\/td>\n<td class=\"LINE3_APP_TABLE-RIGHT\">\n<div align=\"center\"><font size=\"2\"><i><br \/><\/i><\/font><\/div>\n<\/td>\n<\/tr>\n<tr>\n<td class=\"LINE3_APP_TABLE-RIGHT\"><i style=\"font-size: small;\">\u00a0Ford &#8211; Cinq cents<\/i><br \/><i style=\"font-size: small;\">\u00a02005 &#8211; 2005<\/i><\/td>\n<td class=\"LINE3_APP_TABLE-RIGHT\">\n<div align=\"center\"><font size=\"2\"><i><br \/><\/i><\/font><\/div>\n<\/td>\n<\/tr>\n<tr>\n<td class=\"LINE3_APP_TABLE-RIGHT\"><i style=\"font-size: small;\">\u00a0Ford &#8211; Taureau<\/i><br \/><i style=\"font-size: small;\">\u00a01996 &#8211; 2006<\/i><\/td>\n<td class=\"LINE3_APP_TABLE-RIGHT\">\n<div align=\"center\"><font size=\"2\"><i><br \/><\/i><\/font><\/div>\n<\/td>\n<\/tr>\n<tr>\n<td class=\"LINE3_APP_TABLE-RIGHT\"><i style=\"font-size: small;\">\u00a0Freightliner &#8211; Camion diesel<\/i><br \/><i style=\"font-size: small;\">\u00a02004 &#8211; 2004<\/i><\/td>\n<td class=\"LINE3_APP_TABLE-RIGHT\">\n<div align=\"center\"><font size=\"2\"><i><br \/><\/i><\/font><\/div>\n<\/td>\n<\/tr>\n<tr>\n<td class=\"LINE3_APP_TABLE-RIGHT\"><i style=\"font-size: small;\">\u00a0GMC &#8211; Envoy\u00e9<\/i><br \/><i style=\"font-size: small;\">\u00a02002 &#8211; 2002<\/i><\/td>\n<td class=\"LINE3_APP_TABLE-RIGHT\">\n<div align=\"center\"><font size=\"2\"><i><br \/><\/i><\/font><\/div>\n<\/td>\n<\/tr>\n<tr>\n<td class=\"LINE3_APP_TABLE-RIGHT\"><i style=\"font-size: small;\">\u00a0GMC &#8211; Sierra 1500<\/i><br \/><i style=\"font-size: small;\">\u00a01999 &#8211; 2003<\/i><\/td>\n<td class=\"LINE3_APP_TABLE-RIGHT\">\n<div align=\"center\"><font size=\"2\"><i><br \/><\/i><\/font><\/div>\n<\/td>\n<\/tr>\n<tr>\n<td class=\"LINE3_APP_TABLE-RIGHT\"><i style=\"font-size: small;\">\u00a0GMC &#8211; Sierra 2500<\/i><br \/><i style=\"font-size: small;\">\u00a01999 &#8211; 2003<\/i><\/td>\n<td class=\"LINE3_APP_TABLE-RIGHT\">\n<div align=\"center\"><font size=\"2\"><i><br \/><\/i><\/font><\/div>\n<\/td>\n<\/tr>\n<tr>\n<td class=\"LINE3_APP_TABLE-RIGHT\"><i style=\"font-size: small;\">\u00a0GMC &#8211; Yukon<\/i><br \/><i style=\"font-size: small;\">\u00a01999 &#8211; 1999<\/i><\/td>\n<td class=\"LINE3_APP_TABLE-RIGHT\">\n<div align=\"center\"><font size=\"2\"><i><br \/><\/i><\/font><\/div>\n<\/td>\n<\/tr>\n<tr>\n<td class=\"LINE3_APP_TABLE-RIGHT\"><i style=\"font-size: small;\">\u00a0Jaguar &#8211; Type S<\/i><br \/><i style=\"font-size: small;\">\u00a02000 &#8211; 2003<\/i><\/td>\n<td class=\"LINE3_APP_TABLE-RIGHT\">\n<div align=\"center\"><font size=\"2\"><i><br \/><\/i><\/font><\/div>\n<\/td>\n<\/tr>\n<tr>\n<td class=\"LINE3_APP_TABLE-RIGHT\"><i style=\"font-size: small;\">\u00a0Land Rover &#8211; Freelander<\/i><br \/><i style=\"font-size: small;\">\u00a02005 &#8211; 2005<\/i><\/td>\n<td class=\"LINE3_APP_TABLE-RIGHT\">\n<div align=\"center\"><font size=\"2\"><i><br \/><\/i><\/font><\/div>\n<\/td>\n<\/tr>\n<tr>\n<td class=\"LINE3_APP_TABLE-RIGHT\"><i style=\"font-size: small;\">\u00a0Land Rover &#8211; LR3<\/i><br \/><i style=\"font-size: small;\">\u00a02005 &#8211; 2007<\/i><\/td>\n<td class=\"LINE3_APP_TABLE-RIGHT\">\n<div align=\"center\"><font size=\"2\"><i><br \/><\/i><\/font><\/div>\n<\/td>\n<\/tr>\n<tr>\n<td class=\"LINE3_APP_TABLE-RIGHT\"><i style=\"font-size: small;\">\u00a0Oldsmobile &#8211; Achieva<\/i><br \/><i style=\"font-size: small;\">\u00a01992 &#8211; 1998<\/i><\/td>\n<td class=\"LINE3_APP_TABLE-RIGHT\">\n<div align=\"center\"><font size=\"2\"><i><br \/><\/i><\/font><\/div>\n<\/td>\n<\/tr>\n<tr>\n<td class=\"LINE3_APP_TABLE-RIGHT\"><i style=\"font-size: small;\">\u00a0Oldsmobile &#8211; Alero<\/i><br \/><i style=\"font-size: small;\">\u00a01999 &#8211; 1999<\/i><\/td>\n<td class=\"LINE3_APP_TABLE-RIGHT\">\n<div align=\"center\"><font size=\"2\"><i><br \/><\/i><\/font><\/div>\n<\/td>\n<\/tr>\n<tr>\n<td class=\"LINE3_APP_TABLE-RIGHT\"><i style=\"font-size: small;\">\u00a0Oldsmobile &#8211; Aurore<\/i><br \/><i style=\"font-size: small;\">\u00a01995 &#8211; 1999<\/i><\/td>\n<td class=\"LINE3_APP_TABLE-RIGHT\">\n<div align=\"center\"><font size=\"2\"><i><br \/><\/i><\/font><\/div>\n<\/td>\n<\/tr>\n<tr>\n<td class=\"LINE3_APP_TABLE-RIGHT\"><i style=\"font-size: small;\">\u00a0Oldsmobile &#8211; Coutelas<\/i><br \/><i style=\"font-size: small;\">\u00a01997 &#8211; 1998<\/i><\/td>\n<td class=\"LINE3_APP_TABLE-RIGHT\">\n<div align=\"center\"><font size=\"2\"><i><br \/><\/i><\/font><\/div>\n<\/td>\n<\/tr>\n<tr>\n<td class=\"LINE3_APP_TABLE-RIGHT\"><i style=\"font-size: small;\">\u00a0Oldsmobile &#8211; Intrigue<\/i><br \/><i><font size=\"2\">\u00a01999 &#8211; 2000<\/font><\/i><\/td>\n<td class=\"LINE3_APP_TABLE-RIGHT\">\n<div align=\"center\"><font size=\"2\"><i><br \/><\/i><\/font><\/div>\n<\/td>\n<\/tr>\n<tr>\n<td class=\"LINE3_APP_TABLE-RIGHT\"><font size=\"2\"><i>\u00a0Pontiac &#8211; G6<\/i><br \/><i>\u00a02<\/i><i>005 &#8211; 2005<\/i><\/font><\/td>\n<td class=\"LINE3_APP_TABLE-RIGHT\">\n<div align=\"center\"><i><font size=\"2\"><br \/><\/font><\/i><\/div>\n<\/td>\n<\/tr>\n<tr>\n<td class=\"LINE3_APP_TABLE-RIGHT\"><font size=\"2\"><i>\u00a0Pontiac &#8211; Grand Am<\/i><br \/><i>\u00a01992 &#8211; 1999<\/i><\/font><\/td>\n<td class=\"LINE3_APP_TABLE-RIGHT\">\n<div align=\"center\"><i><font size=\"2\"><br \/><\/font><\/i><\/div>\n<\/td>\n<\/tr>\n<tr>\n<td class=\"LINE3_APP_TABLE-RIGHT\"><font size=\"2\"><i>\u00a0Pontiac &#8211; Sunfire<\/i><br \/><i>\u00a01995 &#8211; 1999<\/i><\/font><\/td>\n<td class=\"LINE3_APP_TABLE-RIGHT\">\n<div align=\"center\"><i><font size=\"2\"><br \/><\/font><\/i><\/div>\n<\/td>\n<\/tr>\n<tr>\n<td class=\"LINE3_APP_TABLE-RIGHT\"><font size=\"2\"><i>\u00a0Saturne &#8211; Ion<br \/><\/i><i>2005 &#8211; 2005<\/i><\/font><\/td>\n<td class=\"LINE3_APP_TABLE-RIGHT\">\n<div align=\"center\"><i><font size=\"2\"><br \/><\/font><\/i><\/div>\n<\/td>\n<\/tr>\n<tr>\n<td class=\"LINE3_APP_TABLE-RIGHT\"><i><font size=\"2\">\u00a0Saturne<br \/>\u00a01990 &#8211; 1999<\/font><\/i><\/td>\n<td class=\"LINE3_APP_TABLE-RIGHT\">\n<div align=\"center\"><i><font size=\"2\"><br \/><\/font><\/i><\/div>\n<\/td>\n<\/tr>\n<tr>\n<td class=\"LINE3_APP_TABLE-RIGHT\"><i><font size=\"2\">\u00a0Saturne &#8211; Vue<br \/>\u00a02003 &#8211; 2003<\/font><\/i><\/td>\n<td class=\"LINE3_APP_TABLE-RIGHT\">\n<div align=\"center\"><i><font size=\"1\"><br \/><\/font><\/i><\/div>\n<\/td>\n<\/tr>\n<\/tbody>\n<\/table>\n<p><i><\/p>\n<p><font color=\"#00429a\">Fabriqu\u00e9 aux \u00c9tats-Unis <\/font><\/i><\/p>\n<p>Publi\u00e9 avec <a href=\"https:\/\/mobile.ebay.com\" target=\"_blank\">eBay Mobile<\/a><\/p>\n<p> <!-- VENDBASCTCTCTVENDBASCT --> <center> <\/center> <!-- VENDBASCTCTCTVENDBASCT --> <!--VGMVAGRVKGEVRGFST--><!-- GVAVLVLVEVRVYV --> <center> <\/center> <!--VGMVAGRVKGEVRGSND--><!--VGPVRGOVMGOVMGAVRGKVEGRVFST--><center> <img decoding=\"async\" height=\"33\" src=\"https:\/\/imagehost.vendio.com\/img\/logos\/free-gallery.gif\" vspace=\"2\" width=\"88\"\/><br \/> <a target=\"_blank\"><font color=\"#0000ff\" face=\"Verdana, Arial, Helvetica, sans-serif\" size=\"2\"><b><\/p>\n<div id=\"vgalcredit\">Cliquez ici. Doublez votre trafic. Obtenez Vendio Gallery &#8211; maintenant GRATUIT!<\/div>\n<p><\/b><\/font><\/a><\/p>\n<p> <\/center> <!--VGPVRGOVMGOVMGAVRGKVEGRVSND--><\/p>\n<div style=\"display: none\">\n<div typeof=\"Product\" vocab=\"https:\/\/schema.org\/\"><span property=\"description\">\u00a0Cadillac &#8211; CTS \u00a02003 &#8211; 2003 \u00a01999 &#8211; 1999 \u00a01994 &#8211; 1996 \u00a01998 &#8211; 2003 \u00a01992 &#8211; 1996 \u00a01999 &#8211; 1999 \u00a01995 &#8211; 1996 \u00a01995 &#8211; 1999 \u00a02005 &#8211; 2005 \u00a01992 &#8211; 1996 \u00a01999 &#8211; 2011 \u00a02011 \u00a02010 &#8211; 2011 \u00a01994 &#8211; 1996 \u00a01997 &#8211; 1999 \u00a01999 &#8211; 1999 \u00a01999 &#8211; 1999 \u00a01999 &#8211; 2011 \u00a01999 &#8211; 2009 \u00a02000 &#8211; 2011 \u00a01999 &#8211; 2011 \u00a01999 &#8211; 1999 \u00a02001 &#8211; 2002 \u00a0Chevrolet &#8211; Van \u00a02007 &#8211; 2011 \u00a0Ford &#8211; \u00c9chapper \u00a02011 \u00a02002 &#8211; 2004 \u00a0Ford &#8211; F-150 \u00a02004 &#8211; 2005 \u00a02005 &#8211; 2005 \u00a0Ford &#8211; Taureau \u00a01996 &#8211; 2006 \u00a02004 &#8211; 2004 \u00a0GMC &#8211; Envoy\u00e9 \u00a02002 &#8211; 2002 \u00a01999 &#8211; 2003 \u00a01999 &#8211; 2003 \u00a0GMC &#8211; Yukon \u00a01999 &#8211; 1999 \u00a0Jaguar &#8211; Type S \u00a02000 &#8211; 2003 \u00a02005 &#8211; 2005 \u00a02005 &#8211; 2007 \u00a01992 &#8211; 1998 \u00a01999 &#8211; 1999 \u00a01995 &#8211; 1999 \u00a01997 &#8211; 1998 \u00a01999 &#8211; 2000 \u00a0Pontiac &#8211; G6 \u00a02005 &#8211; 2005 \u00a01992 &#8211; 1999 \u00a01995 &#8211; 1999 \u00a0Saturne &#8211; Ion 2005 &#8211; 2005 \u00a0Saturne \u00a01990 &#8211; 1999 \u00a0Saturne &#8211; Vue \u00a02003 &#8211; 2003 <\/span><\/div>\n<\/div>\n<p><\/body><\/html><\/p>\n<table>\n<tbody>\n<tr>\n<td>Brand<\/td>\n<td>ASSENMACHER<\/td>\n<\/tr>\n<tr>\n<td>Manufacturer Part Number<\/td>\n<td>FZ 35A<\/td>\n<\/tr>\n<tr>\n<td>UPC<\/td>\n<td>Does not apply<\/td>\n<\/tr>\n<\/tbody>\n<\/table>\n","protected":false},"excerpt":{"rendered":"<p>Les commandes r\u00e9alis\u00e9es \u00e0 partir des \u00c9tats-Unis, peuvent \u00eatre soumises \u00e0 des taxes d&#8217;importation et droits de douane, que l&#8217;acheteur est tenu responsable de payer. Ast FZ35A Refroidissement Adaptateur Pour Ford ,Mercedes,Nissan,Cadillac, Cette fiche produit est originalement \u00e9crite en anglais. Veuillez trouver ci dessous une traduction automatique en fran\u00e7ais. Si vous avez des questions veuillez&#8230;<\/p>\n","protected":false},"featured_media":3620,"comment_status":"closed","ping_status":"closed","template":"","meta":[],"product_brand":[],"product_cat":[21],"product_tag":[],"class_list":{"0":"post-3619","1":"product","2":"type-product","3":"status-publish","4":"has-post-thumbnail","6":"product_cat-other","7":"pa_marque-assenmacher","8":"pa_numero-de-piece-fabricant-fz-35a","10":"first","11":"instock","12":"taxable","13":"shipping-taxable","14":"purchasable","15":"product-type-simple"},"_links":{"self":[{"href":"https:\/\/www.dwtool.com\/index.php?rest_route=\/wp\/v2\/product\/3619","targetHints":{"allow":["GET"]}}],"collection":[{"href":"https:\/\/www.dwtool.com\/index.php?rest_route=\/wp\/v2\/product"}],"about":[{"href":"https:\/\/www.dwtool.com\/index.php?rest_route=\/wp\/v2\/types\/product"}],"replies":[{"embeddable":true,"href":"https:\/\/www.dwtool.com\/index.php?rest_route=%2Fwp%2Fv2%2Fcomments&post=3619"}],"wp:featuredmedia":[{"embeddable":true,"href":"https:\/\/www.dwtool.com\/index.php?rest_route=\/wp\/v2\/media\/3620"}],"wp:attachment":[{"href":"https:\/\/www.dwtool.com\/index.php?rest_route=%2Fwp%2Fv2%2Fmedia&parent=3619"}],"wp:term":[{"taxonomy":"product_brand","embeddable":true,"href":"https:\/\/www.dwtool.com\/index.php?rest_route=%2Fwp%2Fv2%2Fproduct_brand&post=3619"},{"taxonomy":"product_cat","embeddable":true,"href":"https:\/\/www.dwtool.com\/index.php?rest_route=%2Fwp%2Fv2%2Fproduct_cat&post=3619"},{"taxonomy":"product_tag","embeddable":true,"href":"https:\/\/www.dwtool.com\/index.php?rest_route=%2Fwp%2Fv2%2Fproduct_tag&post=3619"}],"curies":[{"name":"wp","href":"https:\/\/api.w.org\/{rel}","templated":true}]}}