{"id":3623,"date":"2019-05-24T06:49:14","date_gmt":"2019-05-24T06:49:14","guid":{"rendered":"https:\/\/www.dwtool.com\/?product=1-4-magnetique-douille-holders"},"modified":"2025-10-18T08:22:40","modified_gmt":"2025-10-18T08:22:40","slug":"1-4-magnetique-douille-holders","status":"publish","type":"product","link":"https:\/\/www.dwtool.com\/?product=1-4-magnetique-douille-holders","title":{"rendered":"1\/4 &quot; Magn\u00e9tique Douille Holders"},"content":{"rendered":"<p><meta name=\"viewport\" content=\"width=device-width, initial-scale=1.0\"><\/p>\n<div style=\"background-color: white !important; border:1px solid #ccc !important; width: 90% !important; padding: 6px !important; margin: auto !important; text-align: left !important; font-size:14px !important; line-height:24px !important;\">Les commandes r\u00e9alis\u00e9es \u00e0 partir des \u00c9tats-Unis, peuvent \u00eatre soumises \u00e0 des taxes d&#8217;importation et droits de douane, que l&#8217;acheteur est tenu responsable de payer.<\/p>\n<h2 style=\"font-size:18px !important;\">1\/4 &#8221; Magn\u00e9tique Douille Holders<\/h2>\n<div>Cette fiche produit est originalement \u00e9crite en anglais. Veuillez trouver ci dessous une traduction automatique en fran\u00e7ais. Si vous avez des questions veuillez nous contacter.<\/div>\n<\/div>\n<p><html><head><\/head><body><font rwr=\"1\" size=\"4\" style=\"font-family:Arial\">Douilles magn\u00e9tiques 1\/4 &#8220;Lisle rouge et noir<\/p>\n<p>Utilis\u00e9 pour les sockets fractionnaires, m\u00e9triques et profonds <\/p>\n<p>26 compartiments de prises s\u00e9par\u00e9s pour des prises jusqu&#8217;\u00e0 5\/8 &#8220;ou 15 mm<\/p>\n<p>L&#8217;aimant puissant maintient solidement la douille dans le plateau<\/p>\n<p>Douilles \u00e0 plat pour s&#8217;adapter \u00e0 n&#8217;importe quelle bo\u00eete \u00e0 outils <\/p>\n<p>Les prises sont expos\u00e9es pour une identification facile <\/p>\n<p>L&#8217;aimant de puissance maintient le plateau sur les surfaces en acier. <\/p>\n<p>Lis40120 et lis40130<\/p>\n<p><\/font><\/p>\n<div style=\"display: none\">\n<div typeof=\"Product\" vocab=\"https:\/\/schema.org\/\"><span property=\"description\">Douilles magn\u00e9tiques 1\/4 &#8220;Lisle rouge et noir Utilis\u00e9 pour les sockets fractionnaires, m\u00e9triques et profonds 26 compartiments de prises s\u00e9par\u00e9s pour des prises jusqu&#8217;\u00e0 5\/8 &#8220;ou 15 mm L&#8217;aimant puissant maintient solidement la douille dans le plateau Douilles \u00e0 plat pour s&#8217;adapter \u00e0 n&#8217;importe quelle bo\u00eete \u00e0 outils Les prises sont expos\u00e9es pour une identification facile L&#8217;aimant de puissance maintient le plateau sur les surfaces en acier. Lis40120 et lis40130<\/span><\/div>\n<\/div>\n<p><\/body><\/html><\/p>\n<table>\n<tbody>\n<tr>\n<td>Brand<\/td>\n<td>LISLE<\/td>\n<\/tr>\n<tr>\n<td>Manufacturer Part Number<\/td>\n<td>Lis40120 and lis40130<\/td>\n<\/tr>\n<tr>\n<td>UPC<\/td>\n<td>Does not apply<\/td>\n<\/tr>\n<\/tbody>\n<\/table>\n","protected":false},"excerpt":{"rendered":"<p>Les commandes r\u00e9alis\u00e9es \u00e0 partir des \u00c9tats-Unis, peuvent \u00eatre soumises \u00e0 des taxes d&#8217;importation et droits de douane, que l&#8217;acheteur est tenu responsable de payer. 1\/4 &#8221; Magn\u00e9tique Douille Holders Cette fiche produit est originalement \u00e9crite en anglais. Veuillez trouver ci dessous une traduction automatique en fran\u00e7ais. Si vous avez des questions veuillez nous contacter&#8230;.<\/p>\n","protected":false},"featured_media":3624,"comment_status":"closed","ping_status":"closed","template":"","meta":[],"product_brand":[2448],"product_cat":[17],"product_tag":[],"class_list":{"0":"post-3623","1":"product","2":"type-product","3":"status-publish","4":"has-post-thumbnail","6":"product_brand-lisle","7":"product_cat-automotive-tools","8":"pa_marque-lisle","9":"pa_numero-de-piece-fabricant-lis40120-and-lis40130","11":"first","12":"instock","13":"taxable","14":"shipping-taxable","15":"purchasable","16":"product-type-simple"},"_links":{"self":[{"href":"https:\/\/www.dwtool.com\/index.php?rest_route=\/wp\/v2\/product\/3623","targetHints":{"allow":["GET"]}}],"collection":[{"href":"https:\/\/www.dwtool.com\/index.php?rest_route=\/wp\/v2\/product"}],"about":[{"href":"https:\/\/www.dwtool.com\/index.php?rest_route=\/wp\/v2\/types\/product"}],"replies":[{"embeddable":true,"href":"https:\/\/www.dwtool.com\/index.php?rest_route=%2Fwp%2Fv2%2Fcomments&post=3623"}],"wp:featuredmedia":[{"embeddable":true,"href":"https:\/\/www.dwtool.com\/index.php?rest_route=\/wp\/v2\/media\/3624"}],"wp:attachment":[{"href":"https:\/\/www.dwtool.com\/index.php?rest_route=%2Fwp%2Fv2%2Fmedia&parent=3623"}],"wp:term":[{"taxonomy":"product_brand","embeddable":true,"href":"https:\/\/www.dwtool.com\/index.php?rest_route=%2Fwp%2Fv2%2Fproduct_brand&post=3623"},{"taxonomy":"product_cat","embeddable":true,"href":"https:\/\/www.dwtool.com\/index.php?rest_route=%2Fwp%2Fv2%2Fproduct_cat&post=3623"},{"taxonomy":"product_tag","embeddable":true,"href":"https:\/\/www.dwtool.com\/index.php?rest_route=%2Fwp%2Fv2%2Fproduct_tag&post=3623"}],"curies":[{"name":"wp","href":"https:\/\/api.w.org\/{rel}","templated":true}]}}