{"id":3636,"date":"2019-05-24T06:49:15","date_gmt":"2019-05-24T06:49:15","guid":{"rendered":"https:\/\/www.dwtool.com\/?product=cta-8083-22-pieces-alternateur-kit-service-pour-audivwmercedesbmwfordhonda"},"modified":"2025-10-07T07:10:10","modified_gmt":"2025-10-07T07:10:10","slug":"cta-8083-22-pieces-alternateur-kit-service-pour-audivwmercedesbmwfordhonda","status":"publish","type":"product","link":"https:\/\/www.dwtool.com\/?product=cta-8083-22-pieces-alternateur-kit-service-pour-audivwmercedesbmwfordhonda","title":{"rendered":"Cta 8083 22 Pi\u00e8ces Alternateur Kit Service pour Audi,VW,Mercedes,BMW,Ford,Honda"},"content":{"rendered":"<p><meta name=\"viewport\" content=\"width=device-width, initial-scale=1.0\"><\/p>\n<div style=\"background-color: white !important; border:1px solid #ccc !important; width: 90% !important; padding: 6px !important; margin: auto !important; text-align: left !important; font-size:14px !important; line-height:24px !important;\">Les commandes r\u00e9alis\u00e9es \u00e0 partir des \u00c9tats-Unis, peuvent \u00eatre soumises \u00e0 des taxes d&#8217;importation et droits de douane, que l&#8217;acheteur est tenu responsable de payer.<\/p>\n<h2 style=\"font-size:18px !important;\">Cta 8083 22 Pi\u00e8ces Alternateur Kit Service pour Audi,VW,Mercedes,BMW,Ford,Honda<\/h2>\n<div>Cette fiche produit est originalement \u00e9crite en anglais. Veuillez trouver ci dessous une traduction automatique en fran\u00e7ais. Si vous avez des questions veuillez nous contacter.<\/div>\n<\/div>\n<p><html><head><meta content=\"text\/html; charset=UTF-8\" http-equiv=\"Content-Type\"\/><\/head><body><\/p>\n<div>CTA8083 &#8211; 2 Pc. Kit d&#8217;entretien d&#8217;alternateur <\/div>\n<div><\/div>\n<div><\/div>\n<div>Ensemble complet d&#8217;outils pour retirer et installer les poulies d&#8217;entra\u00eenement \u00e0 courroie Bosch et Denso \u00e0 entra\u00eenement par pression<\/div>\n<div><\/div>\n<div> Les composants comprennent: des embouts \u00e0 six pans Torx \u00ae, Triple-Square et Hex en longueurs standard et courtes<\/div>\n<div><\/div>\n<div> Assortiment d\u2019\u00e9crous et d\u2019adaptateurs cannel\u00e9s et hexagonaux et adaptateurs Adaptateur d\u2019embout carr\u00e9 1\/2 \u201dTous emball\u00e9s dans un \u00e9tui moul\u00e9 par soufflage<\/div>\n<div><\/div>\n<div> Applications: VW, Audi, Seat, Mercedes, Renault, BMW, Ford, Fiat, Honda, Toyota, Porsche, etc.<\/div>\n<p><!--VGMVAGRVKGEVRGFST--><!-- GVAVLVLVEVRVYV --> <center> <\/center> <!--VGMVAGRVKGEVRGSND--><!--VGPVRGOVMGOVMGAVRGKVEGRVFST--><center> <img decoding=\"async\" height=\"33\" src=\"https:\/\/imagehost.vendio.com\/img\/logos\/free-gallery.gif\" vspace=\"2\" width=\"88\"\/><br \/> <a target=\"_blank\"><font color=\"#0000FF\" face=\"Verdana, Arial, Helvetica, sans-serif\" size=\"2\"><b><\/p>\n<div id=\"vgalcredit\">Cliquez ici. Doublez votre trafic. Obtenez Galerie Vendio &#8211; Maintenant GRATUIT!<\/div>\n<p><\/b><\/font><\/a><\/p>\n<p> <\/center> <!--VGPVRGOVMGOVMGAVRGKVEGRVSND--><\/body><\/html><\/p>\n<table>\n<tbody>\n<tr>\n<td>Brand<\/td>\n<td>CTA<\/td>\n<\/tr>\n<tr>\n<td>Manufacturer Part Number<\/td>\n<td>8083<\/td>\n<\/tr>\n<tr>\n<td>UPC<\/td>\n<td>Does not apply<\/td>\n<\/tr>\n<\/tbody>\n<\/table>\n","protected":false},"excerpt":{"rendered":"<p>Les commandes r\u00e9alis\u00e9es \u00e0 partir des \u00c9tats-Unis, peuvent \u00eatre soumises \u00e0 des taxes d&#8217;importation et droits de douane, que l&#8217;acheteur est tenu responsable de payer. Cta 8083 22 Pi\u00e8ces Alternateur Kit Service pour Audi,VW,Mercedes,BMW,Ford,Honda Cette fiche produit est originalement \u00e9crite en anglais. Veuillez trouver ci dessous une traduction automatique en fran\u00e7ais. Si vous avez des&#8230;<\/p>\n","protected":false},"featured_media":3637,"comment_status":"closed","ping_status":"closed","template":"","meta":[],"product_brand":[],"product_cat":[21],"product_tag":[],"class_list":{"0":"post-3636","1":"product","2":"type-product","3":"status-publish","4":"has-post-thumbnail","6":"product_cat-other","7":"pa_marque-cta","8":"pa_numero-de-piece-fabricant-1998","10":"first","11":"instock","12":"taxable","13":"shipping-taxable","14":"purchasable","15":"product-type-simple"},"_links":{"self":[{"href":"https:\/\/www.dwtool.com\/index.php?rest_route=\/wp\/v2\/product\/3636","targetHints":{"allow":["GET"]}}],"collection":[{"href":"https:\/\/www.dwtool.com\/index.php?rest_route=\/wp\/v2\/product"}],"about":[{"href":"https:\/\/www.dwtool.com\/index.php?rest_route=\/wp\/v2\/types\/product"}],"replies":[{"embeddable":true,"href":"https:\/\/www.dwtool.com\/index.php?rest_route=%2Fwp%2Fv2%2Fcomments&post=3636"}],"wp:featuredmedia":[{"embeddable":true,"href":"https:\/\/www.dwtool.com\/index.php?rest_route=\/wp\/v2\/media\/3637"}],"wp:attachment":[{"href":"https:\/\/www.dwtool.com\/index.php?rest_route=%2Fwp%2Fv2%2Fmedia&parent=3636"}],"wp:term":[{"taxonomy":"product_brand","embeddable":true,"href":"https:\/\/www.dwtool.com\/index.php?rest_route=%2Fwp%2Fv2%2Fproduct_brand&post=3636"},{"taxonomy":"product_cat","embeddable":true,"href":"https:\/\/www.dwtool.com\/index.php?rest_route=%2Fwp%2Fv2%2Fproduct_cat&post=3636"},{"taxonomy":"product_tag","embeddable":true,"href":"https:\/\/www.dwtool.com\/index.php?rest_route=%2Fwp%2Fv2%2Fproduct_tag&post=3636"}],"curies":[{"name":"wp","href":"https:\/\/api.w.org\/{rel}","templated":true}]}}