{"id":3654,"date":"2019-05-24T06:49:22","date_gmt":"2019-05-24T06:49:22","guid":{"rendered":"https:\/\/www.dwtool.com\/?product=toyota-a-c-abrazadera-herramienta-de-extraccion-asttoy200"},"modified":"2025-10-07T07:11:08","modified_gmt":"2025-10-07T07:11:08","slug":"toyota-a-c-abrazadera-herramienta-de-extraccion-asttoy200","status":"publish","type":"product","link":"https:\/\/www.dwtool.com\/?product=toyota-a-c-abrazadera-herramienta-de-extraccion-asttoy200","title":{"rendered":"Toyota a \/ C Abrazadera Herramienta de Extracci\u00f3n ASTTOY200"},"content":{"rendered":"<p><meta name=\"viewport\" content=\"width=device-width, initial-scale=1.0\"><\/p>\n<div style=\"background-color: white !important; border:1px solid #ccc !important; width: 90% !important; padding: 6px !important; margin: auto !important; text-align: left !important; font-size:14px !important; line-height:24px !important;\">Al realizar un pedido desde los EE. UU. los paquetes pueden estar sujetos a impuestos de importaci\u00f3n y a los aranceles, que el comprador debe pagar.<\/p>\n<h2 style=\"font-size:18px !important;\">Toyota a \/ C Abrazadera Herramienta de Extracci\u00f3n ASTTOY200<\/h2>\n<div>Esta ficha t\u00e9cnica del producto ha sido originalmente escrita en ingl\u00e9s. A continuaci\u00f3n puede encontrar una traducci\u00f3n autom\u00e1tica al espa\u00f1ol. Si usted tiene alguna pregunta por favor p\u00f3ngase en contacto con nosotros.<\/div>\n<\/div>\n<p><html><head><meta content=\"text\/html; charset=UTF-8\" http-equiv=\"Content-Type\"\/><\/head><body><font rwr=\"1\" size=\"4\" style=\"font-family:Arial\"><!--eBayMobile-Description-HTML--><\/p>\n<h1 class=\"parseasinTitle \" style=\"font-family: Arial, Helvetica, sans-serif; font-size: 1.7em; font-weight: normal; margin-bottom: 0px; margin-top: 0px; background-color: rgb(255, 255, 255);\"><span id=\"btAsinTitle\">AST TOY 200 A \/ C Clamp Removal Tool para Toyota<\/span><\/h1>\n<div><span><br \/><\/span><\/div>\n<div>\n<p style=\"font-family: Verdana, 'Trebuchet MS', sans-serif; font-size: 12px; background-color: rgb(255, 255, 255);\"><strong>Caracter\u00edsticas y Beneficios:<\/strong><\/p>\n<ul style=\"font-family: Verdana, 'Trebuchet MS', sans-serif; font-size: 12px; background-color: rgb(255, 255, 255);\">\n<li><b>Se adapta a ambas Clamps CA de Toyota, utilizadas en l\u00edneas de alta y baja presi\u00f3n<\/b><\/li>\n<li><b>Aplicable a 1998 y nuevos modelos de Toyota<\/b><\/li>\n<li><b>Comunicado de pernos de acero inoxidable<\/b><\/li>\n<li><b>Identificaciones y las instrucciones son l\u00e1ser marcada en el mango<\/b><\/li>\n<\/ul>\n<div><font face=\"Verdana, Trebuchet MS, sans-serif\"><span style=\"font-size: 12px;\"><b><br \/><\/b><\/span><\/font><\/div>\n<\/div>\n<div><img decoding=\"async\" alt=\"Foto\" src=\"https:\/\/image.ibb.co\/bEryqd\/irtool.jpg\"\/><\/div>\n<p><\/font><\/body><\/html><\/p>\n<table>\n<tbody>\n<tr>\n<td>Brand<\/td>\n<td>ASSENMACHER<\/td>\n<\/tr>\n<tr>\n<td>Manufacturer Part Number<\/td>\n<td>TOY200<\/td>\n<\/tr>\n<tr>\n<td>UPC<\/td>\n<td>Does not apply<\/td>\n<\/tr>\n<\/tbody>\n<\/table>\n","protected":false},"excerpt":{"rendered":"<p>Al realizar un pedido desde los EE. UU. los paquetes pueden estar sujetos a impuestos de importaci\u00f3n y a los aranceles, que el comprador debe pagar. Toyota a \/ C Abrazadera Herramienta de Extracci\u00f3n ASTTOY200 Esta ficha t\u00e9cnica del producto ha sido originalmente escrita en ingl\u00e9s. A continuaci\u00f3n puede encontrar una traducci\u00f3n autom\u00e1tica al espa\u00f1ol&#8230;.<\/p>\n","protected":false},"featured_media":3655,"comment_status":"closed","ping_status":"closed","template":"","meta":[],"product_brand":[],"product_cat":[21],"product_tag":[],"class_list":{"0":"post-3654","1":"product","2":"type-product","3":"status-publish","4":"has-post-thumbnail","6":"product_cat-other","7":"pa_marca-assenmacher","8":"pa_mpn-toy200","10":"first","11":"instock","12":"taxable","13":"shipping-taxable","14":"purchasable","15":"product-type-simple"},"_links":{"self":[{"href":"https:\/\/www.dwtool.com\/index.php?rest_route=\/wp\/v2\/product\/3654","targetHints":{"allow":["GET"]}}],"collection":[{"href":"https:\/\/www.dwtool.com\/index.php?rest_route=\/wp\/v2\/product"}],"about":[{"href":"https:\/\/www.dwtool.com\/index.php?rest_route=\/wp\/v2\/types\/product"}],"replies":[{"embeddable":true,"href":"https:\/\/www.dwtool.com\/index.php?rest_route=%2Fwp%2Fv2%2Fcomments&post=3654"}],"wp:featuredmedia":[{"embeddable":true,"href":"https:\/\/www.dwtool.com\/index.php?rest_route=\/wp\/v2\/media\/3655"}],"wp:attachment":[{"href":"https:\/\/www.dwtool.com\/index.php?rest_route=%2Fwp%2Fv2%2Fmedia&parent=3654"}],"wp:term":[{"taxonomy":"product_brand","embeddable":true,"href":"https:\/\/www.dwtool.com\/index.php?rest_route=%2Fwp%2Fv2%2Fproduct_brand&post=3654"},{"taxonomy":"product_cat","embeddable":true,"href":"https:\/\/www.dwtool.com\/index.php?rest_route=%2Fwp%2Fv2%2Fproduct_cat&post=3654"},{"taxonomy":"product_tag","embeddable":true,"href":"https:\/\/www.dwtool.com\/index.php?rest_route=%2Fwp%2Fv2%2Fproduct_tag&post=3654"}],"curies":[{"name":"wp","href":"https:\/\/api.w.org\/{rel}","templated":true}]}}