{"id":3660,"date":"2019-05-24T06:49:22","date_gmt":"2019-05-24T06:49:22","guid":{"rendered":"https:\/\/www.dwtool.com\/?product=tambour-robinet-outil-aide-sg17650-neuf"},"modified":"2025-10-07T07:11:29","modified_gmt":"2025-10-07T07:11:29","slug":"tambour-robinet-outil-aide-sg17650-neuf","status":"publish","type":"product","link":"https:\/\/www.dwtool.com\/?product=tambour-robinet-outil-aide-sg17650-neuf","title":{"rendered":"Tambour Robinet Outil Aide SG17650 Neuf !"},"content":{"rendered":"<p> <meta\n name=\"viewport\"\n content=\"width=device-width,\n initial-scale=1.0\"><\/p>\n<div style=\"background-color: white !important;\n border:1px solid #ccc !important;\n width: 90% !important;\n padding: 6px !important;\n margin: auto !important;\n text-align: left !important;\n font-size:14px !important;\n line-height:24px !important;\"><\/p>\n<p> Les commandes r\u00e9alis\u00e9es \u00e0 partir des \u00c9tats-Unis, peuvent \u00eatre soumises \u00e0 des taxes d&#8217;importation et droits de douane, que l&#8217;acheteur est tenu responsable de payer.<\/p>\n<h2 style=\"font-size:18px !important;\">Tambour Robinet Outil Aide SG17650 Neuf !<\/h2>\n<div>Cette fiche produit est originalement \u00e9crite en anglais. Veuillez trouver ci dessous une traduction automatique en fran\u00e7ais. Si vous avez des questions veuillez nous contacter.<\/div>\n<\/p><\/div>\n<p> <html><head><meta content=\"text\/html; charset=UTF-8\" http-equiv=\"Content-Type\"\/><\/head><body><\/p>\n<p><font size=\"6\"><b><i>\u00a0<\/i><\/b><\/font><img decoding=\"async\" src=\"https:\/\/encrypted-tbn2.gstatic.com\/images?q=tbn:ANd9GcRPw9_w0RB-5TK-RSR2UxRJS8ELEhi28PdpYFR6dG68fiG-qTrl\"\/><\/p>\n<p><font size=\"6\"><b><i>ROBINET DE TAMBOUR<\/i><\/b><\/font><\/p>\n<p><span style=\"font-family: Verdana, Arial, Helvetica, sans-serif;\"><strong>Caract\u00e9ristiques et avantages:<br \/><\/strong><\/span><\/p>\n<ul>\n<li>Ce robinet \u00e0 tambour est utilis\u00e9 avec les produits p\u00e9troliers, les laques, les vernis, les diluants, l\u2019alcool et les antigels automatiques.<\/li>\n<li>Pousser le levier de contr\u00f4le<\/li>\n<li>Robinet de tambour est 3\/4&#8243; NPT m\u00e2le<\/li>\n<li>Zinc plaqu\u00e9 \u00e0 l&#8217;int\u00e9rieur et \u00e0 l&#8217;ext\u00e9rieur pour une r\u00e9sistance am\u00e9lior\u00e9e \u00e0 la corrosion<\/li>\n<li>Fermeture automatique<\/li>\n<\/ul>\n<p>A une valve en nylon pour une plus longue dur\u00e9e de vie et une meilleure \u00e9tanch\u00e9it\u00e9 sur les liquides plus minces. \u00a0 En outre, il ne peut \u00eatre cadenass\u00e9 qu&#8217;en position ferm\u00e9e. \u00a0 Ne pas utiliser avec l&#8217;\u00e9thyl\u00e8ne trichlor et d&#8217;autres produits chlor\u00e9s ni d\u00e9tergents et produits chimiques en solution aqueuse.<\/p>\n<div><\/div>\n<div>sg17650<\/div>\n<\/p>\n<p><center><a href=\"https:\/\/pages.ebay.com\/selling_manager_pro\" target=\"_blank\"><img decoding=\"async\" border=\"0\" height=\"50\" src=\"https:\/\/pics.ebay.com\/aw\/pics\/sellingmanager\/sellingmanagerPro\/smPro_248x50.gif\" width=\"248\"\/><\/a><\/center><\/p>\n<p><!--VGMVAGRVKGEVRGFST--><!-- GVAVLVLVEVRVYV --> <center> <\/center> <!--VGMVAGRVKGEVRGSND--><!--VGPVRGOVMGOVMGAVRGKVEGRVFST--><center> <img decoding=\"async\" height=\"33\" src=\"https:\/\/imagehost.vendio.com\/img\/logos\/free-gallery.gif\" vspace=\"2\" width=\"88\"\/><br \/> <a target=\"_blank\"><font color=\"#0000FF\" face=\"Verdana, Arial, Helvetica, sans-serif\" size=\"2\"><b><\/p>\n<div id=\"vgalcredit\">Cliquez ici. Doublez votre trafic. Obtenez Galerie Vendio &#8211; Maintenant GRATUIT!<\/div>\n<p><\/b><\/font><\/a><\/p>\n<p> <\/center> <!--VGPVRGOVMGOVMGAVRGKVEGRVSND--><\/body><\/html><\/p>\n<table>\n<tbody>\n<tr>\n<td>Warranty<\/td>\n<td>Yes<\/td>\n<\/tr>\n<tr>\n<td>Part Brand<\/td>\n<td>SG Tool Aid<\/td>\n<\/tr>\n<tr>\n<td>Manufacturer Part Number<\/td>\n<td>17650 SG17650<\/td>\n<\/tr>\n<tr>\n<td>UPC<\/td>\n<td>Does not apply<\/td>\n<\/tr>\n<\/tbody>\n<\/table>\n","protected":false},"excerpt":{"rendered":"<p>Les commandes r\u00e9alis\u00e9es \u00e0 partir des \u00c9tats-Unis, peuvent \u00eatre soumises \u00e0 des taxes d&#8217;importation et droits de douane, que l&#8217;acheteur est tenu responsable de payer. Tambour Robinet Outil Aide SG17650 Neuf ! Cette fiche produit est originalement \u00e9crite en anglais. Veuillez trouver ci dessous une traduction automatique en fran\u00e7ais. Si vous avez des questions veuillez&#8230;<\/p>\n","protected":false},"featured_media":3661,"comment_status":"closed","ping_status":"closed","template":"","meta":[],"product_brand":[],"product_cat":[21],"product_tag":[],"class_list":{"0":"post-3660","1":"product","2":"type-product","3":"status-publish","4":"has-post-thumbnail","6":"product_cat-other","7":"pa_garantie-fabricant-oui","8":"pa_marque-sans-marque-generique","9":"pa_marque-de-la-piece-sg-outil-outil","10":"pa_numero-de-piece-fabricant-17650-sg17650","12":"first","13":"instock","14":"taxable","15":"shipping-taxable","16":"purchasable","17":"product-type-simple"},"_links":{"self":[{"href":"https:\/\/www.dwtool.com\/index.php?rest_route=\/wp\/v2\/product\/3660","targetHints":{"allow":["GET"]}}],"collection":[{"href":"https:\/\/www.dwtool.com\/index.php?rest_route=\/wp\/v2\/product"}],"about":[{"href":"https:\/\/www.dwtool.com\/index.php?rest_route=\/wp\/v2\/types\/product"}],"replies":[{"embeddable":true,"href":"https:\/\/www.dwtool.com\/index.php?rest_route=%2Fwp%2Fv2%2Fcomments&post=3660"}],"wp:featuredmedia":[{"embeddable":true,"href":"https:\/\/www.dwtool.com\/index.php?rest_route=\/wp\/v2\/media\/3661"}],"wp:attachment":[{"href":"https:\/\/www.dwtool.com\/index.php?rest_route=%2Fwp%2Fv2%2Fmedia&parent=3660"}],"wp:term":[{"taxonomy":"product_brand","embeddable":true,"href":"https:\/\/www.dwtool.com\/index.php?rest_route=%2Fwp%2Fv2%2Fproduct_brand&post=3660"},{"taxonomy":"product_cat","embeddable":true,"href":"https:\/\/www.dwtool.com\/index.php?rest_route=%2Fwp%2Fv2%2Fproduct_cat&post=3660"},{"taxonomy":"product_tag","embeddable":true,"href":"https:\/\/www.dwtool.com\/index.php?rest_route=%2Fwp%2Fv2%2Fproduct_tag&post=3660"}],"curies":[{"name":"wp","href":"https:\/\/api.w.org\/{rel}","templated":true}]}}