{"id":3696,"date":"2019-05-24T06:49:26","date_gmt":"2019-05-24T06:49:26","guid":{"rendered":"https:\/\/www.dwtool.com\/?product=steelman-pro-tout-en-un-rechargeable-leger-kit-78708"},"modified":"2025-10-07T07:17:53","modified_gmt":"2025-10-07T07:17:53","slug":"steelman-pro-tout-en-un-rechargeable-leger-kit-78708","status":"publish","type":"product","link":"https:\/\/www.dwtool.com\/?product=steelman-pro-tout-en-un-rechargeable-leger-kit-78708","title":{"rendered":"Steelman Pro Tout-en-Un Rechargeable L\u00e9ger Kit 78708"},"content":{"rendered":"<p><meta name=\"viewport\" content=\"width=device-width, initial-scale=1.0\"><\/p>\n<div style=\"background-color: white !important; border:1px solid #ccc !important; width: 90% !important; padding: 6px !important; margin: auto !important; text-align: left !important; font-size:14px !important; line-height:24px !important;\">Les commandes r\u00e9alis\u00e9es \u00e0 partir des \u00c9tats-Unis, peuvent \u00eatre soumises \u00e0 des taxes d&#8217;importation et droits de douane, que l&#8217;acheteur est tenu responsable de payer.<\/p>\n<h2 style=\"font-size:18px !important;\">Steelman Pro Tout-en-Un Rechargeable L\u00e9ger Kit 78708<\/h2>\n<div>Cette fiche produit est originalement \u00e9crite en anglais. Veuillez trouver ci dessous une traduction automatique en fran\u00e7ais. Si vous avez des questions veuillez nous contacter.<\/div>\n<\/div>\n<p><html><head> <meta content=\"text\/html; charset=utf-8\" http-equiv=\"Content-Type\"\/> <meta content=\"text\/css\" http-equiv=\"Content-Style-Type\"\/> <title><\/title> <meta content=\"Cocoa HTML Writer\" name=\"Generator\"\/> <\/head> <body> <\/p>\n<p class=\"p1\"><span class=\"s1\">Kit d&#8217;\u00e9clairage rechargeable tout-en-un Steelman Pro 700 lumens # 78708<\/span><\/p>\n<p class=\"p2\"><span class=\"s1\"><\/span><\/p>\n<p class=\"p1\"><span class=\"s1\">Description:<\/span><\/p>\n<p class=\"p2\"><span class=\"s1\"><\/span><\/p>\n<p class=\"p1\"><span class=\"s1\">La lampe de base rechargeable est interchangeable avec trois t\u00eates diff\u00e9rentes.<span class=\"Apple-converted-space\">\u00a0 <\/span>La lampe de poche \u00e0 700 lumens \u00e9claire les zones les plus sombres.<span class=\"Apple-converted-space\">\u00a0<\/span><\/span><\/p>\n<p class=\"p2\"><span class=\"s1\"><\/span><\/p>\n<p class=\"p1\"><span class=\"s1\">Les accessoires minces et l\u00e9gers facilitent l&#8217;acc\u00e8s aux espaces difficiles.<span class=\"Apple-converted-space\">\u00a0<\/span><\/span><\/p>\n<p class=\"p2\"><span class=\"s1\"><\/span><\/p>\n<p class=\"p1\"><span class=\"s1\">Livr\u00e9 avec des accessoires de t\u00eate UV pour identifier les fuites dans les syst\u00e8mes AC.<span class=\"Apple-converted-space\">\u00a0<\/span><\/span><\/p>\n<p class=\"p2\"><span class=\"s1\"><\/span><\/p>\n<p> <center> <\/center> <!--VGMVAGRVKGEVRGSND--><!--VGPVRGOVMGOVMGAVRGKVEGRVFST--><center> <img decoding=\"async\" height=\"33\" src=\"https:\/\/imagehost.vendio.com\/img\/logos\/free-gallery.gif\" vspace=\"2\" width=\"88\"\/><br \/> <a target=\"_blank\"><font color=\"#0000FF\" face=\"Verdana, Arial, Helvetica, sans-serif\" size=\"2\"><b><\/p>\n<div id=\"vgalcredit\">Cliquez ici. Doublez votre trafic. Obtenez Vendio Gallery &#8211; maintenant GRATUIT!<\/div>\n<p><\/b><\/font><\/a><\/p>\n<p> <\/center> <!--VGPVRGOVMGOVMGAVRGKVEGRVSND--><\/p>\n<div style=\"display: none\">\n<div typeof=\"Product\" vocab=\"https:\/\/schema.org\/\"><span property=\"description\"> Kit d&#8217;\u00e9clairage rechargeable tout-en-un Steelman Pro 700 lumens # 78708 Description: La lampe de base rechargeable est interchangeable avec trois t\u00eates diff\u00e9rentes.\u00a0 La lampe de poche \u00e0 700 lumens \u00e9claire les zones les plus sombres.\u00a0 Les accessoires minces et l\u00e9gers facilitent l&#8217;acc\u00e8s aux espaces difficiles.\u00a0 Livr\u00e9 avec des accessoires de t\u00eate UV pour identifier les fuites dans les syst\u00e8mes AC.\u00a0 Cliquez ici. Doublez votre trafic. Obtenez Vendio Gallery &#8211; maintenant GRATUIT! <\/span><\/div>\n<\/div>\n<p><\/body><\/html><!--VGMVAGRVKGEVRGFST--><!-- GVAVLVLVEVRVYV --><\/p>\n<table>\n<tbody>\n<tr>\n<td>Warranty<\/td>\n<td>Yes<\/td>\n<\/tr>\n<tr>\n<td>Part Brand<\/td>\n<td>J S Products (steelman)<\/td>\n<\/tr>\n<tr>\n<td>Brand<\/td>\n<td>Steelman<\/td>\n<\/tr>\n<tr>\n<td>Manufacturer Part Number<\/td>\n<td>78708 SP78708<\/td>\n<\/tr>\n<tr>\n<td>UPC<\/td>\n<td>Does not apply<\/td>\n<\/tr>\n<\/tbody>\n<\/table>\n","protected":false},"excerpt":{"rendered":"<p>Les commandes r\u00e9alis\u00e9es \u00e0 partir des \u00c9tats-Unis, peuvent \u00eatre soumises \u00e0 des taxes d&#8217;importation et droits de douane, que l&#8217;acheteur est tenu responsable de payer. Steelman Pro Tout-en-Un Rechargeable L\u00e9ger Kit 78708 Cette fiche produit est originalement \u00e9crite en anglais. Veuillez trouver ci dessous une traduction automatique en fran\u00e7ais. Si vous avez des questions veuillez&#8230;<\/p>\n","protected":false},"featured_media":3697,"comment_status":"closed","ping_status":"closed","template":"","meta":[],"product_brand":[],"product_cat":[21],"product_tag":[],"class_list":{"0":"post-3696","1":"product","2":"type-product","3":"status-publish","4":"has-post-thumbnail","6":"product_cat-other","7":"pa_garantie-fabricant-oui","8":"pa_marque-steelman","9":"pa_marque-de-la-piece-j-s-produits-steelman","10":"pa_numero-de-piece-fabricant-78708-sp78708","12":"first","13":"instock","14":"taxable","15":"shipping-taxable","16":"purchasable","17":"product-type-simple"},"_links":{"self":[{"href":"https:\/\/www.dwtool.com\/index.php?rest_route=\/wp\/v2\/product\/3696","targetHints":{"allow":["GET"]}}],"collection":[{"href":"https:\/\/www.dwtool.com\/index.php?rest_route=\/wp\/v2\/product"}],"about":[{"href":"https:\/\/www.dwtool.com\/index.php?rest_route=\/wp\/v2\/types\/product"}],"replies":[{"embeddable":true,"href":"https:\/\/www.dwtool.com\/index.php?rest_route=%2Fwp%2Fv2%2Fcomments&post=3696"}],"wp:featuredmedia":[{"embeddable":true,"href":"https:\/\/www.dwtool.com\/index.php?rest_route=\/wp\/v2\/media\/3697"}],"wp:attachment":[{"href":"https:\/\/www.dwtool.com\/index.php?rest_route=%2Fwp%2Fv2%2Fmedia&parent=3696"}],"wp:term":[{"taxonomy":"product_brand","embeddable":true,"href":"https:\/\/www.dwtool.com\/index.php?rest_route=%2Fwp%2Fv2%2Fproduct_brand&post=3696"},{"taxonomy":"product_cat","embeddable":true,"href":"https:\/\/www.dwtool.com\/index.php?rest_route=%2Fwp%2Fv2%2Fproduct_cat&post=3696"},{"taxonomy":"product_tag","embeddable":true,"href":"https:\/\/www.dwtool.com\/index.php?rest_route=%2Fwp%2Fv2%2Fproduct_tag&post=3696"}],"curies":[{"name":"wp","href":"https:\/\/api.w.org\/{rel}","templated":true}]}}