{"id":3715,"date":"2019-05-24T06:49:29","date_gmt":"2019-05-24T06:49:29","guid":{"rendered":"https:\/\/www.dwtool.com\/?product=schley-99700-mitsubishi-chrysler-dohc-elevador-hidraulico-de-valvulas"},"modified":"2025-10-07T07:18:46","modified_gmt":"2025-10-07T07:18:46","slug":"schley-99700-mitsubishi-chrysler-dohc-elevador-hidraulico-de-valvulas","status":"publish","type":"product","link":"https:\/\/www.dwtool.com\/?product=schley-99700-mitsubishi-chrysler-dohc-elevador-hidraulico-de-valvulas","title":{"rendered":"Schley 99700 Mitsubishi Chrysler Dohc Elevador Hidr\u00e1ulico de V\u00e1lvulas"},"content":{"rendered":"<p><meta name=\"viewport\" content=\"width=device-width, initial-scale=1.0\"><\/p>\n<div style=\"background-color: white !important; border:1px solid #ccc !important; width: 90% !important; padding: 6px !important; margin: auto !important; text-align: left !important; font-size:14px !important; line-height:24px !important;\">Al realizar un pedido desde los EE. UU. los paquetes pueden estar sujetos a impuestos de importaci\u00f3n y a los aranceles, que el comprador debe pagar.<\/p>\n<h2 style=\"font-size:18px !important;\">Schley 99700 Mitsubishi Chrysler Dohc Elevador Hidr\u00e1ulico de V\u00e1lvulas<\/h2>\n<div>Esta ficha t\u00e9cnica del producto ha sido originalmente escrita en ingl\u00e9s. A continuaci\u00f3n puede encontrar una traducci\u00f3n autom\u00e1tica al espa\u00f1ol. Si usted tiene alguna pregunta por favor p\u00f3ngase en contacto con nosotros.<\/div>\n<\/div>\n<p><html><head><meta content=\"text\/html; charset=UTF-8\" http-equiv=\"Content-Type\"\/><\/head><body><font rwr=\"1\" size=\"4\" style=\"font-family:Arial\"><\/p>\n<p><font color=\"#202020\" face=\"Arial\" size=\"4\"><strong>Schley 99700 \u00a0 Mitsubishi Chrysler \u00a0 Herramienta de extracci\u00f3n del elevador de v\u00e1lvula hidr\u00e1ulica Dohc<\/strong><\/font><\/p>\n<p><strong><font color=\"#202020\" face=\"Arial\" size=\"4\"><\/font><\/strong>\u00a0<\/p>\n<p><strong><font color=\"#202020\" face=\"Arial\" size=\"4\"><\/p>\n<p><strong>Caracter\u00edsticas y Beneficios:<\/strong><\/p>\n<ul>\n<li><font color=\"#535353\" size=\"3\">Para veh\u00edculos Mitsubishi y Chrysler<\/font><\/li>\n<li><font color=\"#535353\" size=\"3\">Se necesita una herramienta especial para apretar el resorte de la v\u00e1lvula para la extracci\u00f3n de los alzav\u00e1lvulas hidr\u00e1ulicos<\/font><\/li>\n<li><font color=\"#535353\" size=\"3\">La herramienta se desliza entre la torre del cam y el l\u00f3bulo de la leva sobre el retenedor de resorte de v\u00e1lvula<\/font><\/li>\n<li><font color=\"#535353\" size=\"3\">Tirando hacia arriba en la herramienta de la v\u00e1lvula de resorte se oprime y se puede quitar el taqu\u00e9 hidr\u00e1ulico<\/font><\/li>\n<li><font color=\"#535353\" size=\"3\">Esta herramienta tambi\u00e9n se utiliza para substituir el taqu\u00e9 hidr\u00e1ulico<\/font><\/li>\n<\/ul>\n<p><font color=\"#535353\" size=\"3\">La herramienta se usa con turbo y no turbo en los siguientes motores: 1.6 litros y 2.0 3.0 cilindro de 6 litros, 1991 y posteriores, 3.5 Cilindro de 6 litros, 1995 y 1996.<\/font><\/p>\n<p><\/font><\/p>\n<p>\u00a0<\/p>\n<p><\/strong><\/p>\n<p>\u00a0<\/p>\n<p><\/font><\/body><\/html><\/p>\n<table>\n<tbody>\n<tr>\n<td>Set or Single Item<\/td>\n<td>Single Item<\/td>\n<\/tr>\n<tr>\n<td>Brand<\/td>\n<td>Schley Products<\/td>\n<\/tr>\n<tr>\n<td>Manufacturer Part Number<\/td>\n<td>99700<\/td>\n<\/tr>\n<tr>\n<td>UPC<\/td>\n<td>Does not apply<\/td>\n<\/tr>\n<\/tbody>\n<\/table>\n","protected":false},"excerpt":{"rendered":"<p>Al realizar un pedido desde los EE. UU. los paquetes pueden estar sujetos a impuestos de importaci\u00f3n y a los aranceles, que el comprador debe pagar. Schley 99700 Mitsubishi Chrysler Dohc Elevador Hidr\u00e1ulico de V\u00e1lvulas Esta ficha t\u00e9cnica del producto ha sido originalmente escrita en ingl\u00e9s. A continuaci\u00f3n puede encontrar una traducci\u00f3n autom\u00e1tica al espa\u00f1ol&#8230;.<\/p>\n","protected":false},"featured_media":3716,"comment_status":"closed","ping_status":"closed","template":"","meta":[],"product_brand":[],"product_cat":[21],"product_tag":[],"class_list":{"0":"post-3715","1":"product","2":"type-product","3":"status-publish","4":"has-post-thumbnail","6":"product_cat-other","7":"pa_marca-schley-products","8":"pa_mpn-1936","9":"pa_set-o-articulo-individual-articulo-individual","11":"first","12":"instock","13":"taxable","14":"shipping-taxable","15":"purchasable","16":"product-type-simple"},"_links":{"self":[{"href":"https:\/\/www.dwtool.com\/index.php?rest_route=\/wp\/v2\/product\/3715","targetHints":{"allow":["GET"]}}],"collection":[{"href":"https:\/\/www.dwtool.com\/index.php?rest_route=\/wp\/v2\/product"}],"about":[{"href":"https:\/\/www.dwtool.com\/index.php?rest_route=\/wp\/v2\/types\/product"}],"replies":[{"embeddable":true,"href":"https:\/\/www.dwtool.com\/index.php?rest_route=%2Fwp%2Fv2%2Fcomments&post=3715"}],"wp:featuredmedia":[{"embeddable":true,"href":"https:\/\/www.dwtool.com\/index.php?rest_route=\/wp\/v2\/media\/3716"}],"wp:attachment":[{"href":"https:\/\/www.dwtool.com\/index.php?rest_route=%2Fwp%2Fv2%2Fmedia&parent=3715"}],"wp:term":[{"taxonomy":"product_brand","embeddable":true,"href":"https:\/\/www.dwtool.com\/index.php?rest_route=%2Fwp%2Fv2%2Fproduct_brand&post=3715"},{"taxonomy":"product_cat","embeddable":true,"href":"https:\/\/www.dwtool.com\/index.php?rest_route=%2Fwp%2Fv2%2Fproduct_cat&post=3715"},{"taxonomy":"product_tag","embeddable":true,"href":"https:\/\/www.dwtool.com\/index.php?rest_route=%2Fwp%2Fv2%2Fproduct_tag&post=3715"}],"curies":[{"name":"wp","href":"https:\/\/api.w.org\/{rel}","templated":true}]}}