{"id":3717,"date":"2019-05-24T06:49:56","date_gmt":"2019-05-24T06:49:56","guid":{"rendered":"https:\/\/www.dwtool.com\/?product=ammco-negatif-rateau-carbure-frein-tour-bit-original-6914-10"},"modified":"2025-10-07T07:18:57","modified_gmt":"2025-10-07T07:18:57","slug":"ammco-negatif-rateau-carbure-frein-tour-bit-original-6914-10","status":"publish","type":"product","link":"https:\/\/www.dwtool.com\/?product=ammco-negatif-rateau-carbure-frein-tour-bit-original-6914-10","title":{"rendered":"AMMCO N\u00e9gatif R\u00e2teau Carbure Frein Tour Bit Original 6914-10"},"content":{"rendered":"<p><meta name=\"viewport\" content=\"width=device-width, initial-scale=1.0\"><\/p>\n<div style=\"background-color: white !important; border:1px solid #ccc !important; width: 90% !important; padding: 6px !important; margin: auto !important; text-align: left !important; font-size:14px !important; line-height:24px !important;\">Les commandes r\u00e9alis\u00e9es \u00e0 partir des \u00c9tats-Unis, peuvent \u00eatre soumises \u00e0 des taxes d&#8217;importation et droits de douane, que l&#8217;acheteur est tenu responsable de payer.<\/p>\n<h2 style=\"font-size:18px !important;\">AMMCO N\u00e9gatif R\u00e2teau Carbure Frein Tour Bit Original 6914-10<\/h2>\n<div>Cette fiche produit est originalement \u00e9crite en anglais. Veuillez trouver ci dessous une traduction automatique en fran\u00e7ais. Si vous avez des questions veuillez nous contacter.<\/div>\n<\/div>\n<p><html><head><\/head><body><font rwr=\"1\" size=\"4\" style=\"font-family:Arial\"><b>AMMCO 6914-10 ORIGINAL\u00a0<\/b><\/font><\/p>\n<div><font rwr=\"1\" size=\"4\" style=\"font-family:Arial\"><br \/><\/font><\/div>\n<div><font rwr=\"1\" size=\"4\" style=\"font-family:Arial\">Description:<\/font><\/div>\n<div><font rwr=\"1\" size=\"4\" style=\"font-family:Arial\"><br \/><\/font><\/div>\n<div><font rwr=\"1\" size=\"4\" style=\"font-family:Arial\">M\u00e8ches de tour de frein en carbure \u00e0 r\u00e2teau n\u00e9gatif. <br \/>Le pack de 10 correspond aux \u00e9l\u00e9ments suivants:<\/p>\n<p>Ammco 1000,2002,3000,4100,7000,7500, 7700<\/p>\n<p>Hunter BL 500 et BL 505<\/p>\n<p><\/font><center><font rwr=\"1\" size=\"4\" style=\"font-family:Arial\"><\/font><\/center><\/div>\n<div style=\"display: none\">\n<div typeof=\"Product\" vocab=\"https:\/\/schema.org\/\"><span property=\"description\">AMMCO 6914-10 ORIGINAL\u00a0 Description: M\u00e8ches de tour de frein en carbure \u00e0 r\u00e2teau n\u00e9gatif. Le pack de 10 correspond aux \u00e9l\u00e9ments suivants: Ammco 1000,2002,3000,4100,7000,7500, 7700 Hunter BL 500 et BL 505<\/span><\/div>\n<\/div>\n<p><\/body><\/html><\/p>\n<table>\n<tbody>\n<tr>\n<td>Brand<\/td>\n<td>AMMCO<\/td>\n<\/tr>\n<tr>\n<td>Manufacturer Part Number<\/td>\n<td>6914-10<\/td>\n<\/tr>\n<tr>\n<td>UPC<\/td>\n<td>Does not apply<\/td>\n<\/tr>\n<\/tbody>\n<\/table>\n","protected":false},"excerpt":{"rendered":"<p>Les commandes r\u00e9alis\u00e9es \u00e0 partir des \u00c9tats-Unis, peuvent \u00eatre soumises \u00e0 des taxes d&#8217;importation et droits de douane, que l&#8217;acheteur est tenu responsable de payer. AMMCO N\u00e9gatif R\u00e2teau Carbure Frein Tour Bit Original 6914-10 Cette fiche produit est originalement \u00e9crite en anglais. Veuillez trouver ci dessous une traduction automatique en fran\u00e7ais. Si vous avez des&#8230;<\/p>\n","protected":false},"featured_media":3718,"comment_status":"closed","ping_status":"closed","template":"","meta":[],"product_brand":[],"product_cat":[21],"product_tag":[],"class_list":{"0":"post-3717","1":"product","2":"type-product","3":"status-publish","4":"has-post-thumbnail","6":"product_cat-other","7":"pa_marque-ammco","8":"pa_numero-de-piece-fabricant-6914-10","10":"first","11":"instock","12":"taxable","13":"shipping-taxable","14":"purchasable","15":"product-type-simple"},"_links":{"self":[{"href":"https:\/\/www.dwtool.com\/index.php?rest_route=\/wp\/v2\/product\/3717","targetHints":{"allow":["GET"]}}],"collection":[{"href":"https:\/\/www.dwtool.com\/index.php?rest_route=\/wp\/v2\/product"}],"about":[{"href":"https:\/\/www.dwtool.com\/index.php?rest_route=\/wp\/v2\/types\/product"}],"replies":[{"embeddable":true,"href":"https:\/\/www.dwtool.com\/index.php?rest_route=%2Fwp%2Fv2%2Fcomments&post=3717"}],"wp:featuredmedia":[{"embeddable":true,"href":"https:\/\/www.dwtool.com\/index.php?rest_route=\/wp\/v2\/media\/3718"}],"wp:attachment":[{"href":"https:\/\/www.dwtool.com\/index.php?rest_route=%2Fwp%2Fv2%2Fmedia&parent=3717"}],"wp:term":[{"taxonomy":"product_brand","embeddable":true,"href":"https:\/\/www.dwtool.com\/index.php?rest_route=%2Fwp%2Fv2%2Fproduct_brand&post=3717"},{"taxonomy":"product_cat","embeddable":true,"href":"https:\/\/www.dwtool.com\/index.php?rest_route=%2Fwp%2Fv2%2Fproduct_cat&post=3717"},{"taxonomy":"product_tag","embeddable":true,"href":"https:\/\/www.dwtool.com\/index.php?rest_route=%2Fwp%2Fv2%2Fproduct_tag&post=3717"}],"curies":[{"name":"wp","href":"https:\/\/api.w.org\/{rel}","templated":true}]}}