{"id":3738,"date":"2019-05-24T06:50:02","date_gmt":"2019-05-24T06:50:02","guid":{"rendered":"https:\/\/www.dwtool.com\/?product=assenmacher-vw-10352-assemblage-douille-pour-central-valves-cames-volkswagen"},"modified":"2025-10-07T07:20:07","modified_gmt":"2025-10-07T07:20:07","slug":"assenmacher-vw-10352-assemblage-douille-pour-central-valves-cames-volkswagen","status":"publish","type":"product","link":"https:\/\/www.dwtool.com\/?product=assenmacher-vw-10352-assemblage-douille-pour-central-valves-cames-volkswagen","title":{"rendered":"Assenmacher VW 10352 Assemblage Douille pour Central Valves Cames Volkswagen"},"content":{"rendered":"<p><meta name=\"viewport\" content=\"width=device-width, initial-scale=1.0\"><\/p>\n<div style=\"background-color: white !important; border:1px solid #ccc !important; width: 90% !important; padding: 6px !important; margin: auto !important; text-align: left !important; font-size:14px !important; line-height:24px !important;\">Les commandes r\u00e9alis\u00e9es \u00e0 partir des \u00c9tats-Unis, peuvent \u00eatre soumises \u00e0 des taxes d&#8217;importation et droits de douane, que l&#8217;acheteur est tenu responsable de payer.<\/p>\n<h2 style=\"font-size:18px !important;\">Assenmacher VW 10352 Assemblage Douille pour Central Valves Cames Volkswagen<\/h2>\n<div>Cette fiche produit est originalement \u00e9crite en anglais. Veuillez trouver ci dessous une traduction automatique en fran\u00e7ais. Si vous avez des questions veuillez nous contacter.<\/div>\n<\/div>\n<p><html><head><meta content=\"text\/html; charset=UTF-8\" http-equiv=\"Content-Type\"\/><\/head><body><font rwr=\"1\" size=\"4\" style=\"font-family:Arial\"><font face=\"Arial\" size=\"2\"><font face=\"Times New Roman\" size=\"3\">Outil d&#8217;assemblage pour Volkswagen<\/font><\/p>\n<li class=\"BULLETS\"> Utilis\u00e9 pour le retrait et l&#8217;installation de la vanne centrale \u00e0 4\/3 voies pour le r\u00e9glage de l&#8217;arbre \u00e0 cames <\/li>\n<li class=\"BULLETS\"> Applicable aux moteurs VW\u00ae \/ Audi\u00ae 2.0 L Turbo.<\/li>\n<li class=\"BULLETS\"><\/li>\n<li class=\"BULLETS\"><\/li>\n<li class=\"BULLETS\"><span class=\"TOOL_NAME_DETAIL\"><a href=\"\"><img fetchpriority=\"high\" decoding=\"async\" border=\"0\" height=\"210\" src=\"https:\/\/asttool.com\/product_images\/VW_10352_img4.jpg\" width=\"300\"\/><\/a><\/span><\/li>\n<li class=\"BULLETS\">Pi\u00e8ce n \u00b0 VW 10352<span class=\"TOOL_NAME_DETAIL\"><\/span><\/li>\n<p><\/font><\/font><\/body><\/html><\/p>\n<table>\n<tbody>\n<tr>\n<td>Brand<\/td>\n<td>ASSENMACHER<\/td>\n<\/tr>\n<tr>\n<td>Manufacturer Part Number<\/td>\n<td>VW 10352<\/td>\n<\/tr>\n<tr>\n<td>Country\/Region of Manufacture<\/td>\n<td>United States<\/td>\n<\/tr>\n<tr>\n<td>UPC<\/td>\n<td>Does not apply<\/td>\n<\/tr>\n<\/tbody>\n<\/table>\n","protected":false},"excerpt":{"rendered":"<p>Les commandes r\u00e9alis\u00e9es \u00e0 partir des \u00c9tats-Unis, peuvent \u00eatre soumises \u00e0 des taxes d&#8217;importation et droits de douane, que l&#8217;acheteur est tenu responsable de payer. Assenmacher VW 10352 Assemblage Douille pour Central Valves Cames Volkswagen Cette fiche produit est originalement \u00e9crite en anglais. Veuillez trouver ci dessous une traduction automatique en fran\u00e7ais. Si vous avez&#8230;<\/p>\n","protected":false},"featured_media":3739,"comment_status":"closed","ping_status":"closed","template":"","meta":[],"product_brand":[],"product_cat":[17,21],"product_tag":[],"class_list":{"0":"post-3738","1":"product","2":"type-product","3":"status-publish","4":"has-post-thumbnail","6":"product_cat-automotive-tools","7":"product_cat-other","8":"pa_marque-assenmacher","9":"pa_numero-de-piece-fabricant-vw-10352","10":"pa_pays-de-fabrication-etats-unis","12":"first","13":"instock","14":"taxable","15":"shipping-taxable","16":"purchasable","17":"product-type-simple"},"_links":{"self":[{"href":"https:\/\/www.dwtool.com\/index.php?rest_route=\/wp\/v2\/product\/3738","targetHints":{"allow":["GET"]}}],"collection":[{"href":"https:\/\/www.dwtool.com\/index.php?rest_route=\/wp\/v2\/product"}],"about":[{"href":"https:\/\/www.dwtool.com\/index.php?rest_route=\/wp\/v2\/types\/product"}],"replies":[{"embeddable":true,"href":"https:\/\/www.dwtool.com\/index.php?rest_route=%2Fwp%2Fv2%2Fcomments&post=3738"}],"wp:featuredmedia":[{"embeddable":true,"href":"https:\/\/www.dwtool.com\/index.php?rest_route=\/wp\/v2\/media\/3739"}],"wp:attachment":[{"href":"https:\/\/www.dwtool.com\/index.php?rest_route=%2Fwp%2Fv2%2Fmedia&parent=3738"}],"wp:term":[{"taxonomy":"product_brand","embeddable":true,"href":"https:\/\/www.dwtool.com\/index.php?rest_route=%2Fwp%2Fv2%2Fproduct_brand&post=3738"},{"taxonomy":"product_cat","embeddable":true,"href":"https:\/\/www.dwtool.com\/index.php?rest_route=%2Fwp%2Fv2%2Fproduct_cat&post=3738"},{"taxonomy":"product_tag","embeddable":true,"href":"https:\/\/www.dwtool.com\/index.php?rest_route=%2Fwp%2Fv2%2Fproduct_tag&post=3738"}],"curies":[{"name":"wp","href":"https:\/\/api.w.org\/{rel}","templated":true}]}}