{"id":3750,"date":"2019-05-24T06:50:06","date_gmt":"2019-05-24T06:50:06","guid":{"rendered":"https:\/\/www.dwtool.com\/?product=bmw-felge-steckdosen-1-2-dr-t10-t17-t21-jtca1455"},"modified":"2025-10-07T07:20:27","modified_gmt":"2025-10-07T07:20:27","slug":"bmw-felge-steckdosen-1-2-dr-t10-t17-t21-jtca1455","status":"publish","type":"product","link":"https:\/\/www.dwtool.com\/?product=bmw-felge-steckdosen-1-2-dr-t10-t17-t21-jtca1455","title":{"rendered":"BMW Felge Steckdosen 1\/2 &quot; Dr T10, T17, T21 JTCA1455"},"content":{"rendered":"<p> <meta\n name=\"viewport\"\n content=\"width=device-width,\n initial-scale=1.0\"><\/p>\n<div style=\"background-color: white !important;\n border:1px solid #ccc !important;\n width: 90% !important;\n padding: 6px !important;\n margin: auto !important;\n text-align: left !important;\n font-size:14px !important;\n line-height:24px !important;\"><\/p>\n<p> Wenn Sie von dem US Marktplatz bestellen, k\u00f6nnen f\u00fcr die Pakete Steuern und Zollgeb\u00fchren anfallen, die der K\u00e4ufer sp\u00e4ter tragen muss.<\/p>\n<h2 style=\"font-size:18px !important;\">BMW Felge Steckdosen 1\/2 &#8221; Dr T10, T17, T21 JTCA1455<\/h2>\n<div>Das Datenblatt dieses Produkts wurde urspr\u00fcnglich auf Englisch verfasst. Unten finden Sie eine automatische \u00dcbersetzung ins Deutsche. Sollten Sie irgendwelche Fragen haben, kontaktieren Sie uns.<\/div>\n<\/p><\/div>\n<p> <html><head><meta content=\"text\/html; charset=UTF-8\" http-equiv=\"Content-Type\"\/><\/head><body><font rwr=\"1\" size=\"4\" style=\"font-family:Arial\">BMW Felgenschlosssockel <\/p>\n<p>1\/2 &#8220;-Antrieb <\/p>\n<p>T10<br \/>T17<br \/>T21<\/p>\n<p>CR-V-Buchsen. <\/p>\n<p>Jtca1455<br \/>Spline-Buchsen. <\/p>\n<p>Geschrieben mit <a href=\"https:\/\/mobile.ebay.com\" target=\"_blank\">eBay Mobile<\/a><\/p>\n<\/p>\n<hr\/>\n<p><span class=\"ebay\">Am 13.08.13 hat der Verk\u00e4ufer die folgenden Angaben hinzugef\u00fcgt:<\/span><\/p>\n<p <!--startfroogallery--=\"\"> <!-- Copyright \u00a92009-2010 Frooition Ltd. All rights reserved. The following HTML, JavaScript and CSS Styling may not be used or reproduced in whole or in part, without the prior permission of Frooition. All eBay graphics not owned by eBay or eBay associations are the property of the eBay account owner and may not be used without their written authorisation. Any person or group of persons found to be in breach of this notice may face legal action. --> <\/p>\n<div style=\"clear:both;\"><\/div>\n<link href=\"https:\/\/xmy.froo.com\/usr3\/f69ee0d2804704d6be6570b181b30f7d\/css\/froocross.css\" rel=\"stylesheet\" type=\"text\/css\"\/>\n<div>\n<div id=\"seo\" style=\"display:none;\">Froo www.froo.com | Froo Kreuz Sell, Free Cross Sell, \u00dcberqueren f\u00f6rdern, eBay Marketing, eBay-Angebot Apps, eBay Apps, eBay Anwendung<\/div>\n<div id=\"froo-gallery-wrap\" name=\"froo-gallery-wrap\"><\/div>\n<\/div>\n<p> <!--ENDFROOGALLERY--><\/p>\n<hr\/>\n<p><span class=\"ebay\">Am 10.10.13 hat der Verk\u00e4ufer die folgenden Angaben hinzugef\u00fcgt:<\/span><\/p>\n<p <!--vgmvagrvkgevrgfst--=\"\"><!-- GVAVLVLVEVRVYV --> <\/p>\n<p><center> <\/center> <!--VGMVAGRVKGEVRGSND--><!--VGPVRGOVMGOVMGAVRGKVEGRVFST--><center> <img decoding=\"async\" height=\"33\" src=\"https:\/\/imagehost.vendio.com\/img\/logos\/free-gallery.gif\" vspace=\"2\" width=\"88\"\/><br \/> <a target=\"_blank\"><font color=\"#0000FF\" face=\"Verdana, Arial, Helvetica, sans-serif\" size=\"2\"><b><\/p>\n<div id=\"vgalcredit\">Klicken Sie hier. Verdoppeln Sie Ihren Verkehr. Holen Vendio Gallery &#8211; Jetzt KOSTENLOS!<\/div>\n<p><\/b><\/font><\/a><\/p>\n<p> <\/center> <!--VGPVRGOVMGOVMGAVRGKVEGRVSND--><\/p>\n<hr\/>\n<p><span class=\"ebay\">Am 10.10.13 hat der Verk\u00e4ufer die folgenden Angaben hinzugef\u00fcgt:<\/span><\/p>\n<p ********=\"\" --=\"\" <!--=\"\" [begin]=\"\" change=\"\" do=\"\" mystoremaps=\"\" not=\"\">\n<div align=\"center\">\n<p><a style=\"font-size: 12px; font-weight: bold\" target=\"_blank\">GRATIS! Verk\u00e4ufer: F\u00fcgen Sie einen kostenlosen Karte, um Ihre Angebote. GRATIS!<\/a><\/p>\n<\/div>\n<p><!-- [END] MyStoreMaps ******** DO NOT CHANGE --><\/font><\/body><\/html><\/p>\n<table>\n<tbody>\n<tr>\n<td>Brand<\/td>\n<td>JTC<\/td>\n<\/tr>\n<tr>\n<td>Manufacturer Part Number<\/td>\n<td>A1455<\/td>\n<\/tr>\n<tr>\n<td>UPC<\/td>\n<td>Does not apply<\/td>\n<\/tr>\n<\/tbody>\n<\/table>\n","protected":false},"excerpt":{"rendered":"<p>Wenn Sie von dem US Marktplatz bestellen, k\u00f6nnen f\u00fcr die Pakete Steuern und Zollgeb\u00fchren anfallen, die der K\u00e4ufer sp\u00e4ter tragen muss. BMW Felge Steckdosen 1\/2 &#8221; Dr T10, T17, T21 JTCA1455 Das Datenblatt dieses Produkts wurde urspr\u00fcnglich auf Englisch verfasst. Unten finden Sie eine automatische \u00dcbersetzung ins Deutsche. Sollten Sie irgendwelche Fragen haben, kontaktieren Sie&#8230;<\/p>\n","protected":false},"featured_media":3751,"comment_status":"closed","ping_status":"closed","template":"","meta":[],"product_brand":[],"product_cat":[21],"product_tag":[],"class_list":{"0":"post-3750","1":"product","2":"type-product","3":"status-publish","4":"has-post-thumbnail","6":"product_cat-other","7":"pa_hersteller-jtc","8":"pa_herstellernummer-a1455","9":"pa_marke-jtc","11":"first","12":"instock","13":"taxable","14":"shipping-taxable","15":"purchasable","16":"product-type-simple"},"_links":{"self":[{"href":"https:\/\/www.dwtool.com\/index.php?rest_route=\/wp\/v2\/product\/3750","targetHints":{"allow":["GET"]}}],"collection":[{"href":"https:\/\/www.dwtool.com\/index.php?rest_route=\/wp\/v2\/product"}],"about":[{"href":"https:\/\/www.dwtool.com\/index.php?rest_route=\/wp\/v2\/types\/product"}],"replies":[{"embeddable":true,"href":"https:\/\/www.dwtool.com\/index.php?rest_route=%2Fwp%2Fv2%2Fcomments&post=3750"}],"wp:featuredmedia":[{"embeddable":true,"href":"https:\/\/www.dwtool.com\/index.php?rest_route=\/wp\/v2\/media\/3751"}],"wp:attachment":[{"href":"https:\/\/www.dwtool.com\/index.php?rest_route=%2Fwp%2Fv2%2Fmedia&parent=3750"}],"wp:term":[{"taxonomy":"product_brand","embeddable":true,"href":"https:\/\/www.dwtool.com\/index.php?rest_route=%2Fwp%2Fv2%2Fproduct_brand&post=3750"},{"taxonomy":"product_cat","embeddable":true,"href":"https:\/\/www.dwtool.com\/index.php?rest_route=%2Fwp%2Fv2%2Fproduct_cat&post=3750"},{"taxonomy":"product_tag","embeddable":true,"href":"https:\/\/www.dwtool.com\/index.php?rest_route=%2Fwp%2Fv2%2Fproduct_tag&post=3750"}],"curies":[{"name":"wp","href":"https:\/\/api.w.org\/{rel}","templated":true}]}}