{"id":3763,"date":"2019-05-24T06:50:28","date_gmt":"2019-05-24T06:50:28","guid":{"rendered":"https:\/\/www.dwtool.com\/?product=ammco-negativo-rastrillo-carburo-freno-torno-poco-originales-6914-10"},"modified":"2025-10-07T07:21:12","modified_gmt":"2025-10-07T07:21:12","slug":"ammco-negativo-rastrillo-carburo-freno-torno-poco-originales-6914-10","status":"publish","type":"product","link":"https:\/\/www.dwtool.com\/?product=ammco-negativo-rastrillo-carburo-freno-torno-poco-originales-6914-10","title":{"rendered":"AMMCO Negativo Rastrillo Carburo Freno Torno Poco Originales 6914-10"},"content":{"rendered":"<p><meta name=\"viewport\" content=\"width=device-width, initial-scale=1.0\"><\/p>\n<div style=\"background-color: white !important; border:1px solid #ccc !important; width: 90% !important; padding: 6px !important; margin: auto !important; text-align: left !important; font-size:14px !important; line-height:24px !important;\">Al realizar un pedido desde los EE. UU. los paquetes pueden estar sujetos a impuestos de importaci\u00f3n y a los aranceles, que el comprador debe pagar.<\/p>\n<h2 style=\"font-size:18px !important;\">AMMCO Negativo Rastrillo Carburo Freno Torno Poco Originales 6914-10<\/h2>\n<div>Esta ficha t\u00e9cnica del producto ha sido originalmente escrita en ingl\u00e9s. A continuaci\u00f3n puede encontrar una traducci\u00f3n autom\u00e1tica al espa\u00f1ol. Si usted tiene alguna pregunta por favor p\u00f3ngase en contacto con nosotros.<\/div>\n<\/div>\n<p><html><head><\/head><body><font rwr=\"1\" size=\"4\" style=\"font-family:Arial\"><b>AMMCO 6914-10 ORIGINAL\u00a0<\/b><\/font><\/p>\n<div><font rwr=\"1\" size=\"4\" style=\"font-family:Arial\"><br \/><\/font><\/div>\n<div><font rwr=\"1\" size=\"4\" style=\"font-family:Arial\">Descripci\u00f3n:<\/font><\/div>\n<div><font rwr=\"1\" size=\"4\" style=\"font-family:Arial\"><br \/><\/font><\/div>\n<div><font rwr=\"1\" size=\"4\" style=\"font-family:Arial\">Puntas de torno de freno de carburo de rastrillo negativo. <br \/>El paquete de 10 se ajusta a lo siguiente:<\/p>\n<p>Ammco 1000,2002,3000,4100,7000,7500, 7700<\/p>\n<p>Hunter BL 500 y BL 505<\/p>\n<p><\/font><center><font rwr=\"1\" size=\"4\" style=\"font-family:Arial\"><\/font><\/center><\/div>\n<div style=\"display: none\">\n<div typeof=\"Product\" vocab=\"https:\/\/schema.org\/\"><span property=\"description\">AMMCO 6914-10 ORIGINAL\u00a0 Descripci\u00f3n: Puntas de torno de freno de carburo de rastrillo negativo. El paquete de 10 se ajusta a lo siguiente: Ammco 1000,2002,3000,4100,7000,7500, 7700 Hunter BL 500 y BL 505<\/span><\/div>\n<\/div>\n<p><\/body><\/html><\/p>\n<table>\n<tbody>\n<tr>\n<td>Brand<\/td>\n<td>AMMCO<\/td>\n<\/tr>\n<tr>\n<td>Manufacturer Part Number<\/td>\n<td>6914-10<\/td>\n<\/tr>\n<tr>\n<td>UPC<\/td>\n<td>Does not apply<\/td>\n<\/tr>\n<\/tbody>\n<\/table>\n","protected":false},"excerpt":{"rendered":"<p>Al realizar un pedido desde los EE. UU. los paquetes pueden estar sujetos a impuestos de importaci\u00f3n y a los aranceles, que el comprador debe pagar. AMMCO Negativo Rastrillo Carburo Freno Torno Poco Originales 6914-10 Esta ficha t\u00e9cnica del producto ha sido originalmente escrita en ingl\u00e9s. A continuaci\u00f3n puede encontrar una traducci\u00f3n autom\u00e1tica al espa\u00f1ol&#8230;.<\/p>\n","protected":false},"featured_media":3764,"comment_status":"closed","ping_status":"closed","template":"","meta":[],"product_brand":[],"product_cat":[21],"product_tag":[],"class_list":{"0":"post-3763","1":"product","2":"type-product","3":"status-publish","4":"has-post-thumbnail","6":"product_cat-other","7":"pa_marca-ammco","8":"pa_mpn-6914-10","10":"first","11":"instock","12":"taxable","13":"shipping-taxable","14":"purchasable","15":"product-type-simple"},"_links":{"self":[{"href":"https:\/\/www.dwtool.com\/index.php?rest_route=\/wp\/v2\/product\/3763","targetHints":{"allow":["GET"]}}],"collection":[{"href":"https:\/\/www.dwtool.com\/index.php?rest_route=\/wp\/v2\/product"}],"about":[{"href":"https:\/\/www.dwtool.com\/index.php?rest_route=\/wp\/v2\/types\/product"}],"replies":[{"embeddable":true,"href":"https:\/\/www.dwtool.com\/index.php?rest_route=%2Fwp%2Fv2%2Fcomments&post=3763"}],"wp:featuredmedia":[{"embeddable":true,"href":"https:\/\/www.dwtool.com\/index.php?rest_route=\/wp\/v2\/media\/3764"}],"wp:attachment":[{"href":"https:\/\/www.dwtool.com\/index.php?rest_route=%2Fwp%2Fv2%2Fmedia&parent=3763"}],"wp:term":[{"taxonomy":"product_brand","embeddable":true,"href":"https:\/\/www.dwtool.com\/index.php?rest_route=%2Fwp%2Fv2%2Fproduct_brand&post=3763"},{"taxonomy":"product_cat","embeddable":true,"href":"https:\/\/www.dwtool.com\/index.php?rest_route=%2Fwp%2Fv2%2Fproduct_cat&post=3763"},{"taxonomy":"product_tag","embeddable":true,"href":"https:\/\/www.dwtool.com\/index.php?rest_route=%2Fwp%2Fv2%2Fproduct_tag&post=3763"}],"curies":[{"name":"wp","href":"https:\/\/api.w.org\/{rel}","templated":true}]}}