{"id":4094,"date":"2019-07-27T17:52:00","date_gmt":"2019-07-27T17:52:00","guid":{"rendered":"https:\/\/www.dwtool.com\/?product=proto-7pc-rollo-conjunto-de-punzones-hecho-en-eeuu"},"modified":"2025-10-17T19:11:45","modified_gmt":"2025-10-17T19:11:45","slug":"proto-7pc-rollo-conjunto-de-punzones-hecho-en-eeuu","status":"publish","type":"product","link":"https:\/\/www.dwtool.com\/?product=proto-7pc-rollo-conjunto-de-punzones-hecho-en-eeuu","title":{"rendered":"Proto 7PC Rollo Conjunto de Punzones Hecho En Eeuu"},"content":{"rendered":"<p><meta name=\"viewport\" content=\"width=device-width, initial-scale=1.0\"><\/p>\n<div style=\"background-color: white !important; border:1px solid #ccc !important; width: 90% !important; padding: 6px !important; margin: auto !important; text-align: left !important; font-size:14px !important; line-height:24px !important;\">Al realizar un pedido desde los EE. UU. los paquetes pueden estar sujetos a impuestos de importaci\u00f3n y a los aranceles, que el comprador debe pagar.<\/p>\n<h2 style=\"font-size:18px !important;\">Proto 7PC Rollo Conjunto de Punzones Hecho En Eeuu<\/h2>\n<div>Esta ficha t\u00e9cnica del producto ha sido originalmente escrita en ingl\u00e9s. A continuaci\u00f3n puede encontrar una traducci\u00f3n autom\u00e1tica al espa\u00f1ol. Si usted tiene alguna pregunta por favor p\u00f3ngase en contacto con nosotros.<\/div>\n<\/div>\n<p><html><head><\/head><body><\/p>\n<p>\u00a0<font size=\"4\"><strong>PROTO J49007 JUEGO DE PUNZONES DE PIN DE 7 PIEZAS<\/strong><\/font> <\/p>\n<p><strong>CARACTER\u00cdSTICAS:<br \/><\/strong>One piece dise\u00f1o.<br \/>\u2022 Hecho de acero para herramientas y especialmente tratado t\u00e9rmicamente para mayor resistencia y ductilidad.<br \/>\u2022 Extremo de ataque parab\u00f3lico modificado para ayudar a reducir la formaci\u00f3n de hongos y astillas.<\/p>\n<p>Tama\u00f1os incluidos: 1\/16 &#8220;3\/32&#8221; 1\/8 &#8220;5\/32&#8221; 3\/16 &#8220;7\/32&#8221; 1\/4 &#8220;<\/p>\n<p><\/p>\n<p><\/p>\n<p>\u00a0HECHO EN EE.UU<\/p>\n<p><img decoding=\"async\" class=\"rg_i\" data-sz=\"f\" name=\"Y0sbd4ZqF-HotM:\" src=\"\" style=\"width: 185px; height: 185px; margin-top: -5px; margin-right: 0px; margin-left: 0px;\"\/><\/p>\n<p><!--VGMVAGRVKGEVRGFST--><!-- GVAVLVLVEVRVYV --> <center> <\/center> <!--VGMVAGRVKGEVRGSND--><!--VGPVRGOVMGOVMGAVRGKVEGRVFST--><center> <img decoding=\"async\" height=\"33\" src=\"https:\/\/imagehost.vendio.com\/img\/logos\/free-gallery.gif\" vspace=\"2\" width=\"88\"\/><br \/> <a target=\"_blank\"><font color=\"#0000FF\" face=\"Verdana, Arial, Helvetica, sans-serif\" size=\"2\"><b><\/p>\n<div id=\"vgalcredit\">Haga clic aqu\u00ed. Duplica tu tr\u00e1fico. Obtenga la Galer\u00eda Vendio &#8211; \u00a1Ahora GRATIS!<\/div>\n<p><\/b><\/font><\/a><\/p>\n<p> <\/center> <!--VGPVRGOVMGOVMGAVRGKVEGRVSND--><\/p>\n<p><center><img decoding=\"async\" src=\"https:\/\/pics.ebay.com\/aw\/pics\/viewitem\/fe\/imgFePowered_88x33.gif\"\/><\/center><\/p>\n<div style=\"display: none\">\n<div typeof=\"Product\" vocab=\"https:\/\/schema.org\/\"><span property=\"description\">\u00a0PROTO J49007 JUEGO DE PUNZONES DE PIN DE 7 PIEZAS CARACTER\u00cdSTICAS: One piece dise\u00f1o. \u2022 Hecho de acero para herramientas y especialmente tratado t\u00e9rmicamente para mayor resistencia y ductilidad. \u2022 Extremo de ataque parab\u00f3lico modificado para ayudar a reducir la formaci\u00f3n de hongos y astillas. Tama\u00f1os incluidos: 1\/16 &#8220;3\/32&#8221; 1\/8 &#8220;5\/32&#8221; 3\/16 &#8220;7\/32&#8243; 1\/4 &#8221; \u00a0HECHO EN EE.UU Haga clic aqu\u00ed. Duplica tu tr\u00e1fico. Obtenga la Galer\u00eda Vendio &#8211; \u00a1Ahora GRATIS! <\/span><\/div>\n<\/div>\n<p><\/body><\/html><\/p>\n<table>\n<tbody>\n<tr>\n<td>MPN<\/td>\n<td>j49007<\/td>\n<\/tr>\n<tr>\n<td>Brand<\/td>\n<td>Stanley<\/td>\n<\/tr>\n<tr>\n<td>UPC<\/td>\n<td>Does not apply<\/td>\n<\/tr>\n<tr>\n<td>Country\/Region of Manufacture<\/td>\n<td>United States<\/td>\n<\/tr>\n<tr>\n<td>Type<\/td>\n<td>Roll Pin Punch<\/td>\n<\/tr>\n<tr>\n<td>Number of Pieces<\/td>\n<td>7<\/td>\n<\/tr>\n<\/tbody>\n<\/table>\n","protected":false},"excerpt":{"rendered":"<p>Al realizar un pedido desde los EE. UU. los paquetes pueden estar sujetos a impuestos de importaci\u00f3n y a los aranceles, que el comprador debe pagar. Proto 7PC Rollo Conjunto de Punzones Hecho En Eeuu Esta ficha t\u00e9cnica del producto ha sido originalmente escrita en ingl\u00e9s. A continuaci\u00f3n puede encontrar una traducci\u00f3n autom\u00e1tica al espa\u00f1ol&#8230;.<\/p>\n","protected":false},"featured_media":4095,"comment_status":"closed","ping_status":"closed","template":"","meta":[],"product_brand":[],"product_cat":[21],"product_tag":[],"class_list":{"0":"post-4094","1":"product","2":"type-product","3":"status-publish","4":"has-post-thumbnail","6":"product_cat-other","7":"pa_ean-no-aplicable","8":"pa_marca-stanley","9":"pa_mpn-j49007","10":"pa_numero-de-piezas-2201","11":"pa_pais-region-de-fabricacion-estados-unidos","12":"pa_tipo-rodillo-punch","14":"first","15":"instock","16":"taxable","17":"shipping-taxable","18":"purchasable","19":"product-type-simple"},"_links":{"self":[{"href":"https:\/\/www.dwtool.com\/index.php?rest_route=\/wp\/v2\/product\/4094","targetHints":{"allow":["GET"]}}],"collection":[{"href":"https:\/\/www.dwtool.com\/index.php?rest_route=\/wp\/v2\/product"}],"about":[{"href":"https:\/\/www.dwtool.com\/index.php?rest_route=\/wp\/v2\/types\/product"}],"replies":[{"embeddable":true,"href":"https:\/\/www.dwtool.com\/index.php?rest_route=%2Fwp%2Fv2%2Fcomments&post=4094"}],"wp:featuredmedia":[{"embeddable":true,"href":"https:\/\/www.dwtool.com\/index.php?rest_route=\/wp\/v2\/media\/4095"}],"wp:attachment":[{"href":"https:\/\/www.dwtool.com\/index.php?rest_route=%2Fwp%2Fv2%2Fmedia&parent=4094"}],"wp:term":[{"taxonomy":"product_brand","embeddable":true,"href":"https:\/\/www.dwtool.com\/index.php?rest_route=%2Fwp%2Fv2%2Fproduct_brand&post=4094"},{"taxonomy":"product_cat","embeddable":true,"href":"https:\/\/www.dwtool.com\/index.php?rest_route=%2Fwp%2Fv2%2Fproduct_cat&post=4094"},{"taxonomy":"product_tag","embeddable":true,"href":"https:\/\/www.dwtool.com\/index.php?rest_route=%2Fwp%2Fv2%2Fproduct_tag&post=4094"}],"curies":[{"name":"wp","href":"https:\/\/api.w.org\/{rel}","templated":true}]}}