{"id":4522,"date":"2019-07-30T18:03:53","date_gmt":"2019-07-30T18:03:53","guid":{"rendered":"https:\/\/www.dwtool.com\/?product=lamina-de-metal-cortador-accesorio"},"modified":"2025-10-17T19:44:22","modified_gmt":"2025-10-17T19:44:22","slug":"lamina-de-metal-cortador-accesorio","status":"publish","type":"product","link":"https:\/\/www.dwtool.com\/?product=lamina-de-metal-cortador-accesorio","title":{"rendered":"L\u00e1mina de Metal Cortador Accesorio"},"content":{"rendered":"<p><meta name=\"viewport\" content=\"width=device-width, initial-scale=1.0\"><\/p>\n<div style=\"background-color: white !important; border:1px solid #ccc !important; width: 90% !important; padding: 6px !important; margin: auto !important; text-align: left !important; font-size:14px !important; line-height:24px !important;\">Al realizar un pedido desde los EE. UU. los paquetes pueden estar sujetos a impuestos de importaci\u00f3n y a los aranceles, que el comprador debe pagar.<\/p>\n<h2 style=\"font-size:18px !important;\">L\u00e1mina de Metal Cortador Accesorio<\/h2>\n<div>Esta ficha t\u00e9cnica del producto ha sido originalmente escrita en ingl\u00e9s. A continuaci\u00f3n puede encontrar una traducci\u00f3n autom\u00e1tica al espa\u00f1ol. Si usted tiene alguna pregunta por favor p\u00f3ngase en contacto con nosotros.<\/div>\n<\/div>\n<p><!--eBayMobile-Description-Text--><html><head><\/head><body>Para estrenar<br \/>CORTADOR DE NIBBLER de chapa<\/p>\n<p>Viene en una caja de metal con instrucciones. <br \/>Se utiliza con cualquier herramienta neum\u00e1tica Chicago Ingersoll Rand para realizar cortes precisos y limpios en superficies duras. <\/p>\n<p>Para el corte principal de chapa met\u00e1lica:<br \/>Placa de hierro: 1,8 mm m\u00e1x.<br \/>Placa de acero inoxidable: 1.0 mm m\u00e1x.<br \/>Para otros materiales de corte:<br \/>Placa de cobre o aluminio: 2.0 mm m\u00e1x.<br \/>Pl\u00e1stico o madera contrachapada: 2.0 mm m\u00e1x.<br \/>Excelente velocidad de corte de 2 metros por minuto con 3000 RPM. El mejor resultado de corte sin rebabas en los filos<\/p>\n<p>Direcci\u00f3n variable de 360\u00ba en funcionamiento<\/p>\n<p>Para ser equipado con cualquier taladro el\u00e9ctrico o taladro el\u00e9ctrico con 3000RPM<br \/>Dimensi\u00f3n total: 7 &#8220;x 2&#8221; x 3-1 \/ 4 &#8220;<\/p>\n<p>Jlismc-160a<!--eBayMobile-End--><br \/><!--eBayMobile-Signature-Text--><!--eBayMobile-End--><\/p>\n<hr\/>\n<p><span class=\"ebay\">El 29 y 14 de abril a las 02:54:09 PDT, el vendedor agreg\u00f3 la siguiente informaci\u00f3n:<\/span><\/p>\n<p <!--vgmvagrvkgevrgfst--=\"\"><!-- GVAVLVLVEVRVYV --> <\/p>\n<p><center> <\/center> <!--VGMVAGRVKGEVRGSND--><!--VGPVRGOVMGOVMGAVRGKVEGRVFST--><center> <img decoding=\"async\" height=\"33\" src=\"https:\/\/imagehost.vendio.com\/img\/logos\/free-gallery.gif\" vspace=\"2\" width=\"88\"\/><br \/> <a target=\"_blank\"><font color=\"#0000FF\" face=\"Verdana, Arial, Helvetica, sans-serif\" size=\"2\"><b><\/p>\n<div id=\"vgalcredit\">Haga clic aqu\u00ed. Duplica tu tr\u00e1fico. Obtenga la Galer\u00eda Vendio &#8211; \u00a1Ahora GRATIS!<\/div>\n<p><\/b><\/font><\/a><\/p>\n<p> <\/center> <!--VGPVRGOVMGOVMGAVRGKVEGRVSND--><\/p>\n<p><center><img decoding=\"async\" src=\"https:\/\/pics.ebay.com\/aw\/pics\/viewitem\/fe\/imgFePowered_88x33.gif\"\/><\/center><\/p>\n<div style=\"display: none\">\n<div typeof=\"Product\" vocab=\"https:\/\/schema.org\/\"><span property=\"description\">Para estrenar CORTADOR DE NIBBLER de chapa Viene en una caja de metal con instrucciones. Se utiliza con cualquier herramienta neum\u00e1tica Chicago Ingersoll Rand para realizar cortes precisos y limpios en superficies duras. Para el corte principal de chapa met\u00e1lica: Placa de hierro: 1,8 mm m\u00e1x. Placa de acero inoxidable: 1.0 mm m\u00e1x. Para otros materiales de corte: Placa de cobre o aluminio: 2.0 mm m\u00e1x. Pl\u00e1stico o madera contrachapada: 2.0 mm m\u00e1x. Excelente velocidad de corte de 2 metros por minuto con 3000 RPM. El mejor resultado de corte sin rebabas en los filos Direcci\u00f3n variable de 360\u00ba en funcionamiento Para ser equipado con cualquier taladro el\u00e9ctrico o taladro el\u00e9ctrico con 3000RPM Dimensi\u00f3n total: 7 &#8220;x 2&#8243; x 3-1 \/ 4 &#8221; Jlismc-160a El 29 y 14 de abril a las 02:54:09 PDT, el vendedor agr<\/span><\/div>\n<\/div>\n<p><\/body><\/html><\/p>\n<table>\n<tbody>\n<tr>\n<td>MPN<\/td>\n<td>Jlismc-160a<\/td>\n<\/tr>\n<tr>\n<td>Brand<\/td>\n<td>JLI<\/td>\n<\/tr>\n<tr>\n<td>UPC<\/td>\n<td>Does not apply<\/td>\n<\/tr>\n<\/tbody>\n<\/table>\n","protected":false},"excerpt":{"rendered":"<p>Al realizar un pedido desde los EE. UU. los paquetes pueden estar sujetos a impuestos de importaci\u00f3n y a los aranceles, que el comprador debe pagar. L\u00e1mina de Metal Cortador Accesorio Esta ficha t\u00e9cnica del producto ha sido originalmente escrita en ingl\u00e9s. A continuaci\u00f3n puede encontrar una traducci\u00f3n autom\u00e1tica al espa\u00f1ol. Si usted tiene alguna&#8230;<\/p>\n","protected":false},"featured_media":4523,"comment_status":"closed","ping_status":"closed","template":"","meta":[],"product_brand":[],"product_cat":[21],"product_tag":[],"class_list":{"0":"post-4522","1":"product","2":"type-product","3":"status-publish","4":"has-post-thumbnail","6":"product_cat-other","7":"pa_marca-jli","8":"pa_mpn-jlismc-160a","10":"first","11":"instock","12":"taxable","13":"shipping-taxable","14":"purchasable","15":"product-type-simple"},"_links":{"self":[{"href":"https:\/\/www.dwtool.com\/index.php?rest_route=\/wp\/v2\/product\/4522","targetHints":{"allow":["GET"]}}],"collection":[{"href":"https:\/\/www.dwtool.com\/index.php?rest_route=\/wp\/v2\/product"}],"about":[{"href":"https:\/\/www.dwtool.com\/index.php?rest_route=\/wp\/v2\/types\/product"}],"replies":[{"embeddable":true,"href":"https:\/\/www.dwtool.com\/index.php?rest_route=%2Fwp%2Fv2%2Fcomments&post=4522"}],"wp:featuredmedia":[{"embeddable":true,"href":"https:\/\/www.dwtool.com\/index.php?rest_route=\/wp\/v2\/media\/4523"}],"wp:attachment":[{"href":"https:\/\/www.dwtool.com\/index.php?rest_route=%2Fwp%2Fv2%2Fmedia&parent=4522"}],"wp:term":[{"taxonomy":"product_brand","embeddable":true,"href":"https:\/\/www.dwtool.com\/index.php?rest_route=%2Fwp%2Fv2%2Fproduct_brand&post=4522"},{"taxonomy":"product_cat","embeddable":true,"href":"https:\/\/www.dwtool.com\/index.php?rest_route=%2Fwp%2Fv2%2Fproduct_cat&post=4522"},{"taxonomy":"product_tag","embeddable":true,"href":"https:\/\/www.dwtool.com\/index.php?rest_route=%2Fwp%2Fv2%2Fproduct_tag&post=4522"}],"curies":[{"name":"wp","href":"https:\/\/api.w.org\/{rel}","templated":true}]}}